{"id":812,"date":"2022-12-07T18:04:27","date_gmt":"2022-12-07T17:04:27","guid":{"rendered":"https:\/\/stellplatzinprag.com\/rezervace-formular\/"},"modified":"2025-04-02T23:07:23","modified_gmt":"2025-04-02T21:07:23","slug":"reservation","status":"publish","type":"page","link":"https:\/\/stellplatzinprag.com\/en\/","title":{"rendered":"Reservation form"},"content":{"rendered":"<h1 style=\"text-align: center;\" id=\"rezervace\">Reservation<\/h1>\n<p><!-- \n\n<h1><span style=\"color: #ff0000;\">Sorry, we are fully booked from 9.5. - 11.5. Reservations are not possible during this period.<\/span><\/h1>\n\n\n\n\n<hr \/>\n\n --><\/p>\n<h2>Information:<\/h2>\n<ul>\n<li>It is always necessary to check in at <strong>reception: <a href=\"tel:+420602396398\">+420\u00a0602\u00a0396\u00a0398<\/a><\/strong><\/li>\n<li><strong>Arrival<\/strong> 14 &#8211; 19 (on request max. until 22.00)<\/li>\n<li><strong>Departure<\/strong> 8 &#8211; 11.30<\/li>\n<li>Do you want to arrive in the morning or leave in the evening? No problem, contact the reception!<\/li>\n<li><img loading=\"lazy\" decoding=\"async\" src=\"\/wp-content\/uploads\/2022\/07\/pdf.png\" alt=\"\" width=\"32\" height=\"29\" \/><span style=\"color: #ff0000;\"><strong> Complete price list for download:<\/strong><\/span><\/li>\n<\/ul>\n<p style=\"text-align: left;\"><a href=\"\/wp-content\/uploads\/2024\/03\/pdf\/CZ.pdf\" target=\"_blank\" rel=\"noopener\"><img loading=\"lazy\" decoding=\"async\" class=\"alignnone size-full wp-image-1096\" src=\"https:\/\/stellplatzinprag.com\/wp-content\/uploads\/2024\/03\/cz.jpg\" alt=\"\" width=\"76\" height=\"44\" \/><\/a> \u00a0\u00a0<a href=\"\/wp-content\/uploads\/2024\/03\/pdf\/EN.pdf\" target=\"_blank\" rel=\"noopener\"><img loading=\"lazy\" decoding=\"async\" class=\"alignnone size-full wp-image-1096\" src=\"https:\/\/stellplatzinprag.com\/wp-content\/uploads\/2024\/03\/en.jpg\" alt=\"\" width=\"76\" height=\"44\" \/><\/a> \u00a0\u00a0<a href=\"\/wp-content\/uploads\/2024\/03\/pdf\/DE.pdf\" target=\"_blank\" rel=\"noopener\"><img loading=\"lazy\" decoding=\"async\" class=\"alignnone size-full wp-image-1096\" src=\"https:\/\/stellplatzinprag.com\/wp-content\/uploads\/2024\/03\/de.jpg\" alt=\"\" width=\"76\" height=\"44\" \/><\/a> \u00a0\u00a0<a href=\"\/wp-content\/uploads\/2024\/03\/pdf\/FR.pdf\" target=\"_blank\" rel=\"noopener\"><img loading=\"lazy\" decoding=\"async\" class=\"alignnone size-full wp-image-1096\" src=\"https:\/\/stellplatzinprag.com\/wp-content\/uploads\/2024\/03\/fr.jpg\" alt=\"\" width=\"76\" height=\"44\" \/><\/a> \u00a0\u00a0<a href=\"\/wp-content\/uploads\/2024\/03\/pdf\/IT.pdf\" target=\"_blank\" rel=\"noopener\"><img loading=\"lazy\" decoding=\"async\" class=\"alignnone size-full wp-image-1096\" src=\"https:\/\/stellplatzinprag.com\/wp-content\/uploads\/2024\/03\/it.jpg\" alt=\"\" width=\"76\" height=\"44\" \/><\/a> \u00a0\u00a0<a href=\"\/wp-content\/uploads\/2024\/03\/pdf\/ESP.pdf\" target=\"_blank\" rel=\"noopener\"><img loading=\"lazy\" decoding=\"async\" class=\"alignnone size-full wp-image-1096\" src=\"https:\/\/stellplatzinprag.com\/wp-content\/uploads\/2024\/03\/esp.jpg\" alt=\"\" width=\"76\" height=\"44\" \/><\/a> \u00a0\u00a0<a href=\"\/wp-content\/uploads\/2024\/03\/pdf\/NL.pdf\" target=\"_blank\" rel=\"noopener\"><img loading=\"lazy\" decoding=\"async\" class=\"alignnone size-full wp-image-1096\" src=\"https:\/\/stellplatzinprag.com\/wp-content\/uploads\/2024\/03\/nl.jpg\" alt=\"\" width=\"76\" height=\"44\" \/><\/a> \u00a0\u00a0<a href=\"\/wp-content\/uploads\/2024\/03\/pdf\/RU.pdf\" target=\"_blank\" rel=\"noopener\"><img loading=\"lazy\" decoding=\"async\" class=\"alignnone size-full wp-image-1096\" src=\"https:\/\/stellplatzinprag.com\/wp-content\/uploads\/2024\/03\/rus.jpg\" alt=\"\" width=\"76\" height=\"44\" \/><\/a><\/p>\n<h3>Reservation form (<span style=\"color: #b32d2e;\">*<\/span> required fields):<\/h3>\n<div class=\"frm_forms  with_frm_style frm_style_formidable-style\" id=\"frm_form_2_container\" data-token=\"f54bd499243c81cbcbb4d23439308fa6\">\n<form enctype=\"multipart\/form-data\" method=\"post\" class=\"frm-show-form \" id=\"form_contact-form2\"  data-token=\"f54bd499243c81cbcbb4d23439308fa6\">\n<div class=\"frm_form_fields \">\n<fieldset>\n<legend class=\"frm_screen_reader\">Rezervace - EN<\/legend>\r\n\r\n<div class=\"frm_fields_container\">\n<input type=\"hidden\" name=\"frm_action\" value=\"create\" \/>\n<input type=\"hidden\" name=\"form_id\" value=\"2\" \/>\n<input type=\"hidden\" name=\"frm_hide_fields_2\" id=\"frm_hide_fields_2\" value=\"\" \/>\n<input type=\"hidden\" name=\"form_key\" value=\"contact-form2\" \/>\n<input type=\"hidden\" name=\"item_meta[0]\" value=\"\" \/>\n<input type=\"hidden\" id=\"frm_submit_entry_2\" name=\"frm_submit_entry_2\" value=\"649f97329d\" \/><input type=\"hidden\" name=\"_wp_http_referer\" value=\"\/en\/wp-json\/wp\/v2\/pages\/812\" \/><div id=\"frm_field_16_container\" class=\"frm_form_field form-field  frm_required_field frm_top_container frm6 kalendar frm_first\">\r\n    <label for=\"field_n4b902\" id=\"field_n4b902_label\" class=\"frm_primary_label\">Arrival date\r\n        <span class=\"frm_required\" aria-hidden=\"true\">*<\/span>\r\n    <\/label>\r\n    <input type=\"text\" id=\"field_n4b902\" name=\"item_meta[16]\" value=\"\"  data-reqmsg=\"This field cannot be blank.\" aria-required=\"true\" data-invmsg=\"Text is invalid\" aria-invalid=\"false\"  \/>\r\n    \r\n    \r\n<\/div>\n<div id=\"frm_field_17_container\" class=\"frm_form_field form-field  frm_required_field frm_top_container frm6 kalendar\">\r\n    <label for=\"field_n4b862\" id=\"field_n4b862_label\" class=\"frm_primary_label\">Departure date\r\n        <span class=\"frm_required\" aria-hidden=\"true\">*<\/span>\r\n    <\/label>\r\n    <input type=\"text\" id=\"field_n4b862\" name=\"item_meta[17]\" value=\"\"  data-reqmsg=\"This field cannot be blank.\" aria-required=\"true\" data-invmsg=\"Text is invalid\" aria-invalid=\"false\"  \/>\r\n    \r\n    \r\n<\/div>\n<div id=\"frm_field_18_container\" class=\"frm_form_field form-field  frm_required_field frm_top_container frm6 frm_first vertical_radio\">\r\n    <div  id=\"field_dqytc2_label\" class=\"frm_primary_label\">Please select the type of car:\r\n        <span class=\"frm_required\" aria-hidden=\"true\">*<\/span>\r\n    <\/div>\r\n    <div class=\"frm_opt_container\" aria-labelledby=\"field_dqytc2_label\" role=\"group\">\t\t<div class=\"frm_checkbox\" id=\"frm_checkbox_18-0\"><label for=\"field_dqytc2-0\"><input type=\"checkbox\" name=\"item_meta[18][]\" id=\"field_dqytc2-0\" value=\"Small car up to six metres\"  data-reqmsg=\"This field cannot be blank.\" aria-required=\"true\" data-invmsg=\"Please select the type of car: is invalid\" aria-invalid=\"false\"   \/> Small car up to six metres<\/label><\/div>\n\t\t<div class=\"frm_checkbox\" id=\"frm_checkbox_18-1\"><label for=\"field_dqytc2-1\"><input type=\"checkbox\" name=\"item_meta[18][]\" id=\"field_dqytc2-1\" value=\"Big car up to eight metres\"  data-reqmsg=\"This field cannot be blank.\" aria-required=\"true\" data-invmsg=\"Please select the type of car: is invalid\" aria-invalid=\"false\"   \/> Big car up to eight metres<\/label><\/div>\n\t\t<div class=\"frm_checkbox\" id=\"frm_checkbox_18-2\"><label for=\"field_dqytc2-2\"><input type=\"checkbox\" name=\"item_meta[18][]\" id=\"field_dqytc2-2\" value=\"Maxi car up to eleven metres\"  data-reqmsg=\"This field cannot be blank.\" aria-required=\"true\" data-invmsg=\"Please select the type of car: is invalid\" aria-invalid=\"false\"   \/> Maxi car up to eleven metres<\/label><\/div>\n\t\t<div class=\"frm_checkbox\" id=\"frm_checkbox_18-3\"><label for=\"field_dqytc2-3\"><input type=\"checkbox\" name=\"item_meta[18][]\" id=\"field_dqytc2-3\" value=\"Car with trailer\"  data-reqmsg=\"This field cannot be blank.\" aria-required=\"true\" data-invmsg=\"Please select the type of car: is invalid\" aria-invalid=\"false\"   \/> Car with trailer<\/label><\/div>\n<\/div>\r\n    \r\n    \r\n<\/div>\n<div id=\"frm_field_19_container\" class=\"frm_form_field form-field  frm_required_field frm_top_container frm6 vertical_radio\">\r\n    <div  id=\"field_2jdv_label\" class=\"frm_primary_label\">I require:\r\n        <span class=\"frm_required\" aria-hidden=\"true\">*<\/span>\r\n    <\/div>\r\n    <div class=\"frm_opt_container\" aria-labelledby=\"field_2jdv_label\" role=\"group\">\t\t<div class=\"frm_checkbox\" id=\"frm_checkbox_19-0\"><label for=\"field_2jdv-0\"><input type=\"checkbox\" name=\"item_meta[19][]\" id=\"field_2jdv-0\" value=\"Parking with electric connection\"  data-reqmsg=\"This field cannot be blank.\" aria-required=\"true\" data-invmsg=\"I require: is invalid\" aria-invalid=\"false\"   \/> Parking with electric connection<\/label><\/div>\n\t\t<div class=\"frm_checkbox\" id=\"frm_checkbox_19-1\"><label for=\"field_2jdv-1\"><input type=\"checkbox\" name=\"item_meta[19][]\" id=\"field_2jdv-1\" value=\"Parking without elektrical connection\"  data-reqmsg=\"This field cannot be blank.\" aria-required=\"true\" data-invmsg=\"I require: is invalid\" aria-invalid=\"false\"   \/> Parking without elektrical connection<\/label><\/div>\n<\/div>\r\n    \r\n    \r\n<\/div>\n<div id=\"frm_field_41_container\" class=\"frm_form_field form-field  frm_required_field frm_top_container frm6 frm_first\">\r\n    <label for=\"field_s3ycc\" id=\"field_s3ycc_label\" class=\"frm_primary_label\">Car model\/make\r\n        <span class=\"frm_required\" aria-hidden=\"true\">*<\/span>\r\n    <\/label>\r\n    <input type=\"text\" id=\"field_s3ycc\" name=\"item_meta[41]\" value=\"\"  data-reqmsg=\"This field cannot be blank.\" aria-required=\"true\" data-invmsg=\"Text is invalid\" aria-invalid=\"false\"  \/>\r\n    \r\n    \r\n<\/div>\n<div id=\"frm_field_42_container\" class=\"frm_form_field form-field  frm_required_field frm_top_container frm6\">\r\n    <label for=\"field_ngmv2\" id=\"field_ngmv2_label\" class=\"frm_primary_label\">Car length\r\n        <span class=\"frm_required\" aria-hidden=\"true\">*<\/span>\r\n    <\/label>\r\n    <input type=\"text\" id=\"field_ngmv2\" name=\"item_meta[42]\" value=\"\"  data-reqmsg=\"This field cannot be blank.\" aria-required=\"true\" data-invmsg=\"Text is invalid\" aria-invalid=\"false\"  \/>\r\n    \r\n    \r\n<\/div>\n<div id=\"frm_field_20_container\" class=\"frm_form_field form-field  frm_required_field frm_top_container frm6 frm_first\">\r\n    <label for=\"field_qh4icy2\" id=\"field_qh4icy2_label\" class=\"frm_primary_label\">Name\r\n        <span class=\"frm_required\" aria-hidden=\"true\">*<\/span>\r\n    <\/label>\r\n    <input type=\"text\" id=\"field_qh4icy2\" name=\"item_meta[20]\" value=\"\"  data-reqmsg=\"This field cannot be blank.\" aria-required=\"true\" data-invmsg=\"Name is invalid\" aria-invalid=\"false\"  \/>\r\n    \r\n    \r\n<\/div>\n<div id=\"frm_field_21_container\" class=\"frm_form_field form-field  frm_required_field frm_top_container frm6\">\r\n    <label for=\"field_jxej52\" id=\"field_jxej52_label\" class=\"frm_primary_label\">Telephone (including international area code!)\r\n        <span class=\"frm_required\" aria-hidden=\"true\">*<\/span>\r\n    <\/label>\r\n    <input type=\"text\" id=\"field_jxej52\" name=\"item_meta[21]\" value=\"\"  placeholder=\"+420\" data-reqmsg=\"This field cannot be blank.\" aria-required=\"true\" data-invmsg=\"Text is invalid\" aria-invalid=\"false\"  \/>\r\n    \r\n    \r\n<\/div>\n<div id=\"frm_field_22_container\" class=\"frm_form_field form-field  frm_required_field frm_top_container frm6 frm_first\">\r\n    <label for=\"field_29yf4d2\" id=\"field_29yf4d2_label\" class=\"frm_primary_label\">Email\r\n        <span class=\"frm_required\" aria-hidden=\"true\">*<\/span>\r\n    <\/label>\r\n    <input type=\"email\" id=\"field_29yf4d2\" name=\"item_meta[22]\" value=\"\"  data-reqmsg=\"This field cannot be blank.\" aria-required=\"true\" data-invmsg=\"Please enter a valid email address\" aria-invalid=\"false\"  \/>\r\n    \r\n    \r\n<\/div>\n<div id=\"frm_field_23_container\" class=\"frm_form_field form-field  frm_top_container frm6\">\r\n    <label for=\"field_jlch2\" id=\"field_jlch2_label\" class=\"frm_primary_label\">Licence plate\r\n        <span class=\"frm_required\" aria-hidden=\"true\"><\/span>\r\n    <\/label>\r\n    <input type=\"text\" id=\"field_jlch2\" name=\"item_meta[23]\" value=\"\"  data-invmsg=\"Text is invalid\" aria-invalid=\"false\"  \/>\r\n    \r\n    \r\n<\/div>\n<div id=\"frm_field_38_container\" class=\"frm_form_field form-field  frm_top_container frm6 frm_first\">\r\n    <label for=\"field_vpew0\" id=\"field_vpew0_label\" class=\"frm_primary_label\">Please, how did you hear about us?\r\n        <span class=\"frm_required\" aria-hidden=\"true\"><\/span>\r\n    <\/label>\r\n    <textarea name=\"item_meta[38]\" id=\"field_vpew0\" rows=\"3\"  data-invmsg=\"Please, how did you hear about us? is invalid\" aria-invalid=\"false\"  ><\/textarea>\r\n    \r\n    \r\n<\/div>\n<div id=\"frm_field_24_container\" class=\"frm_form_field form-field  frm_top_container frm6\">\r\n    <label for=\"field_9jv0r12\" id=\"field_9jv0r12_label\" class=\"frm_primary_label\">Note\r\n        <span class=\"frm_required\" aria-hidden=\"true\"><\/span>\r\n    <\/label>\r\n    <textarea name=\"item_meta[24]\" id=\"field_9jv0r12\" rows=\"3\"  data-invmsg=\"Note is invalid\" aria-invalid=\"false\"  ><\/textarea>\r\n    \r\n    \r\n<\/div>\n<div id=\"frm_field_25_container\" class=\"frm_form_field form-field  frm_required_field frm_top_container vertical_radio\">\r\n    <div  id=\"field_xs1kr2_label\" class=\"frm_primary_label\">Data Protection\r\n        <span class=\"frm_required\" aria-hidden=\"true\">*<\/span>\r\n    <\/div>\r\n    <div class=\"frm_opt_container\" aria-labelledby=\"field_xs1kr2_label\" role=\"group\">\t\t<div class=\"frm_checkbox\" id=\"frm_checkbox_25-0\"><label for=\"field_xs1kr2-0\"><input type=\"checkbox\" name=\"item_meta[25][]\" id=\"field_xs1kr2-0\" value=\"&lt;p&gt;&lt;span style=&quot;font-size: 13pt;&quot;&gt;&lt;a href=&quot;\/wp-content\/uploads\/2022\/12\/gdpr_en.pdf&quot; target=&quot;_blank&quot; rel=&quot;noopener&quot;&gt;I agree to the processing of personal data&lt;\/a&gt;&lt;\/span&gt;&lt;\/p&gt;\"  data-reqmsg=\"This field cannot be blank.\" aria-required=\"true\" data-invmsg=\"Data Protection is invalid\" aria-invalid=\"false\"   \/> <p><span style=\"font-size: 13pt\"><a href=\"\/wp-content\/uploads\/2022\/12\/gdpr_en.pdf\" target=\"_blank\" rel=\"noopener\">I agree to the processing of personal data<\/a><\/span><\/p><\/label><\/div>\n<\/div>\r\n    \r\n    \r\n<\/div>\n\t<input type=\"hidden\" name=\"item_key\" value=\"\" \/>\n\t\t\t\t<div class=\"frm_verify\" aria-hidden=\"true\">\n\t\t\t\t<label for=\"frm_email_2\">\n\t\t\t\t\tIf you are human, leave this field blank.\t\t\t\t<\/label>\n\t\t\t\t<input type=\"text\" class=\"frm_verify\" id=\"frm_email_2\" name=\"frm_verify\" value=\"\"  \/>\n\t\t\t<\/div>\n\t\t<div class=\"frm_submit\">\r\n\r\n<button class=\"frm_button_submit\" type=\"submit\"  >Send<\/button>\r\n\r\n<\/div><\/div>\n<\/fieldset>\n<\/div>\n<\/form>\n<\/div>\n\n","protected":false},"excerpt":{"rendered":"<p>Reservation Information: It is always necessary to check in at reception: +420\u00a0602\u00a0396\u00a0398 Arrival 14 &#8211; 19 (on request max. until 22.00) Departure 8 &#8211; 11.30 Do you want to arrive in the morning or leave in the evening? No problem, &hellip; <a href=\"https:\/\/stellplatzinprag.com\/en\/\">Continue reading <span class=\"meta-nav\">&rarr;<\/span><\/a><\/p>\n","protected":false},"author":2,"featured_media":0,"parent":0,"menu_order":0,"comment_status":"closed","ping_status":"closed","template":"","meta":{"footnotes":""},"class_list":["post-812","page","type-page","status-publish","hentry"],"yoast_head":"<!-- This site is optimized with the Yoast SEO plugin v27.4 - https:\/\/yoast.com\/product\/yoast-seo-wordpress\/ -->\n<title>Reservation form - Bulliro Stellplatz Praha 6<\/title>\n<meta name=\"robots\" content=\"index, follow, max-snippet:-1, max-image-preview:large, max-video-preview:-1\" \/>\n<link rel=\"canonical\" href=\"https:\/\/stellplatzinprag.com\/en\/reservation\/\" \/>\n<meta property=\"og:locale\" content=\"en_US\" \/>\n<meta property=\"og:type\" content=\"article\" \/>\n<meta property=\"og:title\" content=\"Reservation form - Bulliro Stellplatz Praha 6\" \/>\n<meta property=\"og:description\" content=\"Reservation Information: It is always necessary to check in at reception: +420\u00a0602\u00a0396\u00a0398 Arrival 14 &#8211; 19 (on request max. until 22.00) Departure 8 &#8211; 11.30 Do you want to arrive in the morning or leave in the evening? No problem, &hellip; Continue reading &rarr;\" \/>\n<meta property=\"og:url\" content=\"https:\/\/stellplatzinprag.com\/en\/reservation\/\" \/>\n<meta property=\"og:site_name\" content=\"Bulliro Stellplatz Praha 6\" \/>\n<meta property=\"article:modified_time\" content=\"2025-04-02T21:07:23+00:00\" \/>\n<meta property=\"og:image\" content=\"https:\/\/stellplatzinprag.com\/wp-content\/uploads\/2024\/03\/cz.jpg\" \/>\n<meta name=\"twitter:card\" content=\"summary_large_image\" \/>\n<meta name=\"twitter:label1\" content=\"Est. reading time\" \/>\n\t<meta name=\"twitter:data1\" content=\"3 minutes\" \/>\n<script type=\"application\/ld+json\" class=\"yoast-schema-graph\">{\"@context\":\"https:\\\/\\\/schema.org\",\"@graph\":[{\"@type\":\"WebPage\",\"@id\":\"https:\\\/\\\/stellplatzinprag.com\\\/en\\\/reservation\\\/\",\"url\":\"https:\\\/\\\/stellplatzinprag.com\\\/en\\\/reservation\\\/\",\"name\":\"Reservation form - Bulliro Stellplatz Praha 6\",\"isPartOf\":{\"@id\":\"https:\\\/\\\/stellplatzinprag.com\\\/#website\"},\"primaryImageOfPage\":{\"@id\":\"https:\\\/\\\/stellplatzinprag.com\\\/en\\\/reservation\\\/#primaryimage\"},\"image\":{\"@id\":\"https:\\\/\\\/stellplatzinprag.com\\\/en\\\/reservation\\\/#primaryimage\"},\"thumbnailUrl\":\"https:\\\/\\\/stellplatzinprag.com\\\/wp-content\\\/uploads\\\/2024\\\/03\\\/cz.jpg\",\"datePublished\":\"2022-12-07T17:04:27+00:00\",\"dateModified\":\"2025-04-02T21:07:23+00:00\",\"breadcrumb\":{\"@id\":\"https:\\\/\\\/stellplatzinprag.com\\\/en\\\/reservation\\\/#breadcrumb\"},\"inLanguage\":\"en-US\",\"potentialAction\":[{\"@type\":\"ReadAction\",\"target\":[\"https:\\\/\\\/stellplatzinprag.com\\\/en\\\/reservation\\\/\"]}]},{\"@type\":\"ImageObject\",\"inLanguage\":\"en-US\",\"@id\":\"https:\\\/\\\/stellplatzinprag.com\\\/en\\\/reservation\\\/#primaryimage\",\"url\":\"https:\\\/\\\/stellplatzinprag.com\\\/wp-content\\\/uploads\\\/2024\\\/03\\\/cz.jpg\",\"contentUrl\":\"https:\\\/\\\/stellplatzinprag.com\\\/wp-content\\\/uploads\\\/2024\\\/03\\\/cz.jpg\"},{\"@type\":\"BreadcrumbList\",\"@id\":\"https:\\\/\\\/stellplatzinprag.com\\\/en\\\/reservation\\\/#breadcrumb\",\"itemListElement\":[{\"@type\":\"ListItem\",\"position\":1,\"name\":\"Dom\u016f\",\"item\":\"https:\\\/\\\/stellplatzinprag.com\\\/en\\\/reservation\\\/\"},{\"@type\":\"ListItem\",\"position\":2,\"name\":\"Reservation form\"}]},{\"@type\":\"WebSite\",\"@id\":\"https:\\\/\\\/stellplatzinprag.com\\\/#website\",\"url\":\"https:\\\/\\\/stellplatzinprag.com\\\/\",\"name\":\"Bulliro Stellplatz Praha 6\",\"description\":\"Parkov\u00e1n\u00ed obytn\u00fdch automobil\u016f p\u0159i z\u00e1padn\u00edm okraji Prahy\",\"potentialAction\":[{\"@type\":\"SearchAction\",\"target\":{\"@type\":\"EntryPoint\",\"urlTemplate\":\"https:\\\/\\\/stellplatzinprag.com\\\/?s={search_term_string}\"},\"query-input\":{\"@type\":\"PropertyValueSpecification\",\"valueRequired\":true,\"valueName\":\"search_term_string\"}}],\"inLanguage\":\"en-US\"}]}<\/script>\n<!-- \/ Yoast SEO plugin. -->","yoast_head_json":{"title":"Reservation form - Bulliro Stellplatz Praha 6","robots":{"index":"index","follow":"follow","max-snippet":"max-snippet:-1","max-image-preview":"max-image-preview:large","max-video-preview":"max-video-preview:-1"},"canonical":"https:\/\/stellplatzinprag.com\/en\/reservation\/","og_locale":"en_US","og_type":"article","og_title":"Reservation form - Bulliro Stellplatz Praha 6","og_description":"Reservation Information: It is always necessary to check in at reception: +420\u00a0602\u00a0396\u00a0398 Arrival 14 &#8211; 19 (on request max. until 22.00) Departure 8 &#8211; 11.30 Do you want to arrive in the morning or leave in the evening? No problem, &hellip; Continue reading &rarr;","og_url":"https:\/\/stellplatzinprag.com\/en\/reservation\/","og_site_name":"Bulliro Stellplatz Praha 6","article_modified_time":"2025-04-02T21:07:23+00:00","og_image":[{"url":"https:\/\/stellplatzinprag.com\/wp-content\/uploads\/2024\/03\/cz.jpg","type":"","width":"","height":""}],"twitter_card":"summary_large_image","twitter_misc":{"Est. reading time":"3 minutes"},"schema":{"@context":"https:\/\/schema.org","@graph":[{"@type":"WebPage","@id":"https:\/\/stellplatzinprag.com\/en\/reservation\/","url":"https:\/\/stellplatzinprag.com\/en\/reservation\/","name":"Reservation form - Bulliro Stellplatz Praha 6","isPartOf":{"@id":"https:\/\/stellplatzinprag.com\/#website"},"primaryImageOfPage":{"@id":"https:\/\/stellplatzinprag.com\/en\/reservation\/#primaryimage"},"image":{"@id":"https:\/\/stellplatzinprag.com\/en\/reservation\/#primaryimage"},"thumbnailUrl":"https:\/\/stellplatzinprag.com\/wp-content\/uploads\/2024\/03\/cz.jpg","datePublished":"2022-12-07T17:04:27+00:00","dateModified":"2025-04-02T21:07:23+00:00","breadcrumb":{"@id":"https:\/\/stellplatzinprag.com\/en\/reservation\/#breadcrumb"},"inLanguage":"en-US","potentialAction":[{"@type":"ReadAction","target":["https:\/\/stellplatzinprag.com\/en\/reservation\/"]}]},{"@type":"ImageObject","inLanguage":"en-US","@id":"https:\/\/stellplatzinprag.com\/en\/reservation\/#primaryimage","url":"https:\/\/stellplatzinprag.com\/wp-content\/uploads\/2024\/03\/cz.jpg","contentUrl":"https:\/\/stellplatzinprag.com\/wp-content\/uploads\/2024\/03\/cz.jpg"},{"@type":"BreadcrumbList","@id":"https:\/\/stellplatzinprag.com\/en\/reservation\/#breadcrumb","itemListElement":[{"@type":"ListItem","position":1,"name":"Dom\u016f","item":"https:\/\/stellplatzinprag.com\/en\/reservation\/"},{"@type":"ListItem","position":2,"name":"Reservation form"}]},{"@type":"WebSite","@id":"https:\/\/stellplatzinprag.com\/#website","url":"https:\/\/stellplatzinprag.com\/","name":"Bulliro Stellplatz Praha 6","description":"Parkov\u00e1n\u00ed obytn\u00fdch automobil\u016f p\u0159i z\u00e1padn\u00edm okraji Prahy","potentialAction":[{"@type":"SearchAction","target":{"@type":"EntryPoint","urlTemplate":"https:\/\/stellplatzinprag.com\/?s={search_term_string}"},"query-input":{"@type":"PropertyValueSpecification","valueRequired":true,"valueName":"search_term_string"}}],"inLanguage":"en-US"}]}},"_links":{"self":[{"href":"https:\/\/stellplatzinprag.com\/en\/wp-json\/wp\/v2\/pages\/812","targetHints":{"allow":["GET"]}}],"collection":[{"href":"https:\/\/stellplatzinprag.com\/en\/wp-json\/wp\/v2\/pages"}],"about":[{"href":"https:\/\/stellplatzinprag.com\/en\/wp-json\/wp\/v2\/types\/page"}],"author":[{"embeddable":true,"href":"https:\/\/stellplatzinprag.com\/en\/wp-json\/wp\/v2\/users\/2"}],"replies":[{"embeddable":true,"href":"https:\/\/stellplatzinprag.com\/en\/wp-json\/wp\/v2\/comments?post=812"}],"version-history":[{"count":11,"href":"https:\/\/stellplatzinprag.com\/en\/wp-json\/wp\/v2\/pages\/812\/revisions"}],"predecessor-version":[{"id":1184,"href":"https:\/\/stellplatzinprag.com\/en\/wp-json\/wp\/v2\/pages\/812\/revisions\/1184"}],"wp:attachment":[{"href":"https:\/\/stellplatzinprag.com\/en\/wp-json\/wp\/v2\/media?parent=812"}],"curies":[{"name":"wp","href":"https:\/\/api.w.org\/{rel}","templated":true}]}}