{"id":774,"date":"2022-02-21T21:10:51","date_gmt":"2022-02-21T20:10:51","guid":{"rendered":"https:\/\/stellplatzinprag.com\/rezervace\/"},"modified":"2022-12-11T16:41:12","modified_gmt":"2022-12-11T15:41:12","slug":"rezervace","status":"publish","type":"page","link":"https:\/\/stellplatzinprag.com\/en\/rezervace\/","title":{"rendered":"Reservation"},"content":{"rendered":"<h1 style=\"text-align: left;\">Reservation Stellplatz Prague 6<\/h1>\n<p>&nbsp;<\/p>\n<p style=\"text-align: center;\">For dates and recreational vehicle parking options, please contact us via  <strong><a href=\"\/en\/reservation\/\">the reservation form<\/a><\/strong> or the contacts below: <\/p>\n<p style=\"text-align: center;\">email: <a href=\"mailto:stellplatzinprag@gmail.com\">stellplatzinprag@gmail.com<\/a><\/p>\n<p style=\"text-align: center;\">or<\/p>\n<p style=\"text-align: center;\">phone: <a href=\"tel:+420602396395\">+420 602 396 395<\/a><\/p>\n<p style=\"text-align: center;\">We will contact you shortly.<\/p>\n<p>&nbsp;<\/p>\n<p style=\"text-align: center;\">Thank you for your interest.<\/p>\n","protected":false},"excerpt":{"rendered":"<p>Reservation Stellplatz Prague 6 &nbsp; For dates and recreational vehicle parking options, please contact us via the reservation form or the contacts below: email: stellplatzinprag@gmail.com or phone: +420 602 396 395 We will contact you shortly. &nbsp; Thank you for &hellip; <a href=\"https:\/\/stellplatzinprag.com\/en\/rezervace\/\">Continue reading <span class=\"meta-nav\">&rarr;<\/span><\/a><\/p>\n","protected":false},"author":2,"featured_media":0,"parent":0,"menu_order":0,"comment_status":"closed","ping_status":"closed","template":"","meta":{"footnotes":""},"class_list":["post-774","page","type-page","status-publish","hentry"],"yoast_head":"<!-- This site is optimized with the Yoast SEO plugin v27.4 - https:\/\/yoast.com\/product\/yoast-seo-wordpress\/ -->\n<title>Reservation - Bulliro Stellplatz Praha 6<\/title>\n<meta name=\"robots\" content=\"index, follow, max-snippet:-1, max-image-preview:large, max-video-preview:-1\" \/>\n<link rel=\"canonical\" href=\"https:\/\/stellplatzinprag.com\/rezervace\/\" \/>\n<meta property=\"og:locale\" content=\"en_US\" \/>\n<meta property=\"og:type\" content=\"article\" \/>\n<meta property=\"og:title\" content=\"Reservation - Bulliro Stellplatz Praha 6\" \/>\n<meta property=\"og:description\" content=\"Reservation Stellplatz Prague 6 &nbsp; For dates and recreational vehicle parking options, please contact us via the reservation form or the contacts below: email: stellplatzinprag@gmail.com or phone: +420 602 396 395 We will contact you shortly. &nbsp; Thank you for &hellip; Continue reading &rarr;\" \/>\n<meta property=\"og:url\" content=\"https:\/\/stellplatzinprag.com\/rezervace\/\" \/>\n<meta property=\"og:site_name\" content=\"Bulliro Stellplatz Praha 6\" \/>\n<meta property=\"article:modified_time\" content=\"2022-12-11T15:41:12+00:00\" \/>\n<meta name=\"twitter:card\" content=\"summary_large_image\" \/>\n<meta name=\"twitter:label1\" content=\"Est. reading time\" \/>\n\t<meta name=\"twitter:data1\" content=\"1 minute\" \/>\n<script type=\"application\/ld+json\" class=\"yoast-schema-graph\">{\"@context\":\"https:\\\/\\\/schema.org\",\"@graph\":[{\"@type\":\"WebPage\",\"@id\":\"https:\\\/\\\/stellplatzinprag.com\\\/rezervace\\\/\",\"url\":\"https:\\\/\\\/stellplatzinprag.com\\\/rezervace\\\/\",\"name\":\"Reservation - Bulliro Stellplatz Praha 6\",\"isPartOf\":{\"@id\":\"https:\\\/\\\/stellplatzinprag.com\\\/#website\"},\"datePublished\":\"2022-02-21T20:10:51+00:00\",\"dateModified\":\"2022-12-11T15:41:12+00:00\",\"breadcrumb\":{\"@id\":\"https:\\\/\\\/stellplatzinprag.com\\\/rezervace\\\/#breadcrumb\"},\"inLanguage\":\"en-US\",\"potentialAction\":[{\"@type\":\"ReadAction\",\"target\":[\"https:\\\/\\\/stellplatzinprag.com\\\/rezervace\\\/\"]}]},{\"@type\":\"BreadcrumbList\",\"@id\":\"https:\\\/\\\/stellplatzinprag.com\\\/rezervace\\\/#breadcrumb\",\"itemListElement\":[{\"@type\":\"ListItem\",\"position\":1,\"name\":\"Dom\u016f\",\"item\":\"https:\\\/\\\/stellplatzinprag.com\\\/en\\\/reservation\\\/\"},{\"@type\":\"ListItem\",\"position\":2,\"name\":\"Reservation\"}]},{\"@type\":\"WebSite\",\"@id\":\"https:\\\/\\\/stellplatzinprag.com\\\/#website\",\"url\":\"https:\\\/\\\/stellplatzinprag.com\\\/\",\"name\":\"Bulliro Stellplatz Praha 6\",\"description\":\"Parkov\u00e1n\u00ed obytn\u00fdch automobil\u016f p\u0159i z\u00e1padn\u00edm okraji Prahy\",\"potentialAction\":[{\"@type\":\"SearchAction\",\"target\":{\"@type\":\"EntryPoint\",\"urlTemplate\":\"https:\\\/\\\/stellplatzinprag.com\\\/?s={search_term_string}\"},\"query-input\":{\"@type\":\"PropertyValueSpecification\",\"valueRequired\":true,\"valueName\":\"search_term_string\"}}],\"inLanguage\":\"en-US\"}]}<\/script>\n<!-- \/ Yoast SEO plugin. -->","yoast_head_json":{"title":"Reservation - Bulliro Stellplatz Praha 6","robots":{"index":"index","follow":"follow","max-snippet":"max-snippet:-1","max-image-preview":"max-image-preview:large","max-video-preview":"max-video-preview:-1"},"canonical":"https:\/\/stellplatzinprag.com\/rezervace\/","og_locale":"en_US","og_type":"article","og_title":"Reservation - Bulliro Stellplatz Praha 6","og_description":"Reservation Stellplatz Prague 6 &nbsp; For dates and recreational vehicle parking options, please contact us via the reservation form or the contacts below: email: stellplatzinprag@gmail.com or phone: +420 602 396 395 We will contact you shortly. &nbsp; Thank you for &hellip; Continue reading &rarr;","og_url":"https:\/\/stellplatzinprag.com\/rezervace\/","og_site_name":"Bulliro Stellplatz Praha 6","article_modified_time":"2022-12-11T15:41:12+00:00","twitter_card":"summary_large_image","twitter_misc":{"Est. reading time":"1 minute"},"schema":{"@context":"https:\/\/schema.org","@graph":[{"@type":"WebPage","@id":"https:\/\/stellplatzinprag.com\/rezervace\/","url":"https:\/\/stellplatzinprag.com\/rezervace\/","name":"Reservation - Bulliro Stellplatz Praha 6","isPartOf":{"@id":"https:\/\/stellplatzinprag.com\/#website"},"datePublished":"2022-02-21T20:10:51+00:00","dateModified":"2022-12-11T15:41:12+00:00","breadcrumb":{"@id":"https:\/\/stellplatzinprag.com\/rezervace\/#breadcrumb"},"inLanguage":"en-US","potentialAction":[{"@type":"ReadAction","target":["https:\/\/stellplatzinprag.com\/rezervace\/"]}]},{"@type":"BreadcrumbList","@id":"https:\/\/stellplatzinprag.com\/rezervace\/#breadcrumb","itemListElement":[{"@type":"ListItem","position":1,"name":"Dom\u016f","item":"https:\/\/stellplatzinprag.com\/en\/reservation\/"},{"@type":"ListItem","position":2,"name":"Reservation"}]},{"@type":"WebSite","@id":"https:\/\/stellplatzinprag.com\/#website","url":"https:\/\/stellplatzinprag.com\/","name":"Bulliro Stellplatz Praha 6","description":"Parkov\u00e1n\u00ed obytn\u00fdch automobil\u016f p\u0159i z\u00e1padn\u00edm okraji Prahy","potentialAction":[{"@type":"SearchAction","target":{"@type":"EntryPoint","urlTemplate":"https:\/\/stellplatzinprag.com\/?s={search_term_string}"},"query-input":{"@type":"PropertyValueSpecification","valueRequired":true,"valueName":"search_term_string"}}],"inLanguage":"en-US"}]}},"_links":{"self":[{"href":"https:\/\/stellplatzinprag.com\/en\/wp-json\/wp\/v2\/pages\/774","targetHints":{"allow":["GET"]}}],"collection":[{"href":"https:\/\/stellplatzinprag.com\/en\/wp-json\/wp\/v2\/pages"}],"about":[{"href":"https:\/\/stellplatzinprag.com\/en\/wp-json\/wp\/v2\/types\/page"}],"author":[{"embeddable":true,"href":"https:\/\/stellplatzinprag.com\/en\/wp-json\/wp\/v2\/users\/2"}],"replies":[{"embeddable":true,"href":"https:\/\/stellplatzinprag.com\/en\/wp-json\/wp\/v2\/comments?post=774"}],"version-history":[{"count":6,"href":"https:\/\/stellplatzinprag.com\/en\/wp-json\/wp\/v2\/pages\/774\/revisions"}],"predecessor-version":[{"id":861,"href":"https:\/\/stellplatzinprag.com\/en\/wp-json\/wp\/v2\/pages\/774\/revisions\/861"}],"wp:attachment":[{"href":"https:\/\/stellplatzinprag.com\/en\/wp-json\/wp\/v2\/media?parent=774"}],"curies":[{"name":"wp","href":"https:\/\/api.w.org\/{rel}","templated":true}]}}