{"id":547,"date":"2021-02-22T15:50:48","date_gmt":"2021-02-22T14:50:48","guid":{"rendered":"https:\/\/stellplatzinprag.com\/?page_id=547"},"modified":"2021-04-18T19:50:35","modified_gmt":"2021-04-18T17:50:35","slug":"excursions","status":"publish","type":"page","link":"https:\/\/stellplatzinprag.com\/en\/excursions\/","title":{"rendered":"Excursions"},"content":{"rendered":"<h1>Excursions<\/h1>\n<p>A tour of the capital city of Prague is very easy from the site; you can reach the city centre in just 30 minutes by tram.<\/p>\n<div class=\"row\">\n<div class=\"col-sm-3\">\n<p style=\"text-align: left;\"><strong>Trips to the surroundings:<\/strong><br \/>\n\u2013 \u0158epy forest park \u2013 Motol<br \/>\n\u2013 Memorial of the Battle of White Mountain + Hv\u011bzda game park with summerhouse<br \/>\n\u2013 Ladronka Park<br \/>\n\u2013 Central Park + Prokop Valley<br \/>\n\u2013 \u0160\u00e1rka Lysolaje natural park<br \/>\n\u2013 Hostivice ponds<\/p>\n<\/div>\n<div class=\"col-sm-3\">\n<p style=\"text-align: left;\"><strong>More distant trips:<\/strong><br \/>\n\u2013 Karl\u0161tejn Castle<br \/>\n\u2013 Little and Great America quarries<br \/>\n\u2013 St. John under the Rock<br \/>\n\u2013 K\u0159ivokl\u00e1t area<br \/>\n\u2013 Kon\u011bprusy caves<br \/>\n\u2013 Brdy forests<br \/>\n\u2013 Konopi\u0161t\u011b Castle<\/p>\n<\/div>\n<\/div>\n<p>&nbsp;<\/p>\n","protected":false},"excerpt":{"rendered":"<p>Excursions A tour of the capital city of Prague is very easy from the site; you can reach the city centre in just 30 minutes by tram. Trips to the surroundings: \u2013 \u0158epy forest park \u2013 Motol \u2013 Memorial of &hellip; <a href=\"https:\/\/stellplatzinprag.com\/en\/excursions\/\">Continue reading <span class=\"meta-nav\">&rarr;<\/span><\/a><\/p>\n","protected":false},"author":2,"featured_media":0,"parent":0,"menu_order":30,"comment_status":"closed","ping_status":"closed","template":"","meta":{"footnotes":""},"class_list":["post-547","page","type-page","status-publish","hentry"],"yoast_head":"<!-- This site is optimized with the Yoast SEO plugin v27.4 - https:\/\/yoast.com\/product\/yoast-seo-wordpress\/ -->\n<title>Excursions - Bulliro Stellplatz Praha 6<\/title>\n<meta name=\"robots\" content=\"index, follow, max-snippet:-1, max-image-preview:large, max-video-preview:-1\" \/>\n<link rel=\"canonical\" href=\"https:\/\/stellplatzinprag.com\/vylety\/\" \/>\n<meta property=\"og:locale\" content=\"en_US\" \/>\n<meta property=\"og:type\" content=\"article\" \/>\n<meta property=\"og:title\" content=\"Excursions - Bulliro Stellplatz Praha 6\" \/>\n<meta property=\"og:description\" content=\"Excursions A tour of the capital city of Prague is very easy from the site; you can reach the city centre in just 30 minutes by tram. Trips to the surroundings: \u2013 \u0158epy forest park \u2013 Motol \u2013 Memorial of &hellip; Continue reading &rarr;\" \/>\n<meta property=\"og:url\" content=\"https:\/\/stellplatzinprag.com\/vylety\/\" \/>\n<meta property=\"og:site_name\" content=\"Bulliro Stellplatz Praha 6\" \/>\n<meta property=\"article:modified_time\" content=\"2021-04-18T17:50:35+00:00\" \/>\n<meta name=\"twitter:card\" content=\"summary_large_image\" \/>\n<meta name=\"twitter:label1\" content=\"Est. reading time\" \/>\n\t<meta name=\"twitter:data1\" content=\"1 minute\" \/>\n<script type=\"application\/ld+json\" class=\"yoast-schema-graph\">{\"@context\":\"https:\\\/\\\/schema.org\",\"@graph\":[{\"@type\":\"WebPage\",\"@id\":\"https:\\\/\\\/stellplatzinprag.com\\\/vylety\\\/\",\"url\":\"https:\\\/\\\/stellplatzinprag.com\\\/vylety\\\/\",\"name\":\"Excursions - Bulliro Stellplatz Praha 6\",\"isPartOf\":{\"@id\":\"https:\\\/\\\/stellplatzinprag.com\\\/#website\"},\"datePublished\":\"2021-02-22T14:50:48+00:00\",\"dateModified\":\"2021-04-18T17:50:35+00:00\",\"breadcrumb\":{\"@id\":\"https:\\\/\\\/stellplatzinprag.com\\\/vylety\\\/#breadcrumb\"},\"inLanguage\":\"en-US\",\"potentialAction\":[{\"@type\":\"ReadAction\",\"target\":[\"https:\\\/\\\/stellplatzinprag.com\\\/vylety\\\/\"]}]},{\"@type\":\"BreadcrumbList\",\"@id\":\"https:\\\/\\\/stellplatzinprag.com\\\/vylety\\\/#breadcrumb\",\"itemListElement\":[{\"@type\":\"ListItem\",\"position\":1,\"name\":\"Dom\u016f\",\"item\":\"https:\\\/\\\/stellplatzinprag.com\\\/en\\\/reservation\\\/\"},{\"@type\":\"ListItem\",\"position\":2,\"name\":\"Excursions\"}]},{\"@type\":\"WebSite\",\"@id\":\"https:\\\/\\\/stellplatzinprag.com\\\/#website\",\"url\":\"https:\\\/\\\/stellplatzinprag.com\\\/\",\"name\":\"Bulliro Stellplatz Praha 6\",\"description\":\"Parkov\u00e1n\u00ed obytn\u00fdch automobil\u016f p\u0159i z\u00e1padn\u00edm okraji Prahy\",\"potentialAction\":[{\"@type\":\"SearchAction\",\"target\":{\"@type\":\"EntryPoint\",\"urlTemplate\":\"https:\\\/\\\/stellplatzinprag.com\\\/?s={search_term_string}\"},\"query-input\":{\"@type\":\"PropertyValueSpecification\",\"valueRequired\":true,\"valueName\":\"search_term_string\"}}],\"inLanguage\":\"en-US\"}]}<\/script>\n<!-- \/ Yoast SEO plugin. -->","yoast_head_json":{"title":"Excursions - Bulliro Stellplatz Praha 6","robots":{"index":"index","follow":"follow","max-snippet":"max-snippet:-1","max-image-preview":"max-image-preview:large","max-video-preview":"max-video-preview:-1"},"canonical":"https:\/\/stellplatzinprag.com\/vylety\/","og_locale":"en_US","og_type":"article","og_title":"Excursions - Bulliro Stellplatz Praha 6","og_description":"Excursions A tour of the capital city of Prague is very easy from the site; you can reach the city centre in just 30 minutes by tram. Trips to the surroundings: \u2013 \u0158epy forest park \u2013 Motol \u2013 Memorial of &hellip; Continue reading &rarr;","og_url":"https:\/\/stellplatzinprag.com\/vylety\/","og_site_name":"Bulliro Stellplatz Praha 6","article_modified_time":"2021-04-18T17:50:35+00:00","twitter_card":"summary_large_image","twitter_misc":{"Est. reading time":"1 minute"},"schema":{"@context":"https:\/\/schema.org","@graph":[{"@type":"WebPage","@id":"https:\/\/stellplatzinprag.com\/vylety\/","url":"https:\/\/stellplatzinprag.com\/vylety\/","name":"Excursions - Bulliro Stellplatz Praha 6","isPartOf":{"@id":"https:\/\/stellplatzinprag.com\/#website"},"datePublished":"2021-02-22T14:50:48+00:00","dateModified":"2021-04-18T17:50:35+00:00","breadcrumb":{"@id":"https:\/\/stellplatzinprag.com\/vylety\/#breadcrumb"},"inLanguage":"en-US","potentialAction":[{"@type":"ReadAction","target":["https:\/\/stellplatzinprag.com\/vylety\/"]}]},{"@type":"BreadcrumbList","@id":"https:\/\/stellplatzinprag.com\/vylety\/#breadcrumb","itemListElement":[{"@type":"ListItem","position":1,"name":"Dom\u016f","item":"https:\/\/stellplatzinprag.com\/en\/reservation\/"},{"@type":"ListItem","position":2,"name":"Excursions"}]},{"@type":"WebSite","@id":"https:\/\/stellplatzinprag.com\/#website","url":"https:\/\/stellplatzinprag.com\/","name":"Bulliro Stellplatz Praha 6","description":"Parkov\u00e1n\u00ed obytn\u00fdch automobil\u016f p\u0159i z\u00e1padn\u00edm okraji Prahy","potentialAction":[{"@type":"SearchAction","target":{"@type":"EntryPoint","urlTemplate":"https:\/\/stellplatzinprag.com\/?s={search_term_string}"},"query-input":{"@type":"PropertyValueSpecification","valueRequired":true,"valueName":"search_term_string"}}],"inLanguage":"en-US"}]}},"_links":{"self":[{"href":"https:\/\/stellplatzinprag.com\/en\/wp-json\/wp\/v2\/pages\/547","targetHints":{"allow":["GET"]}}],"collection":[{"href":"https:\/\/stellplatzinprag.com\/en\/wp-json\/wp\/v2\/pages"}],"about":[{"href":"https:\/\/stellplatzinprag.com\/en\/wp-json\/wp\/v2\/types\/page"}],"author":[{"embeddable":true,"href":"https:\/\/stellplatzinprag.com\/en\/wp-json\/wp\/v2\/users\/2"}],"replies":[{"embeddable":true,"href":"https:\/\/stellplatzinprag.com\/en\/wp-json\/wp\/v2\/comments?post=547"}],"version-history":[{"count":7,"href":"https:\/\/stellplatzinprag.com\/en\/wp-json\/wp\/v2\/pages\/547\/revisions"}],"predecessor-version":[{"id":672,"href":"https:\/\/stellplatzinprag.com\/en\/wp-json\/wp\/v2\/pages\/547\/revisions\/672"}],"wp:attachment":[{"href":"https:\/\/stellplatzinprag.com\/en\/wp-json\/wp\/v2\/media?parent=547"}],"curies":[{"name":"wp","href":"https:\/\/api.w.org\/{rel}","templated":true}]}}