{"id":542,"date":"2021-04-12T21:40:24","date_gmt":"2021-04-12T19:40:24","guid":{"rendered":"https:\/\/stellplatzinprag.com\/?page_id=542"},"modified":"2021-04-18T19:33:53","modified_gmt":"2021-04-18T17:33:53","slug":"parking-in-the-park","status":"publish","type":"page","link":"https:\/\/stellplatzinprag.com\/en\/parking-in-the-park\/","title":{"rendered":"Parking in the park"},"content":{"rendered":"<h1>Parking in the park<\/h1>\n<p style=\"text-align: left;\"><a href=\"https:\/\/all4camper.com\/cs\/v-arealu-byvale-hospodarske-usedlosti-v-praze-vzniklo-malebne-karavanove-stani\/?fbclid=IwAR21wh-dzWyoNO9Gnx5bxRn0b6vl1uN2zg-1z-n8LZSXOaufY6SYt1bEU8g\" target=\"_blank\" rel=\"noopener\"><em>(an extract from the all4camper.com server, where they wrote about us)<\/em><\/a><\/p>\n<p>We can&#8217;t talk about the size of the parking places, but we can talk about the size of the grounds. Our entire project will extend over some 20,000 m2, set up on the remains of farmland that was fortunately not separated from the farmhouse during the former regime. If it hadn&#8217;t been for the Revolution, the area would have been be built on, just like the rest of \u0158epy. We are located on the site of a former farm, occupying perhaps the most beautiful spot right on what was once the village green next to St. Martin\u2019s church. Everything that visitors see here has been gradually restored over the last 23 years, as everything had been confiscated, put to use by the state and, in fact, almost destroyed.<\/p>\n<p>My husband and I design and supervise all the projects ourselves. So it&#8217;s not just architects&#8217; ideas, but our shared vision on how to sensitively bring our entire farmstead back to life. In the garden, as far as our plans go, there will be a multi-functional park for leisure and sports activities, and the caravan park fits into this concept. It will be PARKING IN A PARK.<\/p>\n<p style=\"text-align: center;\"><img loading=\"lazy\" decoding=\"async\" class=\"aligncenter size-full wp-image-119\" src=\"https:\/\/stellplatzinprag.com\/wp-content\/uploads\/2021\/03\/all4camper.jpg\" alt=\"\" width=\"336\" height=\"112\" srcset=\"https:\/\/stellplatzinprag.com\/wp-content\/uploads\/2021\/03\/all4camper.jpg 336w, https:\/\/stellplatzinprag.com\/wp-content\/uploads\/2021\/03\/all4camper-300x100.jpg 300w\" sizes=\"auto, (max-width: 336px) 100vw, 336px\" \/><\/p>\n<p>Several relaxation zones are being developed on the grounds. Each will have a different meaning and connection to the surroundings. For example, the upper terrace will be used to meet friends. The lower terrace will be for families with children or sports training for children&#8217;s groups, which will be taken care of by our daughter Annie. Next to the birch tree there is a seating area for watching aircraft, as we&#8217;re a short walk from the airport. By the way, I put this bench here at the suggestion of one of our guests. Other seating areas will be by the stream, the sports ground, the beehives and the pond. All of this is still in the making, but I know it will be here eventually.<\/p>\n<p>I plan for parking to occupy only a small part of the site. Greenery, which is so important for peace and relaxation, will take up most of the area. Currently, 15 parking places are ready to use all year round. Three of them are paved to enable handicapped camping. Each place can be reached by a beautiful paved road, which will be snowploughed if there is heavy snow. We have a green area ready for the summer season, providing parking for 25 cars. Although more could be fitted in, this would no longer serve the true purpose of the place. I don&#8217;t want the caravans to be crammed together.<\/p>\n<p>&nbsp;<\/p>\n","protected":false},"excerpt":{"rendered":"<p>Parking in the park (an extract from the all4camper.com server, where they wrote about us) We can&#8217;t talk about the size of the parking places, but we can talk about the size of the grounds. Our entire project will extend &hellip; <a href=\"https:\/\/stellplatzinprag.com\/en\/parking-in-the-park\/\">Continue reading <span class=\"meta-nav\">&rarr;<\/span><\/a><\/p>\n","protected":false},"author":2,"featured_media":0,"parent":0,"menu_order":10,"comment_status":"closed","ping_status":"closed","template":"","meta":{"footnotes":""},"class_list":["post-542","page","type-page","status-publish","hentry"],"yoast_head":"<!-- This site is optimized with the Yoast SEO plugin v27.4 - https:\/\/yoast.com\/product\/yoast-seo-wordpress\/ -->\n<title>Parking in the park - Bulliro Stellplatz Praha 6<\/title>\n<meta name=\"robots\" content=\"index, follow, max-snippet:-1, max-image-preview:large, max-video-preview:-1\" \/>\n<link rel=\"canonical\" href=\"https:\/\/stellplatzinprag.com\/parkovani-v-parku\/\" \/>\n<meta property=\"og:locale\" content=\"en_US\" \/>\n<meta property=\"og:type\" content=\"article\" \/>\n<meta property=\"og:title\" content=\"Parking in the park - Bulliro Stellplatz Praha 6\" \/>\n<meta property=\"og:description\" content=\"Parking in the park (an extract from the all4camper.com server, where they wrote about us) We can&#8217;t talk about the size of the parking places, but we can talk about the size of the grounds. Our entire project will extend &hellip; Continue reading &rarr;\" \/>\n<meta property=\"og:url\" content=\"https:\/\/stellplatzinprag.com\/parkovani-v-parku\/\" \/>\n<meta property=\"og:site_name\" content=\"Bulliro Stellplatz Praha 6\" \/>\n<meta property=\"article:modified_time\" content=\"2021-04-18T17:33:53+00:00\" \/>\n<meta property=\"og:image\" content=\"https:\/\/stellplatzinprag.com\/wp-content\/uploads\/2021\/03\/all4camper.jpg\" \/>\n<meta name=\"twitter:card\" content=\"summary_large_image\" \/>\n<meta name=\"twitter:label1\" content=\"Est. reading time\" \/>\n\t<meta name=\"twitter:data1\" content=\"3 minutes\" \/>\n<script type=\"application\/ld+json\" class=\"yoast-schema-graph\">{\"@context\":\"https:\\\/\\\/schema.org\",\"@graph\":[{\"@type\":\"WebPage\",\"@id\":\"https:\\\/\\\/stellplatzinprag.com\\\/parkovani-v-parku\\\/\",\"url\":\"https:\\\/\\\/stellplatzinprag.com\\\/parkovani-v-parku\\\/\",\"name\":\"Parking in the park - Bulliro Stellplatz Praha 6\",\"isPartOf\":{\"@id\":\"https:\\\/\\\/stellplatzinprag.com\\\/#website\"},\"primaryImageOfPage\":{\"@id\":\"https:\\\/\\\/stellplatzinprag.com\\\/parkovani-v-parku\\\/#primaryimage\"},\"image\":{\"@id\":\"https:\\\/\\\/stellplatzinprag.com\\\/parkovani-v-parku\\\/#primaryimage\"},\"thumbnailUrl\":\"https:\\\/\\\/stellplatzinprag.com\\\/wp-content\\\/uploads\\\/2021\\\/03\\\/all4camper.jpg\",\"datePublished\":\"2021-04-12T19:40:24+00:00\",\"dateModified\":\"2021-04-18T17:33:53+00:00\",\"breadcrumb\":{\"@id\":\"https:\\\/\\\/stellplatzinprag.com\\\/parkovani-v-parku\\\/#breadcrumb\"},\"inLanguage\":\"en-US\",\"potentialAction\":[{\"@type\":\"ReadAction\",\"target\":[\"https:\\\/\\\/stellplatzinprag.com\\\/parkovani-v-parku\\\/\"]}]},{\"@type\":\"ImageObject\",\"inLanguage\":\"en-US\",\"@id\":\"https:\\\/\\\/stellplatzinprag.com\\\/parkovani-v-parku\\\/#primaryimage\",\"url\":\"https:\\\/\\\/stellplatzinprag.com\\\/wp-content\\\/uploads\\\/2021\\\/03\\\/all4camper.jpg\",\"contentUrl\":\"https:\\\/\\\/stellplatzinprag.com\\\/wp-content\\\/uploads\\\/2021\\\/03\\\/all4camper.jpg\"},{\"@type\":\"BreadcrumbList\",\"@id\":\"https:\\\/\\\/stellplatzinprag.com\\\/parkovani-v-parku\\\/#breadcrumb\",\"itemListElement\":[{\"@type\":\"ListItem\",\"position\":1,\"name\":\"Dom\u016f\",\"item\":\"https:\\\/\\\/stellplatzinprag.com\\\/en\\\/reservation\\\/\"},{\"@type\":\"ListItem\",\"position\":2,\"name\":\"Parking in the park\"}]},{\"@type\":\"WebSite\",\"@id\":\"https:\\\/\\\/stellplatzinprag.com\\\/#website\",\"url\":\"https:\\\/\\\/stellplatzinprag.com\\\/\",\"name\":\"Bulliro Stellplatz Praha 6\",\"description\":\"Parkov\u00e1n\u00ed obytn\u00fdch automobil\u016f p\u0159i z\u00e1padn\u00edm okraji Prahy\",\"potentialAction\":[{\"@type\":\"SearchAction\",\"target\":{\"@type\":\"EntryPoint\",\"urlTemplate\":\"https:\\\/\\\/stellplatzinprag.com\\\/?s={search_term_string}\"},\"query-input\":{\"@type\":\"PropertyValueSpecification\",\"valueRequired\":true,\"valueName\":\"search_term_string\"}}],\"inLanguage\":\"en-US\"}]}<\/script>\n<!-- \/ Yoast SEO plugin. -->","yoast_head_json":{"title":"Parking in the park - Bulliro Stellplatz Praha 6","robots":{"index":"index","follow":"follow","max-snippet":"max-snippet:-1","max-image-preview":"max-image-preview:large","max-video-preview":"max-video-preview:-1"},"canonical":"https:\/\/stellplatzinprag.com\/parkovani-v-parku\/","og_locale":"en_US","og_type":"article","og_title":"Parking in the park - Bulliro Stellplatz Praha 6","og_description":"Parking in the park (an extract from the all4camper.com server, where they wrote about us) We can&#8217;t talk about the size of the parking places, but we can talk about the size of the grounds. Our entire project will extend &hellip; Continue reading &rarr;","og_url":"https:\/\/stellplatzinprag.com\/parkovani-v-parku\/","og_site_name":"Bulliro Stellplatz Praha 6","article_modified_time":"2021-04-18T17:33:53+00:00","og_image":[{"url":"https:\/\/stellplatzinprag.com\/wp-content\/uploads\/2021\/03\/all4camper.jpg","type":"","width":"","height":""}],"twitter_card":"summary_large_image","twitter_misc":{"Est. reading time":"3 minutes"},"schema":{"@context":"https:\/\/schema.org","@graph":[{"@type":"WebPage","@id":"https:\/\/stellplatzinprag.com\/parkovani-v-parku\/","url":"https:\/\/stellplatzinprag.com\/parkovani-v-parku\/","name":"Parking in the park - Bulliro Stellplatz Praha 6","isPartOf":{"@id":"https:\/\/stellplatzinprag.com\/#website"},"primaryImageOfPage":{"@id":"https:\/\/stellplatzinprag.com\/parkovani-v-parku\/#primaryimage"},"image":{"@id":"https:\/\/stellplatzinprag.com\/parkovani-v-parku\/#primaryimage"},"thumbnailUrl":"https:\/\/stellplatzinprag.com\/wp-content\/uploads\/2021\/03\/all4camper.jpg","datePublished":"2021-04-12T19:40:24+00:00","dateModified":"2021-04-18T17:33:53+00:00","breadcrumb":{"@id":"https:\/\/stellplatzinprag.com\/parkovani-v-parku\/#breadcrumb"},"inLanguage":"en-US","potentialAction":[{"@type":"ReadAction","target":["https:\/\/stellplatzinprag.com\/parkovani-v-parku\/"]}]},{"@type":"ImageObject","inLanguage":"en-US","@id":"https:\/\/stellplatzinprag.com\/parkovani-v-parku\/#primaryimage","url":"https:\/\/stellplatzinprag.com\/wp-content\/uploads\/2021\/03\/all4camper.jpg","contentUrl":"https:\/\/stellplatzinprag.com\/wp-content\/uploads\/2021\/03\/all4camper.jpg"},{"@type":"BreadcrumbList","@id":"https:\/\/stellplatzinprag.com\/parkovani-v-parku\/#breadcrumb","itemListElement":[{"@type":"ListItem","position":1,"name":"Dom\u016f","item":"https:\/\/stellplatzinprag.com\/en\/reservation\/"},{"@type":"ListItem","position":2,"name":"Parking in the park"}]},{"@type":"WebSite","@id":"https:\/\/stellplatzinprag.com\/#website","url":"https:\/\/stellplatzinprag.com\/","name":"Bulliro Stellplatz Praha 6","description":"Parkov\u00e1n\u00ed obytn\u00fdch automobil\u016f p\u0159i z\u00e1padn\u00edm okraji Prahy","potentialAction":[{"@type":"SearchAction","target":{"@type":"EntryPoint","urlTemplate":"https:\/\/stellplatzinprag.com\/?s={search_term_string}"},"query-input":{"@type":"PropertyValueSpecification","valueRequired":true,"valueName":"search_term_string"}}],"inLanguage":"en-US"}]}},"_links":{"self":[{"href":"https:\/\/stellplatzinprag.com\/en\/wp-json\/wp\/v2\/pages\/542","targetHints":{"allow":["GET"]}}],"collection":[{"href":"https:\/\/stellplatzinprag.com\/en\/wp-json\/wp\/v2\/pages"}],"about":[{"href":"https:\/\/stellplatzinprag.com\/en\/wp-json\/wp\/v2\/types\/page"}],"author":[{"embeddable":true,"href":"https:\/\/stellplatzinprag.com\/en\/wp-json\/wp\/v2\/users\/2"}],"replies":[{"embeddable":true,"href":"https:\/\/stellplatzinprag.com\/en\/wp-json\/wp\/v2\/comments?post=542"}],"version-history":[{"count":6,"href":"https:\/\/stellplatzinprag.com\/en\/wp-json\/wp\/v2\/pages\/542\/revisions"}],"predecessor-version":[{"id":661,"href":"https:\/\/stellplatzinprag.com\/en\/wp-json\/wp\/v2\/pages\/542\/revisions\/661"}],"wp:attachment":[{"href":"https:\/\/stellplatzinprag.com\/en\/wp-json\/wp\/v2\/media?parent=542"}],"curies":[{"name":"wp","href":"https:\/\/api.w.org\/{rel}","templated":true}]}}