{"id":540,"date":"2021-04-12T21:39:41","date_gmt":"2021-04-12T19:39:41","guid":{"rendered":"https:\/\/stellplatzinprag.com\/?page_id=540"},"modified":"2024-10-29T18:46:50","modified_gmt":"2024-10-29T17:46:50","slug":"services-and-prices","status":"publish","type":"page","link":"https:\/\/stellplatzinprag.com\/en\/services-and-prices\/","title":{"rendered":"Services and prices"},"content":{"rendered":"<h1 style=\"text-align: left;\">The following services are available:<\/h1>\n<ul style=\"text-align: left;\">\n<li style=\"text-align: left;\">Reception: requests and complaints, information about transport access, photocopier<\/li>\n<li style=\"text-align: left;\">public wellness for dogs (what is this?) \u2013 adjusted to self-service for large and small dogs \u2013 price from 250 CZK (by individual arrangement)<\/li>\n<li style=\"text-align: left;\">OK VET veterinary clinic<\/li>\n<li style=\"text-align: left;\">delivery service \u2013 delivering and sending consignments<\/li>\n<\/ul>\n<h2 style=\"text-align: left;\">How much is it for 24 hours and where do I pay?<\/h2>\n<h3><span style=\"color: #ff0000;\" data-wp-editing=\"1\"><img loading=\"lazy\" decoding=\"async\" class=\"size-full wp-image-755 alignnone\" src=\"https:\/\/stellplatzinprag.com\/wp-content\/uploads\/2022\/07\/pdf.png\" alt=\"\" width=\"32\" height=\"29\" \/>&nbsp;Download the complete price list by clicking on the flag:<\/span><\/h3>\n<p style=\"text-align: left;\"><a href=\"\/wp-content\/uploads\/2024\/03\/pdf\/CZ.pdf\" target=\"_blank\" rel=\"noopener\"><img loading=\"lazy\" decoding=\"async\" class=\"alignnone size-full wp-image-1096\" src=\"https:\/\/stellplatzinprag.com\/wp-content\/uploads\/2024\/03\/cz.jpg\" alt=\"\" width=\"76\" height=\"44\" \/><\/a> \u00a0\u00a0<a href=\"\/wp-content\/uploads\/2024\/03\/pdf\/EN.pdf\" target=\"_blank\" rel=\"noopener\"><img loading=\"lazy\" decoding=\"async\" class=\"alignnone size-full wp-image-1096\" src=\"https:\/\/stellplatzinprag.com\/wp-content\/uploads\/2024\/03\/en.jpg\" alt=\"\" width=\"76\" height=\"44\" \/><\/a> \u00a0\u00a0<a href=\"\/wp-content\/uploads\/2024\/03\/pdf\/DE.pdf\" target=\"_blank\" rel=\"noopener\"><img loading=\"lazy\" decoding=\"async\" class=\"alignnone size-full wp-image-1096\" src=\"https:\/\/stellplatzinprag.com\/wp-content\/uploads\/2024\/03\/de.jpg\" alt=\"\" width=\"76\" height=\"44\" \/><\/a> \u00a0\u00a0<a href=\"\/wp-content\/uploads\/2024\/03\/pdf\/FR.pdf\" target=\"_blank\" rel=\"noopener\"><img loading=\"lazy\" decoding=\"async\" class=\"alignnone size-full wp-image-1096\" src=\"https:\/\/stellplatzinprag.com\/wp-content\/uploads\/2024\/03\/fr.jpg\" alt=\"\" width=\"76\" height=\"44\" \/><\/a> \u00a0\u00a0<a href=\"\/wp-content\/uploads\/2024\/03\/pdf\/IT.pdf\" target=\"_blank\" rel=\"noopener\"><img loading=\"lazy\" decoding=\"async\" class=\"alignnone size-full wp-image-1096\" src=\"https:\/\/stellplatzinprag.com\/wp-content\/uploads\/2024\/03\/it.jpg\" alt=\"\" width=\"76\" height=\"44\" \/><\/a> \u00a0\u00a0<a href=\"\/wp-content\/uploads\/2024\/03\/pdf\/ESP.pdf\" target=\"_blank\" rel=\"noopener\"><img loading=\"lazy\" decoding=\"async\" class=\"alignnone size-full wp-image-1096\" src=\"https:\/\/stellplatzinprag.com\/wp-content\/uploads\/2024\/03\/esp.jpg\" alt=\"\" width=\"76\" height=\"44\" \/><\/a> \u00a0\u00a0<a href=\"\/wp-content\/uploads\/2024\/03\/pdf\/NL.pdf\" target=\"_blank\" rel=\"noopener\"><img loading=\"lazy\" decoding=\"async\" class=\"alignnone size-full wp-image-1096\" src=\"https:\/\/stellplatzinprag.com\/wp-content\/uploads\/2024\/03\/nl.jpg\" alt=\"\" width=\"76\" height=\"44\" \/><\/a> \u00a0\u00a0<a href=\"\/wp-content\/uploads\/2024\/03\/pdf\/RU.pdf\" target=\"_blank\" rel=\"noopener\"><img loading=\"lazy\" decoding=\"async\" class=\"alignnone size-full wp-image-1096\" src=\"https:\/\/stellplatzinprag.com\/wp-content\/uploads\/2024\/03\/rus.jpg\" alt=\"\" width=\"76\" height=\"44\" \/><\/a><\/p>\n<p><!--\n\n<p style=\"text-align: left;\">Parking: 500 CZK without an electricity connection, but with services and maximum comfort provided by us.<\/p>\n\n\n\n\n<p style=\"text-align: left;\">Electricity: 150 CZK (limited number of connections; handled upon request).<\/p>\n\n--><\/p>\n<p style=\"text-align: left;\">Payment by card at reception; an invoice will be issued (we are VAT payers).<\/p>\n<p style=\"text-align: left;\">The price may be increased only upon prior agreement to provide additional services.<\/p>\n<p>&nbsp;<\/p>\n","protected":false},"excerpt":{"rendered":"<p>The following services are available: Reception: requests and complaints, information about transport access, photocopier public wellness for dogs (what is this?) \u2013 adjusted to self-service for large and small dogs \u2013 price from 250 CZK (by individual arrangement) OK VET &hellip; <a href=\"https:\/\/stellplatzinprag.com\/en\/services-and-prices\/\">Continue reading <span class=\"meta-nav\">&rarr;<\/span><\/a><\/p>\n","protected":false},"author":2,"featured_media":0,"parent":0,"menu_order":5,"comment_status":"closed","ping_status":"closed","template":"","meta":{"footnotes":""},"class_list":["post-540","page","type-page","status-publish","hentry"],"yoast_head":"<!-- This site is optimized with the Yoast SEO plugin v27.4 - https:\/\/yoast.com\/product\/yoast-seo-wordpress\/ -->\n<title>Services and prices - Bulliro Stellplatz Praha 6<\/title>\n<meta name=\"robots\" content=\"index, follow, max-snippet:-1, max-image-preview:large, max-video-preview:-1\" \/>\n<link rel=\"canonical\" href=\"https:\/\/stellplatzinprag.com\/en\/services-and-prices\/\" \/>\n<meta property=\"og:locale\" content=\"en_US\" \/>\n<meta property=\"og:type\" content=\"article\" \/>\n<meta property=\"og:title\" content=\"Services and prices - Bulliro Stellplatz Praha 6\" \/>\n<meta property=\"og:description\" content=\"The following services are available: Reception: requests and complaints, information about transport access, photocopier public wellness for dogs (what is this?) \u2013 adjusted to self-service for large and small dogs \u2013 price from 250 CZK (by individual arrangement) OK VET &hellip; Continue reading &rarr;\" \/>\n<meta property=\"og:url\" content=\"https:\/\/stellplatzinprag.com\/en\/services-and-prices\/\" \/>\n<meta property=\"og:site_name\" content=\"Bulliro Stellplatz Praha 6\" \/>\n<meta property=\"article:modified_time\" content=\"2024-10-29T17:46:50+00:00\" \/>\n<meta property=\"og:image\" content=\"https:\/\/stellplatzinprag.com\/wp-content\/uploads\/2022\/07\/pdf.png\" \/>\n<meta name=\"twitter:card\" content=\"summary_large_image\" \/>\n<meta name=\"twitter:label1\" content=\"Est. reading time\" \/>\n\t<meta name=\"twitter:data1\" content=\"3 minutes\" \/>\n<script type=\"application\/ld+json\" class=\"yoast-schema-graph\">{\"@context\":\"https:\\\/\\\/schema.org\",\"@graph\":[{\"@type\":\"WebPage\",\"@id\":\"https:\\\/\\\/stellplatzinprag.com\\\/en\\\/services-and-prices\\\/\",\"url\":\"https:\\\/\\\/stellplatzinprag.com\\\/en\\\/services-and-prices\\\/\",\"name\":\"Services and prices - Bulliro Stellplatz Praha 6\",\"isPartOf\":{\"@id\":\"https:\\\/\\\/stellplatzinprag.com\\\/#website\"},\"primaryImageOfPage\":{\"@id\":\"https:\\\/\\\/stellplatzinprag.com\\\/en\\\/services-and-prices\\\/#primaryimage\"},\"image\":{\"@id\":\"https:\\\/\\\/stellplatzinprag.com\\\/en\\\/services-and-prices\\\/#primaryimage\"},\"thumbnailUrl\":\"https:\\\/\\\/stellplatzinprag.com\\\/wp-content\\\/uploads\\\/2022\\\/07\\\/pdf.png\",\"datePublished\":\"2021-04-12T19:39:41+00:00\",\"dateModified\":\"2024-10-29T17:46:50+00:00\",\"breadcrumb\":{\"@id\":\"https:\\\/\\\/stellplatzinprag.com\\\/en\\\/services-and-prices\\\/#breadcrumb\"},\"inLanguage\":\"en-US\",\"potentialAction\":[{\"@type\":\"ReadAction\",\"target\":[\"https:\\\/\\\/stellplatzinprag.com\\\/en\\\/services-and-prices\\\/\"]}]},{\"@type\":\"ImageObject\",\"inLanguage\":\"en-US\",\"@id\":\"https:\\\/\\\/stellplatzinprag.com\\\/en\\\/services-and-prices\\\/#primaryimage\",\"url\":\"https:\\\/\\\/stellplatzinprag.com\\\/wp-content\\\/uploads\\\/2022\\\/07\\\/pdf.png\",\"contentUrl\":\"https:\\\/\\\/stellplatzinprag.com\\\/wp-content\\\/uploads\\\/2022\\\/07\\\/pdf.png\"},{\"@type\":\"BreadcrumbList\",\"@id\":\"https:\\\/\\\/stellplatzinprag.com\\\/en\\\/services-and-prices\\\/#breadcrumb\",\"itemListElement\":[{\"@type\":\"ListItem\",\"position\":1,\"name\":\"Dom\u016f\",\"item\":\"https:\\\/\\\/stellplatzinprag.com\\\/en\\\/reservation\\\/\"},{\"@type\":\"ListItem\",\"position\":2,\"name\":\"Services and prices\"}]},{\"@type\":\"WebSite\",\"@id\":\"https:\\\/\\\/stellplatzinprag.com\\\/#website\",\"url\":\"https:\\\/\\\/stellplatzinprag.com\\\/\",\"name\":\"Bulliro Stellplatz Praha 6\",\"description\":\"Parkov\u00e1n\u00ed obytn\u00fdch automobil\u016f p\u0159i z\u00e1padn\u00edm okraji Prahy\",\"potentialAction\":[{\"@type\":\"SearchAction\",\"target\":{\"@type\":\"EntryPoint\",\"urlTemplate\":\"https:\\\/\\\/stellplatzinprag.com\\\/?s={search_term_string}\"},\"query-input\":{\"@type\":\"PropertyValueSpecification\",\"valueRequired\":true,\"valueName\":\"search_term_string\"}}],\"inLanguage\":\"en-US\"}]}<\/script>\n<!-- \/ Yoast SEO plugin. -->","yoast_head_json":{"title":"Services and prices - Bulliro Stellplatz Praha 6","robots":{"index":"index","follow":"follow","max-snippet":"max-snippet:-1","max-image-preview":"max-image-preview:large","max-video-preview":"max-video-preview:-1"},"canonical":"https:\/\/stellplatzinprag.com\/en\/services-and-prices\/","og_locale":"en_US","og_type":"article","og_title":"Services and prices - Bulliro Stellplatz Praha 6","og_description":"The following services are available: Reception: requests and complaints, information about transport access, photocopier public wellness for dogs (what is this?) \u2013 adjusted to self-service for large and small dogs \u2013 price from 250 CZK (by individual arrangement) OK VET &hellip; Continue reading &rarr;","og_url":"https:\/\/stellplatzinprag.com\/en\/services-and-prices\/","og_site_name":"Bulliro Stellplatz Praha 6","article_modified_time":"2024-10-29T17:46:50+00:00","og_image":[{"url":"https:\/\/stellplatzinprag.com\/wp-content\/uploads\/2022\/07\/pdf.png","type":"","width":"","height":""}],"twitter_card":"summary_large_image","twitter_misc":{"Est. reading time":"3 minutes"},"schema":{"@context":"https:\/\/schema.org","@graph":[{"@type":"WebPage","@id":"https:\/\/stellplatzinprag.com\/en\/services-and-prices\/","url":"https:\/\/stellplatzinprag.com\/en\/services-and-prices\/","name":"Services and prices - Bulliro Stellplatz Praha 6","isPartOf":{"@id":"https:\/\/stellplatzinprag.com\/#website"},"primaryImageOfPage":{"@id":"https:\/\/stellplatzinprag.com\/en\/services-and-prices\/#primaryimage"},"image":{"@id":"https:\/\/stellplatzinprag.com\/en\/services-and-prices\/#primaryimage"},"thumbnailUrl":"https:\/\/stellplatzinprag.com\/wp-content\/uploads\/2022\/07\/pdf.png","datePublished":"2021-04-12T19:39:41+00:00","dateModified":"2024-10-29T17:46:50+00:00","breadcrumb":{"@id":"https:\/\/stellplatzinprag.com\/en\/services-and-prices\/#breadcrumb"},"inLanguage":"en-US","potentialAction":[{"@type":"ReadAction","target":["https:\/\/stellplatzinprag.com\/en\/services-and-prices\/"]}]},{"@type":"ImageObject","inLanguage":"en-US","@id":"https:\/\/stellplatzinprag.com\/en\/services-and-prices\/#primaryimage","url":"https:\/\/stellplatzinprag.com\/wp-content\/uploads\/2022\/07\/pdf.png","contentUrl":"https:\/\/stellplatzinprag.com\/wp-content\/uploads\/2022\/07\/pdf.png"},{"@type":"BreadcrumbList","@id":"https:\/\/stellplatzinprag.com\/en\/services-and-prices\/#breadcrumb","itemListElement":[{"@type":"ListItem","position":1,"name":"Dom\u016f","item":"https:\/\/stellplatzinprag.com\/en\/reservation\/"},{"@type":"ListItem","position":2,"name":"Services and prices"}]},{"@type":"WebSite","@id":"https:\/\/stellplatzinprag.com\/#website","url":"https:\/\/stellplatzinprag.com\/","name":"Bulliro Stellplatz Praha 6","description":"Parkov\u00e1n\u00ed obytn\u00fdch automobil\u016f p\u0159i z\u00e1padn\u00edm okraji Prahy","potentialAction":[{"@type":"SearchAction","target":{"@type":"EntryPoint","urlTemplate":"https:\/\/stellplatzinprag.com\/?s={search_term_string}"},"query-input":{"@type":"PropertyValueSpecification","valueRequired":true,"valueName":"search_term_string"}}],"inLanguage":"en-US"}]}},"_links":{"self":[{"href":"https:\/\/stellplatzinprag.com\/en\/wp-json\/wp\/v2\/pages\/540","targetHints":{"allow":["GET"]}}],"collection":[{"href":"https:\/\/stellplatzinprag.com\/en\/wp-json\/wp\/v2\/pages"}],"about":[{"href":"https:\/\/stellplatzinprag.com\/en\/wp-json\/wp\/v2\/types\/page"}],"author":[{"embeddable":true,"href":"https:\/\/stellplatzinprag.com\/en\/wp-json\/wp\/v2\/users\/2"}],"replies":[{"embeddable":true,"href":"https:\/\/stellplatzinprag.com\/en\/wp-json\/wp\/v2\/comments?post=540"}],"version-history":[{"count":12,"href":"https:\/\/stellplatzinprag.com\/en\/wp-json\/wp\/v2\/pages\/540\/revisions"}],"predecessor-version":[{"id":1174,"href":"https:\/\/stellplatzinprag.com\/en\/wp-json\/wp\/v2\/pages\/540\/revisions\/1174"}],"wp:attachment":[{"href":"https:\/\/stellplatzinprag.com\/en\/wp-json\/wp\/v2\/media?parent=540"}],"curies":[{"name":"wp","href":"https:\/\/api.w.org\/{rel}","templated":true}]}}