{"id":522,"date":"2021-02-17T20:50:29","date_gmt":"2021-02-17T19:50:29","guid":{"rendered":"https:\/\/stellplatzinprag.com\/?page_id=522"},"modified":"2025-04-02T23:12:44","modified_gmt":"2025-04-02T21:12:44","slug":"parking-space-prague-6","status":"publish","type":"page","link":"https:\/\/stellplatzinprag.com\/en\/parking-space-prague-6\/","title":{"rendered":"Parking space Prague 6 &#8211; Residence BULIRO"},"content":{"rendered":"<h1 style=\"text-align: center;\">RV PARK BULIRO<\/h1>\n<p><!-- \n\n<h1><span style=\"color: #ff0000;\">Sorry, we are fully booked from 9.5. - 11.5. Reservations are not possible during this period.<\/span><\/h1>\n\n\n\n\n<hr \/>\n\n --><br \/>\n<center><img loading=\"lazy\" decoding=\"async\" class=\"aligncenter wp-image-989 size-full\" src=\"https:\/\/stellplatzinprag.com\/wp-content\/uploads\/2023\/03\/stellplatz_praha_buliro_11.jpg\" alt=\"\" width=\"554\" height=\"293\" srcset=\"https:\/\/stellplatzinprag.com\/wp-content\/uploads\/2023\/03\/stellplatz_praha_buliro_11.jpg 554w, https:\/\/stellplatzinprag.com\/wp-content\/uploads\/2023\/03\/stellplatz_praha_buliro_11-300x159.jpg 300w\" sizes=\"auto, (max-width: 554px) 100vw, 554px\" \/><\/center><\/p>\n<h3 style=\"text-align: center;\">With us you will find everything travelers need, stop by us, in the best location in Prague, only 20 minutes to the center by tram.<\/h3>\n<ul>\n<li><a href=\"https:\/\/stellplatzinprag.com\/en\/\">Easy booking<\/a><\/li>\n<li><a href=\"tel:+420602396398\">Reception <strong>+420 602 396 398<\/strong><\/a><\/li>\n<li><a href=\"https:\/\/stellplatzinprag.com\/en\/services-and-prices\/\">How much is it for 24 hours and where do I pay?<\/a><\/li>\n<li><a href=\"https:\/\/stellplatzinprag.com\/en\/photo-gallery\/\">How it looks here<\/a><\/li>\n<li><a href=\"https:\/\/stellplatzinprag.com\/en\/parking-in-the-park\/\">You park in a park<\/a><\/li>\n<li><a href=\"https:\/\/stellplatzinprag.com\/en\/you-will-find-nearby\/\">Sports, shops and catering nearby<\/a><\/li>\n<li><a href=\"https:\/\/stellplatzinprag.com\/en\/excursions\/\">Excursions<\/a><\/li>\n<li><a href=\"https:\/\/stellplatzinprag.com\/wp-content\/uploads\/2023\/03\/Buliro_A5_wellness.pdf\" target=\"_blank\" rel=\"noopener\">Public wellness for dogs<\/a><\/li>\n<li><a href=\"https:\/\/okvet.cz\/\" target=\"_blank\" rel=\"noopener\">OK VET veterinary clinic<\/a><\/li>\n<li><a href=\"https:\/\/stellplatzinprag.com\/en\/contact\/\">Contact, map, transfer\u2026<\/a><\/li>\n<\/ul>\n<div id='gallery-1' class='gallery galleryid-522 gallery-columns-3 gallery-size-thumbnail'><dl class='gallery-item'>\n\t\t\t<dt class='gallery-icon landscape'>\n\t\t\t\t<a href='https:\/\/stellplatzinprag.com\/wp-content\/uploads\/2023\/03\/stellplatz_buliro_10.jpg'><img loading=\"lazy\" decoding=\"async\" width=\"200\" height=\"200\" src=\"https:\/\/stellplatzinprag.com\/wp-content\/uploads\/2023\/03\/stellplatz_buliro_10-200x200.jpg\" class=\"attachment-thumbnail size-thumbnail\" alt=\"\" \/><\/a>\n\t\t\t<\/dt><\/dl><dl class='gallery-item'>\n\t\t\t<dt class='gallery-icon landscape'>\n\t\t\t\t<a href='https:\/\/stellplatzinprag.com\/wp-content\/uploads\/2023\/03\/stellplatz_buliro_9.jpg'><img loading=\"lazy\" decoding=\"async\" width=\"200\" height=\"200\" src=\"https:\/\/stellplatzinprag.com\/wp-content\/uploads\/2023\/03\/stellplatz_buliro_9-200x200.jpg\" class=\"attachment-thumbnail size-thumbnail\" alt=\"\" \/><\/a>\n\t\t\t<\/dt><\/dl><dl class='gallery-item'>\n\t\t\t<dt class='gallery-icon landscape'>\n\t\t\t\t<a href='https:\/\/stellplatzinprag.com\/wp-content\/uploads\/2023\/03\/stellplatz_praha_buliro_1.jpg'><img loading=\"lazy\" decoding=\"async\" width=\"200\" height=\"200\" src=\"https:\/\/stellplatzinprag.com\/wp-content\/uploads\/2023\/03\/stellplatz_praha_buliro_1-200x200.jpg\" class=\"attachment-thumbnail size-thumbnail\" alt=\"\" \/><\/a>\n\t\t\t<\/dt><\/dl><br style=\"clear: both\" \/><dl class='gallery-item'>\n\t\t\t<dt class='gallery-icon landscape'>\n\t\t\t\t<a href='https:\/\/stellplatzinprag.com\/wp-content\/uploads\/2023\/03\/stellplatz_praha_buliro_4.jpg'><img loading=\"lazy\" decoding=\"async\" width=\"200\" height=\"200\" src=\"https:\/\/stellplatzinprag.com\/wp-content\/uploads\/2023\/03\/stellplatz_praha_buliro_4-200x200.jpg\" class=\"attachment-thumbnail size-thumbnail\" alt=\"\" \/><\/a>\n\t\t\t<\/dt><\/dl><dl class='gallery-item'>\n\t\t\t<dt class='gallery-icon landscape'>\n\t\t\t\t<a href='https:\/\/stellplatzinprag.com\/wp-content\/uploads\/2023\/03\/stellplatz_buliro_7.jpg'><img loading=\"lazy\" decoding=\"async\" width=\"200\" height=\"200\" src=\"https:\/\/stellplatzinprag.com\/wp-content\/uploads\/2023\/03\/stellplatz_buliro_7-200x200.jpg\" class=\"attachment-thumbnail size-thumbnail\" alt=\"\" \/><\/a>\n\t\t\t<\/dt><\/dl><dl class='gallery-item'>\n\t\t\t<dt class='gallery-icon landscape'>\n\t\t\t\t<a href='https:\/\/stellplatzinprag.com\/wp-content\/uploads\/2023\/03\/stellplatz_buliro_11.jpg'><img loading=\"lazy\" decoding=\"async\" width=\"200\" height=\"200\" src=\"https:\/\/stellplatzinprag.com\/wp-content\/uploads\/2023\/03\/stellplatz_buliro_11-200x200.jpg\" class=\"attachment-thumbnail size-thumbnail\" alt=\"\" \/><\/a>\n\t\t\t<\/dt><\/dl><br style=\"clear: both\" \/><dl class='gallery-item'>\n\t\t\t<dt class='gallery-icon landscape'>\n\t\t\t\t<a href='https:\/\/stellplatzinprag.com\/wp-content\/uploads\/2023\/03\/stellplatz_praha_buliro_5.jpg'><img loading=\"lazy\" decoding=\"async\" width=\"200\" height=\"200\" src=\"https:\/\/stellplatzinprag.com\/wp-content\/uploads\/2023\/03\/stellplatz_praha_buliro_5-200x200.jpg\" class=\"attachment-thumbnail size-thumbnail\" alt=\"\" \/><\/a>\n\t\t\t<\/dt><\/dl><dl class='gallery-item'>\n\t\t\t<dt class='gallery-icon portrait'>\n\t\t\t\t<a href='https:\/\/stellplatzinprag.com\/wp-content\/uploads\/2023\/03\/stellplatz_praha_buliro_8.jpg'><img loading=\"lazy\" decoding=\"async\" width=\"200\" height=\"200\" src=\"https:\/\/stellplatzinprag.com\/wp-content\/uploads\/2023\/03\/stellplatz_praha_buliro_8-200x200.jpg\" class=\"attachment-thumbnail size-thumbnail\" alt=\"\" \/><\/a>\n\t\t\t<\/dt><\/dl><dl class='gallery-item'>\n\t\t\t<dt class='gallery-icon portrait'>\n\t\t\t\t<a href='https:\/\/stellplatzinprag.com\/wp-content\/uploads\/2023\/03\/stellplatz_praha_buliro_6.jpg'><img loading=\"lazy\" decoding=\"async\" width=\"200\" height=\"200\" src=\"https:\/\/stellplatzinprag.com\/wp-content\/uploads\/2023\/03\/stellplatz_praha_buliro_6-200x200.jpg\" class=\"attachment-thumbnail size-thumbnail\" alt=\"\" \/><\/a>\n\t\t\t<\/dt><\/dl><br style=\"clear: both\" \/>\n\t\t<\/div>\n\n<p style=\"text-align: center;\"><a href=\"https:\/\/stellplatzinprag.com\/en\/photo-gallery\/\"><em>More photos&#8230;<\/em><\/a><\/p>\n<p>&nbsp;<\/p>\n","protected":false},"excerpt":{"rendered":"<p>RV PARK BULIRO With us you will find everything travelers need, stop by us, in the best location in Prague, only 20 minutes to the center by tram. Easy booking Reception +420 602 396 398 How much is it for &hellip; <a href=\"https:\/\/stellplatzinprag.com\/en\/parking-space-prague-6\/\">Continue reading <span class=\"meta-nav\">&rarr;<\/span><\/a><\/p>\n","protected":false},"author":2,"featured_media":0,"parent":0,"menu_order":0,"comment_status":"closed","ping_status":"closed","template":"","meta":{"footnotes":""},"class_list":["post-522","page","type-page","status-publish","hentry"],"yoast_head":"<!-- This site is optimized with the Yoast SEO plugin v27.3 - https:\/\/yoast.com\/product\/yoast-seo-wordpress\/ -->\n<title>Parking space Prague 6 - Residence BULIRO - Bulliro Stellplatz Praha 6<\/title>\n<meta name=\"robots\" content=\"index, follow, max-snippet:-1, max-image-preview:large, max-video-preview:-1\" \/>\n<link rel=\"canonical\" href=\"https:\/\/stellplatzinprag.com\/en\/parking-space-prague-6\/\" \/>\n<meta property=\"og:locale\" content=\"en_US\" \/>\n<meta property=\"og:type\" content=\"article\" \/>\n<meta property=\"og:title\" content=\"Parking space Prague 6 - Residence BULIRO - Bulliro Stellplatz Praha 6\" \/>\n<meta property=\"og:description\" content=\"RV PARK BULIRO With us you will find everything travelers need, stop by us, in the best location in Prague, only 20 minutes to the center by tram. Easy booking Reception +420 602 396 398 How much is it for &hellip; Continue reading &rarr;\" \/>\n<meta property=\"og:url\" content=\"https:\/\/stellplatzinprag.com\/en\/parking-space-prague-6\/\" \/>\n<meta property=\"og:site_name\" content=\"Bulliro Stellplatz Praha 6\" \/>\n<meta property=\"article:modified_time\" content=\"2025-04-02T21:12:44+00:00\" \/>\n<meta property=\"og:image\" content=\"https:\/\/stellplatzinprag.com\/wp-content\/uploads\/2023\/03\/stellplatz_buliro_10-200x200.jpg\" \/>\n<meta name=\"twitter:card\" content=\"summary_large_image\" \/>\n<meta name=\"twitter:label1\" content=\"Est. reading time\" \/>\n\t<meta name=\"twitter:data1\" content=\"1 minute\" \/>\n<script type=\"application\/ld+json\" class=\"yoast-schema-graph\">{\"@context\":\"https:\\\/\\\/schema.org\",\"@graph\":[{\"@type\":\"WebPage\",\"@id\":\"https:\\\/\\\/stellplatzinprag.com\\\/en\\\/parking-space-prague-6\\\/\",\"url\":\"https:\\\/\\\/stellplatzinprag.com\\\/en\\\/parking-space-prague-6\\\/\",\"name\":\"Parking space Prague 6 - Residence BULIRO - Bulliro Stellplatz Praha 6\",\"isPartOf\":{\"@id\":\"https:\\\/\\\/stellplatzinprag.com\\\/#website\"},\"primaryImageOfPage\":{\"@id\":\"https:\\\/\\\/stellplatzinprag.com\\\/en\\\/parking-space-prague-6\\\/#primaryimage\"},\"image\":{\"@id\":\"https:\\\/\\\/stellplatzinprag.com\\\/en\\\/parking-space-prague-6\\\/#primaryimage\"},\"thumbnailUrl\":\"https:\\\/\\\/stellplatzinprag.com\\\/wp-content\\\/uploads\\\/2023\\\/03\\\/stellplatz_praha_buliro_11.jpg\",\"datePublished\":\"2021-02-17T19:50:29+00:00\",\"dateModified\":\"2025-04-02T21:12:44+00:00\",\"breadcrumb\":{\"@id\":\"https:\\\/\\\/stellplatzinprag.com\\\/en\\\/parking-space-prague-6\\\/#breadcrumb\"},\"inLanguage\":\"en-US\",\"potentialAction\":[{\"@type\":\"ReadAction\",\"target\":[\"https:\\\/\\\/stellplatzinprag.com\\\/en\\\/parking-space-prague-6\\\/\"]}]},{\"@type\":\"ImageObject\",\"inLanguage\":\"en-US\",\"@id\":\"https:\\\/\\\/stellplatzinprag.com\\\/en\\\/parking-space-prague-6\\\/#primaryimage\",\"url\":\"https:\\\/\\\/stellplatzinprag.com\\\/wp-content\\\/uploads\\\/2023\\\/03\\\/stellplatz_praha_buliro_11.jpg\",\"contentUrl\":\"https:\\\/\\\/stellplatzinprag.com\\\/wp-content\\\/uploads\\\/2023\\\/03\\\/stellplatz_praha_buliro_11.jpg\"},{\"@type\":\"BreadcrumbList\",\"@id\":\"https:\\\/\\\/stellplatzinprag.com\\\/en\\\/parking-space-prague-6\\\/#breadcrumb\",\"itemListElement\":[{\"@type\":\"ListItem\",\"position\":1,\"name\":\"Dom\u016f\",\"item\":\"https:\\\/\\\/stellplatzinprag.com\\\/en\\\/reservation\\\/\"},{\"@type\":\"ListItem\",\"position\":2,\"name\":\"Parking space Prague 6 &#8211; Residence BULIRO\"}]},{\"@type\":\"WebSite\",\"@id\":\"https:\\\/\\\/stellplatzinprag.com\\\/#website\",\"url\":\"https:\\\/\\\/stellplatzinprag.com\\\/\",\"name\":\"Bulliro Stellplatz Praha 6\",\"description\":\"Parkov\u00e1n\u00ed obytn\u00fdch automobil\u016f p\u0159i z\u00e1padn\u00edm okraji Prahy\",\"potentialAction\":[{\"@type\":\"SearchAction\",\"target\":{\"@type\":\"EntryPoint\",\"urlTemplate\":\"https:\\\/\\\/stellplatzinprag.com\\\/?s={search_term_string}\"},\"query-input\":{\"@type\":\"PropertyValueSpecification\",\"valueRequired\":true,\"valueName\":\"search_term_string\"}}],\"inLanguage\":\"en-US\"}]}<\/script>\n<!-- \/ Yoast SEO plugin. -->","yoast_head_json":{"title":"Parking space Prague 6 - Residence BULIRO - Bulliro Stellplatz Praha 6","robots":{"index":"index","follow":"follow","max-snippet":"max-snippet:-1","max-image-preview":"max-image-preview:large","max-video-preview":"max-video-preview:-1"},"canonical":"https:\/\/stellplatzinprag.com\/en\/parking-space-prague-6\/","og_locale":"en_US","og_type":"article","og_title":"Parking space Prague 6 - Residence BULIRO - Bulliro Stellplatz Praha 6","og_description":"RV PARK BULIRO With us you will find everything travelers need, stop by us, in the best location in Prague, only 20 minutes to the center by tram. Easy booking Reception +420 602 396 398 How much is it for &hellip; Continue reading &rarr;","og_url":"https:\/\/stellplatzinprag.com\/en\/parking-space-prague-6\/","og_site_name":"Bulliro Stellplatz Praha 6","article_modified_time":"2025-04-02T21:12:44+00:00","og_image":[{"url":"https:\/\/stellplatzinprag.com\/wp-content\/uploads\/2023\/03\/stellplatz_buliro_10-200x200.jpg","type":"","width":"","height":""}],"twitter_card":"summary_large_image","twitter_misc":{"Est. reading time":"1 minute"},"schema":{"@context":"https:\/\/schema.org","@graph":[{"@type":"WebPage","@id":"https:\/\/stellplatzinprag.com\/en\/parking-space-prague-6\/","url":"https:\/\/stellplatzinprag.com\/en\/parking-space-prague-6\/","name":"Parking space Prague 6 - Residence BULIRO - Bulliro Stellplatz Praha 6","isPartOf":{"@id":"https:\/\/stellplatzinprag.com\/#website"},"primaryImageOfPage":{"@id":"https:\/\/stellplatzinprag.com\/en\/parking-space-prague-6\/#primaryimage"},"image":{"@id":"https:\/\/stellplatzinprag.com\/en\/parking-space-prague-6\/#primaryimage"},"thumbnailUrl":"https:\/\/stellplatzinprag.com\/wp-content\/uploads\/2023\/03\/stellplatz_praha_buliro_11.jpg","datePublished":"2021-02-17T19:50:29+00:00","dateModified":"2025-04-02T21:12:44+00:00","breadcrumb":{"@id":"https:\/\/stellplatzinprag.com\/en\/parking-space-prague-6\/#breadcrumb"},"inLanguage":"en-US","potentialAction":[{"@type":"ReadAction","target":["https:\/\/stellplatzinprag.com\/en\/parking-space-prague-6\/"]}]},{"@type":"ImageObject","inLanguage":"en-US","@id":"https:\/\/stellplatzinprag.com\/en\/parking-space-prague-6\/#primaryimage","url":"https:\/\/stellplatzinprag.com\/wp-content\/uploads\/2023\/03\/stellplatz_praha_buliro_11.jpg","contentUrl":"https:\/\/stellplatzinprag.com\/wp-content\/uploads\/2023\/03\/stellplatz_praha_buliro_11.jpg"},{"@type":"BreadcrumbList","@id":"https:\/\/stellplatzinprag.com\/en\/parking-space-prague-6\/#breadcrumb","itemListElement":[{"@type":"ListItem","position":1,"name":"Dom\u016f","item":"https:\/\/stellplatzinprag.com\/en\/reservation\/"},{"@type":"ListItem","position":2,"name":"Parking space Prague 6 &#8211; Residence BULIRO"}]},{"@type":"WebSite","@id":"https:\/\/stellplatzinprag.com\/#website","url":"https:\/\/stellplatzinprag.com\/","name":"Bulliro Stellplatz Praha 6","description":"Parkov\u00e1n\u00ed obytn\u00fdch automobil\u016f p\u0159i z\u00e1padn\u00edm okraji Prahy","potentialAction":[{"@type":"SearchAction","target":{"@type":"EntryPoint","urlTemplate":"https:\/\/stellplatzinprag.com\/?s={search_term_string}"},"query-input":{"@type":"PropertyValueSpecification","valueRequired":true,"valueName":"search_term_string"}}],"inLanguage":"en-US"}]}},"_links":{"self":[{"href":"https:\/\/stellplatzinprag.com\/en\/wp-json\/wp\/v2\/pages\/522","targetHints":{"allow":["GET"]}}],"collection":[{"href":"https:\/\/stellplatzinprag.com\/en\/wp-json\/wp\/v2\/pages"}],"about":[{"href":"https:\/\/stellplatzinprag.com\/en\/wp-json\/wp\/v2\/types\/page"}],"author":[{"embeddable":true,"href":"https:\/\/stellplatzinprag.com\/en\/wp-json\/wp\/v2\/users\/2"}],"replies":[{"embeddable":true,"href":"https:\/\/stellplatzinprag.com\/en\/wp-json\/wp\/v2\/comments?post=522"}],"version-history":[{"count":12,"href":"https:\/\/stellplatzinprag.com\/en\/wp-json\/wp\/v2\/pages\/522\/revisions"}],"predecessor-version":[{"id":1143,"href":"https:\/\/stellplatzinprag.com\/en\/wp-json\/wp\/v2\/pages\/522\/revisions\/1143"}],"wp:attachment":[{"href":"https:\/\/stellplatzinprag.com\/en\/wp-json\/wp\/v2\/media?parent=522"}],"curies":[{"name":"wp","href":"https:\/\/api.w.org\/{rel}","templated":true}]}}