{"id":1162,"date":"2024-07-30T13:01:22","date_gmt":"2024-07-30T11:01:22","guid":{"rendered":"https:\/\/stellplatzinprag.com\/pvp\/"},"modified":"2024-08-05T16:16:59","modified_gmt":"2024-08-05T14:16:59","slug":"pvp","status":"publish","type":"page","link":"https:\/\/stellplatzinprag.com\/en\/pvp\/","title":{"rendered":"Prague visitor pass"},"content":{"rendered":"<h1>Prague visitor pass<\/h1>\n<p style=\"text-align: justify;\">Embark on an adventurous quest for more than 70 experiences and take advantage of free admission or special discounts. The Prague Visitor Pass is the only official city card that allows you to visit unique historical monuments, museums, and galleries. You can also use it for guided city tours, a Vltava River cruise, and unlimited use of public transport throughout Prague, including transportation to and from the airport. We\u2019ve included the most famous Prague sights in the list of attractions you can visit with the card, and we\u2019re constantly adding more. Be inspired by our selection \u2013 after all, Prague isn\u2019t just Charles Bridge or Prague Castle!<\/p>\n<p style=\"text-align: center;\">&nbsp;<\/p>\n<p style=\"text-align: center;\"><strong><span style=\"color: #ff0000;\">Scan the QR code to get a 5% discount:<\/span><\/strong><\/p>\n<p><center><a href=\"https:\/\/stellplatzinprag.com\/wp-content\/uploads\/2024\/07\/6777_buliro_cs.png\"><img loading=\"lazy\" decoding=\"async\" class=\"aligncenter wp-image-1149 size-medium\" src=\"https:\/\/stellplatzinprag.com\/wp-content\/uploads\/2024\/07\/6777_buliro_cs-300x176.png\" alt=\"\" width=\"300\" height=\"176\" srcset=\"https:\/\/stellplatzinprag.com\/wp-content\/uploads\/2024\/07\/6777_buliro_cs-300x176.png 300w, https:\/\/stellplatzinprag.com\/wp-content\/uploads\/2024\/07\/6777_buliro_cs-1400x821.png 1400w, https:\/\/stellplatzinprag.com\/wp-content\/uploads\/2024\/07\/6777_buliro_cs-768x450.png 768w, https:\/\/stellplatzinprag.com\/wp-content\/uploads\/2024\/07\/6777_buliro_cs-1536x901.png 1536w, https:\/\/stellplatzinprag.com\/wp-content\/uploads\/2024\/07\/6777_buliro_cs-2048x1201.png 2048w\" sizes=\"auto, (max-width: 300px) 100vw, 300px\" \/><\/a><\/center><\/p>\n","protected":false},"excerpt":{"rendered":"<p>Prague visitor pass Embark on an adventurous quest for more than 70 experiences and take advantage of free admission or special discounts. The Prague Visitor Pass is the only official city card that allows you to visit unique historical monuments, &hellip; <a href=\"https:\/\/stellplatzinprag.com\/en\/pvp\/\">Continue reading <span class=\"meta-nav\">&rarr;<\/span><\/a><\/p>\n","protected":false},"author":2,"featured_media":0,"parent":0,"menu_order":0,"comment_status":"closed","ping_status":"closed","template":"","meta":{"footnotes":""},"class_list":["post-1162","page","type-page","status-publish","hentry"],"yoast_head":"<!-- This site is optimized with the Yoast SEO plugin v27.4 - https:\/\/yoast.com\/product\/yoast-seo-wordpress\/ -->\n<title>Prague visitor pass - Bulliro Stellplatz Praha 6<\/title>\n<meta name=\"robots\" content=\"index, follow, max-snippet:-1, max-image-preview:large, max-video-preview:-1\" \/>\n<link rel=\"canonical\" href=\"https:\/\/stellplatzinprag.com\/en\/pvp\/\" \/>\n<meta property=\"og:locale\" content=\"en_US\" \/>\n<meta property=\"og:type\" content=\"article\" \/>\n<meta property=\"og:title\" content=\"Prague visitor pass - Bulliro Stellplatz Praha 6\" \/>\n<meta property=\"og:description\" content=\"Prague visitor pass Embark on an adventurous quest for more than 70 experiences and take advantage of free admission or special discounts. The Prague Visitor Pass is the only official city card that allows you to visit unique historical monuments, &hellip; Continue reading &rarr;\" \/>\n<meta property=\"og:url\" content=\"https:\/\/stellplatzinprag.com\/en\/pvp\/\" \/>\n<meta property=\"og:site_name\" content=\"Bulliro Stellplatz Praha 6\" \/>\n<meta property=\"article:modified_time\" content=\"2024-08-05T14:16:59+00:00\" \/>\n<meta property=\"og:image\" content=\"https:\/\/stellplatzinprag.com\/wp-content\/uploads\/2024\/07\/6777_buliro_cs-300x176.png\" \/>\n<meta name=\"twitter:card\" content=\"summary_large_image\" \/>\n<meta name=\"twitter:label1\" content=\"Est. reading time\" \/>\n\t<meta name=\"twitter:data1\" content=\"1 minute\" \/>\n<script type=\"application\/ld+json\" class=\"yoast-schema-graph\">{\"@context\":\"https:\\\/\\\/schema.org\",\"@graph\":[{\"@type\":\"WebPage\",\"@id\":\"https:\\\/\\\/stellplatzinprag.com\\\/en\\\/pvp\\\/\",\"url\":\"https:\\\/\\\/stellplatzinprag.com\\\/en\\\/pvp\\\/\",\"name\":\"Prague visitor pass - Bulliro Stellplatz Praha 6\",\"isPartOf\":{\"@id\":\"https:\\\/\\\/stellplatzinprag.com\\\/#website\"},\"primaryImageOfPage\":{\"@id\":\"https:\\\/\\\/stellplatzinprag.com\\\/en\\\/pvp\\\/#primaryimage\"},\"image\":{\"@id\":\"https:\\\/\\\/stellplatzinprag.com\\\/en\\\/pvp\\\/#primaryimage\"},\"thumbnailUrl\":\"https:\\\/\\\/stellplatzinprag.com\\\/wp-content\\\/uploads\\\/2024\\\/07\\\/6777_buliro_cs-300x176.png\",\"datePublished\":\"2024-07-30T11:01:22+00:00\",\"dateModified\":\"2024-08-05T14:16:59+00:00\",\"breadcrumb\":{\"@id\":\"https:\\\/\\\/stellplatzinprag.com\\\/en\\\/pvp\\\/#breadcrumb\"},\"inLanguage\":\"en-US\",\"potentialAction\":[{\"@type\":\"ReadAction\",\"target\":[\"https:\\\/\\\/stellplatzinprag.com\\\/en\\\/pvp\\\/\"]}]},{\"@type\":\"ImageObject\",\"inLanguage\":\"en-US\",\"@id\":\"https:\\\/\\\/stellplatzinprag.com\\\/en\\\/pvp\\\/#primaryimage\",\"url\":\"https:\\\/\\\/stellplatzinprag.com\\\/wp-content\\\/uploads\\\/2024\\\/07\\\/6777_buliro_cs-300x176.png\",\"contentUrl\":\"https:\\\/\\\/stellplatzinprag.com\\\/wp-content\\\/uploads\\\/2024\\\/07\\\/6777_buliro_cs-300x176.png\"},{\"@type\":\"BreadcrumbList\",\"@id\":\"https:\\\/\\\/stellplatzinprag.com\\\/en\\\/pvp\\\/#breadcrumb\",\"itemListElement\":[{\"@type\":\"ListItem\",\"position\":1,\"name\":\"Dom\u016f\",\"item\":\"https:\\\/\\\/stellplatzinprag.com\\\/en\\\/reservation\\\/\"},{\"@type\":\"ListItem\",\"position\":2,\"name\":\"Prague visitor pass\"}]},{\"@type\":\"WebSite\",\"@id\":\"https:\\\/\\\/stellplatzinprag.com\\\/#website\",\"url\":\"https:\\\/\\\/stellplatzinprag.com\\\/\",\"name\":\"Bulliro Stellplatz Praha 6\",\"description\":\"Parkov\u00e1n\u00ed obytn\u00fdch automobil\u016f p\u0159i z\u00e1padn\u00edm okraji Prahy\",\"potentialAction\":[{\"@type\":\"SearchAction\",\"target\":{\"@type\":\"EntryPoint\",\"urlTemplate\":\"https:\\\/\\\/stellplatzinprag.com\\\/?s={search_term_string}\"},\"query-input\":{\"@type\":\"PropertyValueSpecification\",\"valueRequired\":true,\"valueName\":\"search_term_string\"}}],\"inLanguage\":\"en-US\"}]}<\/script>\n<!-- \/ Yoast SEO plugin. -->","yoast_head_json":{"title":"Prague visitor pass - Bulliro Stellplatz Praha 6","robots":{"index":"index","follow":"follow","max-snippet":"max-snippet:-1","max-image-preview":"max-image-preview:large","max-video-preview":"max-video-preview:-1"},"canonical":"https:\/\/stellplatzinprag.com\/en\/pvp\/","og_locale":"en_US","og_type":"article","og_title":"Prague visitor pass - Bulliro Stellplatz Praha 6","og_description":"Prague visitor pass Embark on an adventurous quest for more than 70 experiences and take advantage of free admission or special discounts. The Prague Visitor Pass is the only official city card that allows you to visit unique historical monuments, &hellip; Continue reading &rarr;","og_url":"https:\/\/stellplatzinprag.com\/en\/pvp\/","og_site_name":"Bulliro Stellplatz Praha 6","article_modified_time":"2024-08-05T14:16:59+00:00","og_image":[{"url":"https:\/\/stellplatzinprag.com\/wp-content\/uploads\/2024\/07\/6777_buliro_cs-300x176.png","type":"","width":"","height":""}],"twitter_card":"summary_large_image","twitter_misc":{"Est. reading time":"1 minute"},"schema":{"@context":"https:\/\/schema.org","@graph":[{"@type":"WebPage","@id":"https:\/\/stellplatzinprag.com\/en\/pvp\/","url":"https:\/\/stellplatzinprag.com\/en\/pvp\/","name":"Prague visitor pass - Bulliro Stellplatz Praha 6","isPartOf":{"@id":"https:\/\/stellplatzinprag.com\/#website"},"primaryImageOfPage":{"@id":"https:\/\/stellplatzinprag.com\/en\/pvp\/#primaryimage"},"image":{"@id":"https:\/\/stellplatzinprag.com\/en\/pvp\/#primaryimage"},"thumbnailUrl":"https:\/\/stellplatzinprag.com\/wp-content\/uploads\/2024\/07\/6777_buliro_cs-300x176.png","datePublished":"2024-07-30T11:01:22+00:00","dateModified":"2024-08-05T14:16:59+00:00","breadcrumb":{"@id":"https:\/\/stellplatzinprag.com\/en\/pvp\/#breadcrumb"},"inLanguage":"en-US","potentialAction":[{"@type":"ReadAction","target":["https:\/\/stellplatzinprag.com\/en\/pvp\/"]}]},{"@type":"ImageObject","inLanguage":"en-US","@id":"https:\/\/stellplatzinprag.com\/en\/pvp\/#primaryimage","url":"https:\/\/stellplatzinprag.com\/wp-content\/uploads\/2024\/07\/6777_buliro_cs-300x176.png","contentUrl":"https:\/\/stellplatzinprag.com\/wp-content\/uploads\/2024\/07\/6777_buliro_cs-300x176.png"},{"@type":"BreadcrumbList","@id":"https:\/\/stellplatzinprag.com\/en\/pvp\/#breadcrumb","itemListElement":[{"@type":"ListItem","position":1,"name":"Dom\u016f","item":"https:\/\/stellplatzinprag.com\/en\/reservation\/"},{"@type":"ListItem","position":2,"name":"Prague visitor pass"}]},{"@type":"WebSite","@id":"https:\/\/stellplatzinprag.com\/#website","url":"https:\/\/stellplatzinprag.com\/","name":"Bulliro Stellplatz Praha 6","description":"Parkov\u00e1n\u00ed obytn\u00fdch automobil\u016f p\u0159i z\u00e1padn\u00edm okraji Prahy","potentialAction":[{"@type":"SearchAction","target":{"@type":"EntryPoint","urlTemplate":"https:\/\/stellplatzinprag.com\/?s={search_term_string}"},"query-input":{"@type":"PropertyValueSpecification","valueRequired":true,"valueName":"search_term_string"}}],"inLanguage":"en-US"}]}},"_links":{"self":[{"href":"https:\/\/stellplatzinprag.com\/en\/wp-json\/wp\/v2\/pages\/1162","targetHints":{"allow":["GET"]}}],"collection":[{"href":"https:\/\/stellplatzinprag.com\/en\/wp-json\/wp\/v2\/pages"}],"about":[{"href":"https:\/\/stellplatzinprag.com\/en\/wp-json\/wp\/v2\/types\/page"}],"author":[{"embeddable":true,"href":"https:\/\/stellplatzinprag.com\/en\/wp-json\/wp\/v2\/users\/2"}],"replies":[{"embeddable":true,"href":"https:\/\/stellplatzinprag.com\/en\/wp-json\/wp\/v2\/comments?post=1162"}],"version-history":[{"count":4,"href":"https:\/\/stellplatzinprag.com\/en\/wp-json\/wp\/v2\/pages\/1162\/revisions"}],"predecessor-version":[{"id":1166,"href":"https:\/\/stellplatzinprag.com\/en\/wp-json\/wp\/v2\/pages\/1162\/revisions\/1166"}],"wp:attachment":[{"href":"https:\/\/stellplatzinprag.com\/en\/wp-json\/wp\/v2\/media?parent=1162"}],"curies":[{"name":"wp","href":"https:\/\/api.w.org\/{rel}","templated":true}]}}