{"id":1018,"date":"2023-03-07T10:36:20","date_gmt":"2023-03-07T09:36:20","guid":{"rendered":"https:\/\/stellplatzinprag.com\/o-stellplatzu\/"},"modified":"2023-03-07T13:03:55","modified_gmt":"2023-03-07T12:03:55","slug":"o-stellplatzu","status":"publish","type":"page","link":"https:\/\/stellplatzinprag.com\/en\/o-stellplatzu\/","title":{"rendered":"ABOUT STELLPLATZ"},"content":{"rendered":"<h1 style=\"text-align: left;\">Stellplatz Prague 6 \u2013 Rezidence BULIRO<\/h1>\n<p>Our family business provides you with space to park your recreational vehicle on the western edge of Prague. We spent a year restoring the countryside on this former farmland that was going to be built on by the Communist regime. The land had been devastated by waste, concrete, landfill, etc.<\/p>\n<p>What have we created? You can judge for yourself. We are not, and never will be, a campsite; instead, we are a beautiful Stellplatz on the grounds of a former farm estate where non-residential spaces and apartments lie alongside parking areas. It is \u2018parking in a park providing privacy\u2019. The whole area has been gradually restored and the creation of the park was our greatest wish. We are not fans of building on green spaces; we care about maintaining greenery and water in the landscape, with the possibility of using it for sport and recreation.<\/p>\n<p>We planted 40 mature trees and a large number of shrubs in 2020 on land that had seen a great deal of devastation. Following a German technique, we carried out extensive restoration of the grassy areas. Soon you will find garden sports here and a sports training area for children, young people and adults.<\/p>\n<p>On your visit you will be able to see how nature thrives in our care and we will be happy to see you come back again. We have great access to Prague from the Karlovy Vary or Plze\u0148 motorways, the Prague ring road and also through Prague via the new Blanka tunnel. V\u00e1clav Havel Airport in Ruzyne is nearby.<\/p>\n<p>As this is a private enclosed area, please check-in beforehand; just send us a message and we&#8217;ll get back to you.<\/p>\n<p style=\"text-align: right;\">Thank you, Blanka Ane\u017eka Litterov\u00e1 a Anna Marie Litterov\u00e1<\/p>\n<p>&nbsp;<\/p>\n","protected":false},"excerpt":{"rendered":"<p>Stellplatz Prague 6 \u2013 Rezidence BULIRO Our family business provides you with space to park your recreational vehicle on the western edge of Prague. We spent a year restoring the countryside on this former farmland that was going to be &hellip; <a href=\"https:\/\/stellplatzinprag.com\/en\/o-stellplatzu\/\">Continue reading <span class=\"meta-nav\">&rarr;<\/span><\/a><\/p>\n","protected":false},"author":2,"featured_media":0,"parent":0,"menu_order":0,"comment_status":"closed","ping_status":"closed","template":"","meta":{"footnotes":""},"class_list":["post-1018","page","type-page","status-publish","hentry"],"yoast_head":"<!-- This site is optimized with the Yoast SEO plugin v27.4 - https:\/\/yoast.com\/product\/yoast-seo-wordpress\/ -->\n<title>ABOUT STELLPLATZ - Bulliro Stellplatz Praha 6<\/title>\n<meta name=\"robots\" content=\"index, follow, max-snippet:-1, max-image-preview:large, max-video-preview:-1\" \/>\n<link rel=\"canonical\" href=\"https:\/\/stellplatzinprag.com\/o-stellplatzu\/\" \/>\n<meta property=\"og:locale\" content=\"en_US\" \/>\n<meta property=\"og:type\" content=\"article\" \/>\n<meta property=\"og:title\" content=\"ABOUT STELLPLATZ - Bulliro Stellplatz Praha 6\" \/>\n<meta property=\"og:description\" content=\"Stellplatz Prague 6 \u2013 Rezidence BULIRO Our family business provides you with space to park your recreational vehicle on the western edge of Prague. We spent a year restoring the countryside on this former farmland that was going to be &hellip; Continue reading &rarr;\" \/>\n<meta property=\"og:url\" content=\"https:\/\/stellplatzinprag.com\/o-stellplatzu\/\" \/>\n<meta property=\"og:site_name\" content=\"Bulliro Stellplatz Praha 6\" \/>\n<meta property=\"article:modified_time\" content=\"2023-03-07T12:03:55+00:00\" \/>\n<meta name=\"twitter:card\" content=\"summary_large_image\" \/>\n<meta name=\"twitter:label1\" content=\"Est. reading time\" \/>\n\t<meta name=\"twitter:data1\" content=\"1 minute\" \/>\n<script type=\"application\/ld+json\" class=\"yoast-schema-graph\">{\"@context\":\"https:\\\/\\\/schema.org\",\"@graph\":[{\"@type\":\"WebPage\",\"@id\":\"https:\\\/\\\/stellplatzinprag.com\\\/o-stellplatzu\\\/\",\"url\":\"https:\\\/\\\/stellplatzinprag.com\\\/o-stellplatzu\\\/\",\"name\":\"ABOUT STELLPLATZ - Bulliro Stellplatz Praha 6\",\"isPartOf\":{\"@id\":\"https:\\\/\\\/stellplatzinprag.com\\\/#website\"},\"datePublished\":\"2023-03-07T09:36:20+00:00\",\"dateModified\":\"2023-03-07T12:03:55+00:00\",\"breadcrumb\":{\"@id\":\"https:\\\/\\\/stellplatzinprag.com\\\/o-stellplatzu\\\/#breadcrumb\"},\"inLanguage\":\"en-US\",\"potentialAction\":[{\"@type\":\"ReadAction\",\"target\":[\"https:\\\/\\\/stellplatzinprag.com\\\/o-stellplatzu\\\/\"]}]},{\"@type\":\"BreadcrumbList\",\"@id\":\"https:\\\/\\\/stellplatzinprag.com\\\/o-stellplatzu\\\/#breadcrumb\",\"itemListElement\":[{\"@type\":\"ListItem\",\"position\":1,\"name\":\"Dom\u016f\",\"item\":\"https:\\\/\\\/stellplatzinprag.com\\\/en\\\/reservation\\\/\"},{\"@type\":\"ListItem\",\"position\":2,\"name\":\"ABOUT STELLPLATZ\"}]},{\"@type\":\"WebSite\",\"@id\":\"https:\\\/\\\/stellplatzinprag.com\\\/#website\",\"url\":\"https:\\\/\\\/stellplatzinprag.com\\\/\",\"name\":\"Bulliro Stellplatz Praha 6\",\"description\":\"Parkov\u00e1n\u00ed obytn\u00fdch automobil\u016f p\u0159i z\u00e1padn\u00edm okraji Prahy\",\"potentialAction\":[{\"@type\":\"SearchAction\",\"target\":{\"@type\":\"EntryPoint\",\"urlTemplate\":\"https:\\\/\\\/stellplatzinprag.com\\\/?s={search_term_string}\"},\"query-input\":{\"@type\":\"PropertyValueSpecification\",\"valueRequired\":true,\"valueName\":\"search_term_string\"}}],\"inLanguage\":\"en-US\"}]}<\/script>\n<!-- \/ Yoast SEO plugin. -->","yoast_head_json":{"title":"ABOUT STELLPLATZ - Bulliro Stellplatz Praha 6","robots":{"index":"index","follow":"follow","max-snippet":"max-snippet:-1","max-image-preview":"max-image-preview:large","max-video-preview":"max-video-preview:-1"},"canonical":"https:\/\/stellplatzinprag.com\/o-stellplatzu\/","og_locale":"en_US","og_type":"article","og_title":"ABOUT STELLPLATZ - Bulliro Stellplatz Praha 6","og_description":"Stellplatz Prague 6 \u2013 Rezidence BULIRO Our family business provides you with space to park your recreational vehicle on the western edge of Prague. We spent a year restoring the countryside on this former farmland that was going to be &hellip; Continue reading &rarr;","og_url":"https:\/\/stellplatzinprag.com\/o-stellplatzu\/","og_site_name":"Bulliro Stellplatz Praha 6","article_modified_time":"2023-03-07T12:03:55+00:00","twitter_card":"summary_large_image","twitter_misc":{"Est. reading time":"1 minute"},"schema":{"@context":"https:\/\/schema.org","@graph":[{"@type":"WebPage","@id":"https:\/\/stellplatzinprag.com\/o-stellplatzu\/","url":"https:\/\/stellplatzinprag.com\/o-stellplatzu\/","name":"ABOUT STELLPLATZ - Bulliro Stellplatz Praha 6","isPartOf":{"@id":"https:\/\/stellplatzinprag.com\/#website"},"datePublished":"2023-03-07T09:36:20+00:00","dateModified":"2023-03-07T12:03:55+00:00","breadcrumb":{"@id":"https:\/\/stellplatzinprag.com\/o-stellplatzu\/#breadcrumb"},"inLanguage":"en-US","potentialAction":[{"@type":"ReadAction","target":["https:\/\/stellplatzinprag.com\/o-stellplatzu\/"]}]},{"@type":"BreadcrumbList","@id":"https:\/\/stellplatzinprag.com\/o-stellplatzu\/#breadcrumb","itemListElement":[{"@type":"ListItem","position":1,"name":"Dom\u016f","item":"https:\/\/stellplatzinprag.com\/en\/reservation\/"},{"@type":"ListItem","position":2,"name":"ABOUT STELLPLATZ"}]},{"@type":"WebSite","@id":"https:\/\/stellplatzinprag.com\/#website","url":"https:\/\/stellplatzinprag.com\/","name":"Bulliro Stellplatz Praha 6","description":"Parkov\u00e1n\u00ed obytn\u00fdch automobil\u016f p\u0159i z\u00e1padn\u00edm okraji Prahy","potentialAction":[{"@type":"SearchAction","target":{"@type":"EntryPoint","urlTemplate":"https:\/\/stellplatzinprag.com\/?s={search_term_string}"},"query-input":{"@type":"PropertyValueSpecification","valueRequired":true,"valueName":"search_term_string"}}],"inLanguage":"en-US"}]}},"_links":{"self":[{"href":"https:\/\/stellplatzinprag.com\/en\/wp-json\/wp\/v2\/pages\/1018","targetHints":{"allow":["GET"]}}],"collection":[{"href":"https:\/\/stellplatzinprag.com\/en\/wp-json\/wp\/v2\/pages"}],"about":[{"href":"https:\/\/stellplatzinprag.com\/en\/wp-json\/wp\/v2\/types\/page"}],"author":[{"embeddable":true,"href":"https:\/\/stellplatzinprag.com\/en\/wp-json\/wp\/v2\/users\/2"}],"replies":[{"embeddable":true,"href":"https:\/\/stellplatzinprag.com\/en\/wp-json\/wp\/v2\/comments?post=1018"}],"version-history":[{"count":2,"href":"https:\/\/stellplatzinprag.com\/en\/wp-json\/wp\/v2\/pages\/1018\/revisions"}],"predecessor-version":[{"id":1020,"href":"https:\/\/stellplatzinprag.com\/en\/wp-json\/wp\/v2\/pages\/1018\/revisions\/1020"}],"wp:attachment":[{"href":"https:\/\/stellplatzinprag.com\/en\/wp-json\/wp\/v2\/media?parent=1018"}],"curies":[{"name":"wp","href":"https:\/\/api.w.org\/{rel}","templated":true}]}}