{"id":892,"date":"2023-01-21T12:54:37","date_gmt":"2023-01-21T11:54:37","guid":{"rendered":"https:\/\/stellplatzinprag.com\/?page_id=892"},"modified":"2023-01-21T12:59:54","modified_gmt":"2023-01-21T11:59:54","slug":"test","status":"publish","type":"page","link":"https:\/\/stellplatzinprag.com\/de\/test\/","title":{"rendered":"test"},"content":{"rendered":"<br \/>\n<h2>Stellplatz in Prag &#8211; RV PARK Rezidence BULIRO<\/h2>\n<h3>Information:<\/h3>\n<ul>\n<li>It is always necessary to check in at <strong>reception: <a href=\"tel:+420602396398\">+420&nbsp;602&nbsp;396&nbsp;398<\/a><\/strong><\/li>\n<li><strong>Arrival<\/strong> 14 &#8211; 19 (on request max. until 22.00)<\/li>\n<li><strong>Departure<\/strong> 8 &#8211; 11.30<\/li>\n<li>Do you want to arrive in the morning or leave in the evening? No problem, contact the reception!<\/li>\n<li><strong>Map &#8211; GPS: <a href=\"https:\/\/goo.gl\/maps\/xVhD41ditSXWJkhE9\" target=\"_blank\" rel=\"noopener\">50\u00b004&#8217;16.2&#8243;N 14\u00b017&#8217;59.8&#8243;E<\/a><\/strong><\/li>\n<li>Pictorial details: <a href=\"https:\/\/stellplatzinprag.com\/wp-content\/uploads\/2023\/01\/krizovatka.jpg\" target=\"_blank\" rel=\"noopener\">Access intersection<\/a>, <a href=\"https:\/\/stellplatzinprag.com\/wp-content\/uploads\/2023\/01\/vjezd.jpg\" target=\"_blank\" rel=\"noopener\">Entrance to the premises<\/a>, <a href=\"https:\/\/stellplatzinprag.com\/wp-content\/uploads\/2023\/01\/cedule.jpg\" target=\"_blank\" rel=\"noopener\">STPL sign<\/a><\/li>\n<\/ul>\n<hr \/>\n<h3>Your reservation:<\/h3>\n","protected":false},"excerpt":{"rendered":"<p>Stellplatz in Prag &#8211; RV PARK Rezidence BULIRO Information: It is always necessary to check in at reception: +420&nbsp;602&nbsp;396&nbsp;398 Arrival 14 &#8211; 19 (on request max. until 22.00) Departure 8 &#8211; 11.30 Do you want to arrive in the morning &hellip; <a href=\"https:\/\/stellplatzinprag.com\/de\/test\/\">Continue reading <span class=\"meta-nav\">&rarr;<\/span><\/a><\/p>\n","protected":false},"author":2,"featured_media":0,"parent":0,"menu_order":0,"comment_status":"closed","ping_status":"closed","template":"","meta":{"footnotes":""},"class_list":["post-892","page","type-page","status-publish","hentry"],"yoast_head":"<!-- This site is optimized with the Yoast SEO plugin v27.4 - https:\/\/yoast.com\/product\/yoast-seo-wordpress\/ -->\n<title>test - Bulliro Stellplatz Praha 6<\/title>\n<meta name=\"robots\" content=\"index, follow, max-snippet:-1, max-image-preview:large, max-video-preview:-1\" \/>\n<link rel=\"canonical\" href=\"https:\/\/stellplatzinprag.com\/de\/test\/\" \/>\n<meta property=\"og:locale\" content=\"de_DE\" \/>\n<meta property=\"og:type\" content=\"article\" \/>\n<meta property=\"og:title\" content=\"test - Bulliro Stellplatz Praha 6\" \/>\n<meta property=\"og:description\" content=\"Stellplatz in Prag &#8211; RV PARK Rezidence BULIRO Information: It is always necessary to check in at reception: +420&nbsp;602&nbsp;396&nbsp;398 Arrival 14 &#8211; 19 (on request max. until 22.00) Departure 8 &#8211; 11.30 Do you want to arrive in the morning &hellip; Continue reading &rarr;\" \/>\n<meta property=\"og:url\" content=\"https:\/\/stellplatzinprag.com\/de\/test\/\" \/>\n<meta property=\"og:site_name\" content=\"Bulliro Stellplatz Praha 6\" \/>\n<meta property=\"article:modified_time\" content=\"2023-01-21T11:59:54+00:00\" \/>\n<meta name=\"twitter:card\" content=\"summary_large_image\" \/>\n<script type=\"application\/ld+json\" class=\"yoast-schema-graph\">{\"@context\":\"https:\\\/\\\/schema.org\",\"@graph\":[{\"@type\":\"WebPage\",\"@id\":\"https:\\\/\\\/stellplatzinprag.com\\\/de\\\/test\\\/\",\"url\":\"https:\\\/\\\/stellplatzinprag.com\\\/de\\\/test\\\/\",\"name\":\"test - Bulliro Stellplatz Praha 6\",\"isPartOf\":{\"@id\":\"https:\\\/\\\/stellplatzinprag.com\\\/#website\"},\"datePublished\":\"2023-01-21T11:54:37+00:00\",\"dateModified\":\"2023-01-21T11:59:54+00:00\",\"breadcrumb\":{\"@id\":\"https:\\\/\\\/stellplatzinprag.com\\\/de\\\/test\\\/#breadcrumb\"},\"inLanguage\":\"de\",\"potentialAction\":[{\"@type\":\"ReadAction\",\"target\":[\"https:\\\/\\\/stellplatzinprag.com\\\/de\\\/test\\\/\"]}]},{\"@type\":\"BreadcrumbList\",\"@id\":\"https:\\\/\\\/stellplatzinprag.com\\\/de\\\/test\\\/#breadcrumb\",\"itemListElement\":[{\"@type\":\"ListItem\",\"position\":1,\"name\":\"Dom\u016f\",\"item\":\"https:\\\/\\\/stellplatzinprag.com\\\/de\\\/reservierung\\\/\"},{\"@type\":\"ListItem\",\"position\":2,\"name\":\"test\"}]},{\"@type\":\"WebSite\",\"@id\":\"https:\\\/\\\/stellplatzinprag.com\\\/#website\",\"url\":\"https:\\\/\\\/stellplatzinprag.com\\\/\",\"name\":\"Bulliro Stellplatz Praha 6\",\"description\":\"Parkov\u00e1n\u00ed obytn\u00fdch automobil\u016f p\u0159i z\u00e1padn\u00edm okraji Prahy\",\"potentialAction\":[{\"@type\":\"SearchAction\",\"target\":{\"@type\":\"EntryPoint\",\"urlTemplate\":\"https:\\\/\\\/stellplatzinprag.com\\\/?s={search_term_string}\"},\"query-input\":{\"@type\":\"PropertyValueSpecification\",\"valueRequired\":true,\"valueName\":\"search_term_string\"}}],\"inLanguage\":\"de\"}]}<\/script>\n<!-- \/ Yoast SEO plugin. -->","yoast_head_json":{"title":"test - Bulliro Stellplatz Praha 6","robots":{"index":"index","follow":"follow","max-snippet":"max-snippet:-1","max-image-preview":"max-image-preview:large","max-video-preview":"max-video-preview:-1"},"canonical":"https:\/\/stellplatzinprag.com\/de\/test\/","og_locale":"de_DE","og_type":"article","og_title":"test - Bulliro Stellplatz Praha 6","og_description":"Stellplatz in Prag &#8211; RV PARK Rezidence BULIRO Information: It is always necessary to check in at reception: +420&nbsp;602&nbsp;396&nbsp;398 Arrival 14 &#8211; 19 (on request max. until 22.00) Departure 8 &#8211; 11.30 Do you want to arrive in the morning &hellip; Continue reading &rarr;","og_url":"https:\/\/stellplatzinprag.com\/de\/test\/","og_site_name":"Bulliro Stellplatz Praha 6","article_modified_time":"2023-01-21T11:59:54+00:00","twitter_card":"summary_large_image","schema":{"@context":"https:\/\/schema.org","@graph":[{"@type":"WebPage","@id":"https:\/\/stellplatzinprag.com\/de\/test\/","url":"https:\/\/stellplatzinprag.com\/de\/test\/","name":"test - Bulliro Stellplatz Praha 6","isPartOf":{"@id":"https:\/\/stellplatzinprag.com\/#website"},"datePublished":"2023-01-21T11:54:37+00:00","dateModified":"2023-01-21T11:59:54+00:00","breadcrumb":{"@id":"https:\/\/stellplatzinprag.com\/de\/test\/#breadcrumb"},"inLanguage":"de","potentialAction":[{"@type":"ReadAction","target":["https:\/\/stellplatzinprag.com\/de\/test\/"]}]},{"@type":"BreadcrumbList","@id":"https:\/\/stellplatzinprag.com\/de\/test\/#breadcrumb","itemListElement":[{"@type":"ListItem","position":1,"name":"Dom\u016f","item":"https:\/\/stellplatzinprag.com\/de\/reservierung\/"},{"@type":"ListItem","position":2,"name":"test"}]},{"@type":"WebSite","@id":"https:\/\/stellplatzinprag.com\/#website","url":"https:\/\/stellplatzinprag.com\/","name":"Bulliro Stellplatz Praha 6","description":"Parkov\u00e1n\u00ed obytn\u00fdch automobil\u016f p\u0159i z\u00e1padn\u00edm okraji Prahy","potentialAction":[{"@type":"SearchAction","target":{"@type":"EntryPoint","urlTemplate":"https:\/\/stellplatzinprag.com\/?s={search_term_string}"},"query-input":{"@type":"PropertyValueSpecification","valueRequired":true,"valueName":"search_term_string"}}],"inLanguage":"de"}]}},"_links":{"self":[{"href":"https:\/\/stellplatzinprag.com\/de\/wp-json\/wp\/v2\/pages\/892","targetHints":{"allow":["GET"]}}],"collection":[{"href":"https:\/\/stellplatzinprag.com\/de\/wp-json\/wp\/v2\/pages"}],"about":[{"href":"https:\/\/stellplatzinprag.com\/de\/wp-json\/wp\/v2\/types\/page"}],"author":[{"embeddable":true,"href":"https:\/\/stellplatzinprag.com\/de\/wp-json\/wp\/v2\/users\/2"}],"replies":[{"embeddable":true,"href":"https:\/\/stellplatzinprag.com\/de\/wp-json\/wp\/v2\/comments?post=892"}],"version-history":[{"count":3,"href":"https:\/\/stellplatzinprag.com\/de\/wp-json\/wp\/v2\/pages\/892\/revisions"}],"predecessor-version":[{"id":1126,"href":"https:\/\/stellplatzinprag.com\/de\/wp-json\/wp\/v2\/pages\/892\/revisions\/1126"}],"wp:attachment":[{"href":"https:\/\/stellplatzinprag.com\/de\/wp-json\/wp\/v2\/media?parent=892"}],"curies":[{"name":"wp","href":"https:\/\/api.w.org\/{rel}","templated":true}]}}