{"id":833,"date":"2022-02-19T19:59:10","date_gmt":"2022-02-19T18:59:10","guid":{"rendered":"https:\/\/stellplatzinprag.com\/dekujeme\/"},"modified":"2022-12-11T14:51:49","modified_gmt":"2022-12-11T13:51:49","slug":"vielen_dank","status":"publish","type":"page","link":"https:\/\/stellplatzinprag.com\/de\/vielen_dank\/","title":{"rendered":"Vielen Dank"},"content":{"rendered":"<h1>Vielen Dank<\/h1>\n<h2><\/h2>\n<h3 style=\"text-align: center;\">Vielen Dank, Ihre Reservierung wurde erfolgreich versendet.<br \/>\nBitte warten Sie, nach unserer Freigabe erhalten Sie eine E-Mail<br \/>\nmit der Best\u00e4tigung Ihrer Bestellung.<\/h3>\n","protected":false},"excerpt":{"rendered":"<p>Vielen Dank Vielen Dank, Ihre Reservierung wurde erfolgreich versendet. Bitte warten Sie, nach unserer Freigabe erhalten Sie eine E-Mail mit der Best\u00e4tigung Ihrer Bestellung.<\/p>\n","protected":false},"author":2,"featured_media":0,"parent":0,"menu_order":0,"comment_status":"closed","ping_status":"closed","template":"","meta":{"footnotes":""},"class_list":["post-833","page","type-page","status-publish","hentry"],"yoast_head":"<!-- This site is optimized with the Yoast SEO plugin v27.4 - https:\/\/yoast.com\/product\/yoast-seo-wordpress\/ -->\n<title>Vielen Dank - Bulliro Stellplatz Praha 6<\/title>\n<meta name=\"robots\" content=\"index, follow, max-snippet:-1, max-image-preview:large, max-video-preview:-1\" \/>\n<link rel=\"canonical\" href=\"https:\/\/stellplatzinprag.com\/dekujeme\/\" \/>\n<meta property=\"og:locale\" content=\"de_DE\" \/>\n<meta property=\"og:type\" content=\"article\" \/>\n<meta property=\"og:title\" content=\"Vielen Dank - Bulliro Stellplatz Praha 6\" \/>\n<meta property=\"og:description\" content=\"Vielen Dank Vielen Dank, Ihre Reservierung wurde erfolgreich versendet. Bitte warten Sie, nach unserer Freigabe erhalten Sie eine E-Mail mit der Best\u00e4tigung Ihrer Bestellung.\" \/>\n<meta property=\"og:url\" content=\"https:\/\/stellplatzinprag.com\/dekujeme\/\" \/>\n<meta property=\"og:site_name\" content=\"Bulliro Stellplatz Praha 6\" \/>\n<meta property=\"article:modified_time\" content=\"2022-12-11T13:51:49+00:00\" \/>\n<meta name=\"twitter:card\" content=\"summary_large_image\" \/>\n<meta name=\"twitter:label1\" content=\"Gesch\u00e4tzte Lesezeit\" \/>\n\t<meta name=\"twitter:data1\" content=\"1\u00a0Minute\" \/>\n<script type=\"application\/ld+json\" class=\"yoast-schema-graph\">{\"@context\":\"https:\\\/\\\/schema.org\",\"@graph\":[{\"@type\":\"WebPage\",\"@id\":\"https:\\\/\\\/stellplatzinprag.com\\\/dekujeme\\\/\",\"url\":\"https:\\\/\\\/stellplatzinprag.com\\\/dekujeme\\\/\",\"name\":\"Vielen Dank - Bulliro Stellplatz Praha 6\",\"isPartOf\":{\"@id\":\"https:\\\/\\\/stellplatzinprag.com\\\/#website\"},\"datePublished\":\"2022-02-19T18:59:10+00:00\",\"dateModified\":\"2022-12-11T13:51:49+00:00\",\"breadcrumb\":{\"@id\":\"https:\\\/\\\/stellplatzinprag.com\\\/dekujeme\\\/#breadcrumb\"},\"inLanguage\":\"de\",\"potentialAction\":[{\"@type\":\"ReadAction\",\"target\":[\"https:\\\/\\\/stellplatzinprag.com\\\/dekujeme\\\/\"]}]},{\"@type\":\"BreadcrumbList\",\"@id\":\"https:\\\/\\\/stellplatzinprag.com\\\/dekujeme\\\/#breadcrumb\",\"itemListElement\":[{\"@type\":\"ListItem\",\"position\":1,\"name\":\"Dom\u016f\",\"item\":\"https:\\\/\\\/stellplatzinprag.com\\\/de\\\/reservierung\\\/\"},{\"@type\":\"ListItem\",\"position\":2,\"name\":\"Vielen Dank\"}]},{\"@type\":\"WebSite\",\"@id\":\"https:\\\/\\\/stellplatzinprag.com\\\/#website\",\"url\":\"https:\\\/\\\/stellplatzinprag.com\\\/\",\"name\":\"Bulliro Stellplatz Praha 6\",\"description\":\"Parkov\u00e1n\u00ed obytn\u00fdch automobil\u016f p\u0159i z\u00e1padn\u00edm okraji Prahy\",\"potentialAction\":[{\"@type\":\"SearchAction\",\"target\":{\"@type\":\"EntryPoint\",\"urlTemplate\":\"https:\\\/\\\/stellplatzinprag.com\\\/?s={search_term_string}\"},\"query-input\":{\"@type\":\"PropertyValueSpecification\",\"valueRequired\":true,\"valueName\":\"search_term_string\"}}],\"inLanguage\":\"de\"}]}<\/script>\n<!-- \/ Yoast SEO plugin. -->","yoast_head_json":{"title":"Vielen Dank - Bulliro Stellplatz Praha 6","robots":{"index":"index","follow":"follow","max-snippet":"max-snippet:-1","max-image-preview":"max-image-preview:large","max-video-preview":"max-video-preview:-1"},"canonical":"https:\/\/stellplatzinprag.com\/dekujeme\/","og_locale":"de_DE","og_type":"article","og_title":"Vielen Dank - Bulliro Stellplatz Praha 6","og_description":"Vielen Dank Vielen Dank, Ihre Reservierung wurde erfolgreich versendet. Bitte warten Sie, nach unserer Freigabe erhalten Sie eine E-Mail mit der Best\u00e4tigung Ihrer Bestellung.","og_url":"https:\/\/stellplatzinprag.com\/dekujeme\/","og_site_name":"Bulliro Stellplatz Praha 6","article_modified_time":"2022-12-11T13:51:49+00:00","twitter_card":"summary_large_image","twitter_misc":{"Gesch\u00e4tzte Lesezeit":"1\u00a0Minute"},"schema":{"@context":"https:\/\/schema.org","@graph":[{"@type":"WebPage","@id":"https:\/\/stellplatzinprag.com\/dekujeme\/","url":"https:\/\/stellplatzinprag.com\/dekujeme\/","name":"Vielen Dank - Bulliro Stellplatz Praha 6","isPartOf":{"@id":"https:\/\/stellplatzinprag.com\/#website"},"datePublished":"2022-02-19T18:59:10+00:00","dateModified":"2022-12-11T13:51:49+00:00","breadcrumb":{"@id":"https:\/\/stellplatzinprag.com\/dekujeme\/#breadcrumb"},"inLanguage":"de","potentialAction":[{"@type":"ReadAction","target":["https:\/\/stellplatzinprag.com\/dekujeme\/"]}]},{"@type":"BreadcrumbList","@id":"https:\/\/stellplatzinprag.com\/dekujeme\/#breadcrumb","itemListElement":[{"@type":"ListItem","position":1,"name":"Dom\u016f","item":"https:\/\/stellplatzinprag.com\/de\/reservierung\/"},{"@type":"ListItem","position":2,"name":"Vielen Dank"}]},{"@type":"WebSite","@id":"https:\/\/stellplatzinprag.com\/#website","url":"https:\/\/stellplatzinprag.com\/","name":"Bulliro Stellplatz Praha 6","description":"Parkov\u00e1n\u00ed obytn\u00fdch automobil\u016f p\u0159i z\u00e1padn\u00edm okraji Prahy","potentialAction":[{"@type":"SearchAction","target":{"@type":"EntryPoint","urlTemplate":"https:\/\/stellplatzinprag.com\/?s={search_term_string}"},"query-input":{"@type":"PropertyValueSpecification","valueRequired":true,"valueName":"search_term_string"}}],"inLanguage":"de"}]}},"_links":{"self":[{"href":"https:\/\/stellplatzinprag.com\/de\/wp-json\/wp\/v2\/pages\/833","targetHints":{"allow":["GET"]}}],"collection":[{"href":"https:\/\/stellplatzinprag.com\/de\/wp-json\/wp\/v2\/pages"}],"about":[{"href":"https:\/\/stellplatzinprag.com\/de\/wp-json\/wp\/v2\/types\/page"}],"author":[{"embeddable":true,"href":"https:\/\/stellplatzinprag.com\/de\/wp-json\/wp\/v2\/users\/2"}],"replies":[{"embeddable":true,"href":"https:\/\/stellplatzinprag.com\/de\/wp-json\/wp\/v2\/comments?post=833"}],"version-history":[{"count":3,"href":"https:\/\/stellplatzinprag.com\/de\/wp-json\/wp\/v2\/pages\/833\/revisions"}],"predecessor-version":[{"id":836,"href":"https:\/\/stellplatzinprag.com\/de\/wp-json\/wp\/v2\/pages\/833\/revisions\/836"}],"wp:attachment":[{"href":"https:\/\/stellplatzinprag.com\/de\/wp-json\/wp\/v2\/media?parent=833"}],"curies":[{"name":"wp","href":"https:\/\/api.w.org\/{rel}","templated":true}]}}