{"id":818,"date":"2022-12-07T18:04:27","date_gmt":"2022-12-07T17:04:27","guid":{"rendered":"https:\/\/stellplatzinprag.com\/rezervace-formular\/"},"modified":"2025-04-02T23:06:32","modified_gmt":"2025-04-02T21:06:32","slug":"reservierung","status":"publish","type":"page","link":"https:\/\/stellplatzinprag.com\/de\/","title":{"rendered":"Reservierungsformular"},"content":{"rendered":"<h1 style=\"text-align: center;\" id=\"rezervace\">Reservierung<\/h1>\n<p><!-- \n\n<h1><span style=\"color: #ff0000;\">Leider sind wir vom 9.5. bis 11.5. ausgebucht. Reservierungen sind in diesem Zeitraum nicht m\u00f6glich.<\/span><\/h1>\n\n\n\n\n<hr \/>\n\n --><\/p>\n<h2>Information:<\/h2>\n<ul>\n<li>Melden Sie sich an die <strong>Rezeption: <a href=\"tel:+420602396398\">+420\u00a0602\u00a0396\u00a0398<\/a><\/strong><\/li>\n<li><strong>Anreise<\/strong> 14 &#8211; 19 Uhr (auf Anfrage bis 22.00 Uhr)<\/li>\n<li><strong>Abreise<\/strong> 8 &#8211; 11.30 Uhr<\/li>\n<li>M\u00f6chten Sie Morgens anreisen, oder Abends abreisen? Kein Problem, wenden Sie sich an die Rezeption!<\/li>\n<li><img loading=\"lazy\" decoding=\"async\" src=\"\/wp-content\/uploads\/2022\/07\/pdf.png\" alt=\"\" width=\"32\" height=\"29\" \/><span style=\"color: #ff0000;\"><strong> Komplette Preisliste zum Download:<\/strong><\/span><\/li>\n<\/ul>\n<p style=\"text-align: left;\"><a href=\"\/wp-content\/uploads\/2024\/03\/pdf\/CZ.pdf\" target=\"_blank\" rel=\"noopener\"><img loading=\"lazy\" decoding=\"async\" class=\"alignnone size-full wp-image-1096\" src=\"https:\/\/stellplatzinprag.com\/wp-content\/uploads\/2024\/03\/cz.jpg\" alt=\"\" width=\"76\" height=\"44\" \/><\/a> \u00a0\u00a0<a href=\"\/wp-content\/uploads\/2024\/03\/pdf\/EN.pdf\" target=\"_blank\" rel=\"noopener\"><img loading=\"lazy\" decoding=\"async\" class=\"alignnone size-full wp-image-1096\" src=\"https:\/\/stellplatzinprag.com\/wp-content\/uploads\/2024\/03\/en.jpg\" alt=\"\" width=\"76\" height=\"44\" \/><\/a> \u00a0\u00a0<a href=\"\/wp-content\/uploads\/2024\/03\/pdf\/DE.pdf\" target=\"_blank\" rel=\"noopener\"><img loading=\"lazy\" decoding=\"async\" class=\"alignnone size-full wp-image-1096\" src=\"https:\/\/stellplatzinprag.com\/wp-content\/uploads\/2024\/03\/de.jpg\" alt=\"\" width=\"76\" height=\"44\" \/><\/a> \u00a0\u00a0<a href=\"\/wp-content\/uploads\/2024\/03\/pdf\/FR.pdf\" target=\"_blank\" rel=\"noopener\"><img loading=\"lazy\" decoding=\"async\" class=\"alignnone size-full wp-image-1096\" src=\"https:\/\/stellplatzinprag.com\/wp-content\/uploads\/2024\/03\/fr.jpg\" alt=\"\" width=\"76\" height=\"44\" \/><\/a> \u00a0\u00a0<a href=\"\/wp-content\/uploads\/2024\/03\/pdf\/IT.pdf\" target=\"_blank\" rel=\"noopener\"><img loading=\"lazy\" decoding=\"async\" class=\"alignnone size-full wp-image-1096\" src=\"https:\/\/stellplatzinprag.com\/wp-content\/uploads\/2024\/03\/it.jpg\" alt=\"\" width=\"76\" height=\"44\" \/><\/a> \u00a0\u00a0<a href=\"\/wp-content\/uploads\/2024\/03\/pdf\/ESP.pdf\" target=\"_blank\" rel=\"noopener\"><img loading=\"lazy\" decoding=\"async\" class=\"alignnone size-full wp-image-1096\" src=\"https:\/\/stellplatzinprag.com\/wp-content\/uploads\/2024\/03\/esp.jpg\" alt=\"\" width=\"76\" height=\"44\" \/><\/a> \u00a0\u00a0<a href=\"\/wp-content\/uploads\/2024\/03\/pdf\/NL.pdf\" target=\"_blank\" rel=\"noopener\"><img loading=\"lazy\" decoding=\"async\" class=\"alignnone size-full wp-image-1096\" src=\"https:\/\/stellplatzinprag.com\/wp-content\/uploads\/2024\/03\/nl.jpg\" alt=\"\" width=\"76\" height=\"44\" \/><\/a> \u00a0\u00a0<a href=\"\/wp-content\/uploads\/2024\/03\/pdf\/RU.pdf\" target=\"_blank\" rel=\"noopener\"><img loading=\"lazy\" decoding=\"async\" class=\"alignnone size-full wp-image-1096\" src=\"https:\/\/stellplatzinprag.com\/wp-content\/uploads\/2024\/03\/rus.jpg\" alt=\"\" width=\"76\" height=\"44\" \/><\/a><\/p>\n<h3>Reservierungsanfrage (<span style=\"color: #b32d2e;\">*<\/span> Ben\u00f6tigte Felder):<\/h3>\n<div class=\"frm_forms  with_frm_style frm_style_formidable-style\" id=\"frm_form_3_container\" data-token=\"cdbe3fd29cc1a78056c2eb30aac2b1e4\">\n<form enctype=\"multipart\/form-data\" method=\"post\" class=\"frm-show-form \" id=\"form_contact-form3\"  data-token=\"cdbe3fd29cc1a78056c2eb30aac2b1e4\">\n<div class=\"frm_form_fields \">\n<fieldset>\n<legend class=\"frm_screen_reader\">Rezervace - DE<\/legend>\r\n\r\n<div class=\"frm_fields_container\">\n<input type=\"hidden\" name=\"frm_action\" value=\"create\" \/>\n<input type=\"hidden\" name=\"form_id\" value=\"3\" \/>\n<input type=\"hidden\" name=\"frm_hide_fields_3\" id=\"frm_hide_fields_3\" value=\"\" \/>\n<input type=\"hidden\" name=\"form_key\" value=\"contact-form3\" \/>\n<input type=\"hidden\" name=\"item_meta[0]\" value=\"\" \/>\n<input type=\"hidden\" id=\"frm_submit_entry_3\" name=\"frm_submit_entry_3\" value=\"4462369087\" \/><input type=\"hidden\" name=\"_wp_http_referer\" value=\"\/de\/wp-json\/wp\/v2\/pages\/818\" \/><div id=\"frm_field_26_container\" class=\"frm_form_field form-field  frm_required_field frm_top_container frm6 kalendar frm_first\">\r\n    <label for=\"field_n4b903\" id=\"field_n4b903_label\" class=\"frm_primary_label\">Anreisedatum\r\n        <span class=\"frm_required\" aria-hidden=\"true\">*<\/span>\r\n    <\/label>\r\n    <input type=\"text\" id=\"field_n4b903\" name=\"item_meta[26]\" value=\"\"  data-reqmsg=\"This field cannot be blank.\" aria-required=\"true\" data-invmsg=\"Text is invalid\" aria-invalid=\"false\"  \/>\r\n    \r\n    \r\n<\/div>\n<div id=\"frm_field_27_container\" class=\"frm_form_field form-field  frm_required_field frm_top_container frm6 kalendar\">\r\n    <label for=\"field_n4b863\" id=\"field_n4b863_label\" class=\"frm_primary_label\">Abreisedatum\r\n        <span class=\"frm_required\" aria-hidden=\"true\">*<\/span>\r\n    <\/label>\r\n    <input type=\"text\" id=\"field_n4b863\" name=\"item_meta[27]\" value=\"\"  data-reqmsg=\"This field cannot be blank.\" aria-required=\"true\" data-invmsg=\"Text is invalid\" aria-invalid=\"false\"  \/>\r\n    \r\n    \r\n<\/div>\n<div id=\"frm_field_28_container\" class=\"frm_form_field form-field  frm_required_field frm_top_container frm6 frm_first vertical_radio\">\r\n    <div  id=\"field_dqytc3_label\" class=\"frm_primary_label\">Bitte w\u00e4hlen Sie den Fahrzeugtyp:\r\n        <span class=\"frm_required\" aria-hidden=\"true\">*<\/span>\r\n    <\/div>\r\n    <div class=\"frm_opt_container\" aria-labelledby=\"field_dqytc3_label\" role=\"group\">\t\t<div class=\"frm_checkbox\" id=\"frm_checkbox_28-0\"><label for=\"field_dqytc3-0\"><input type=\"checkbox\" name=\"item_meta[28][]\" id=\"field_dqytc3-0\" value=\"Camper Van\"  data-reqmsg=\"This field cannot be blank.\" aria-required=\"true\" data-invmsg=\"Bitte w\u00e4hlen Sie den Fahrzeugtyp: ist ung\u00fcltig\" aria-invalid=\"false\"   \/> Camper Van<\/label><\/div>\n\t\t<div class=\"frm_checkbox\" id=\"frm_checkbox_28-1\"><label for=\"field_dqytc3-1\"><input type=\"checkbox\" name=\"item_meta[28][]\" id=\"field_dqytc3-1\" value=\"Reisemobil\"  data-reqmsg=\"This field cannot be blank.\" aria-required=\"true\" data-invmsg=\"Bitte w\u00e4hlen Sie den Fahrzeugtyp: ist ung\u00fcltig\" aria-invalid=\"false\"   \/> Reisemobil<\/label><\/div>\n\t\t<div class=\"frm_checkbox\" id=\"frm_checkbox_28-2\"><label for=\"field_dqytc3-2\"><input type=\"checkbox\" name=\"item_meta[28][]\" id=\"field_dqytc3-2\" value=\"Maxi Wohnmobil\"  data-reqmsg=\"This field cannot be blank.\" aria-required=\"true\" data-invmsg=\"Bitte w\u00e4hlen Sie den Fahrzeugtyp: ist ung\u00fcltig\" aria-invalid=\"false\"   \/> Maxi Wohnmobil<\/label><\/div>\n\t\t<div class=\"frm_checkbox\" id=\"frm_checkbox_28-3\"><label for=\"field_dqytc3-3\"><input type=\"checkbox\" name=\"item_meta[28][]\" id=\"field_dqytc3-3\" value=\"Auto mit Wohnwagen\"  data-reqmsg=\"This field cannot be blank.\" aria-required=\"true\" data-invmsg=\"Bitte w\u00e4hlen Sie den Fahrzeugtyp: ist ung\u00fcltig\" aria-invalid=\"false\"   \/> Auto mit Wohnwagen<\/label><\/div>\n<\/div>\r\n    \r\n    \r\n<\/div>\n<div id=\"frm_field_29_container\" class=\"frm_form_field form-field  frm_required_field frm_top_container frm6 vertical_radio\">\r\n    <div  id=\"field_2jdv3_label\" class=\"frm_primary_label\">Ich ben\u00f6tige:\r\n        <span class=\"frm_required\" aria-hidden=\"true\">*<\/span>\r\n    <\/div>\r\n    <div class=\"frm_opt_container\" aria-labelledby=\"field_2jdv3_label\" role=\"group\">\t\t<div class=\"frm_checkbox\" id=\"frm_checkbox_29-0\"><label for=\"field_2jdv3-0\"><input type=\"checkbox\" name=\"item_meta[29][]\" id=\"field_2jdv3-0\" value=\"Parkplatz mit Stromanschluss\"  data-reqmsg=\"This field cannot be blank.\" aria-required=\"true\" data-invmsg=\"Ich ben\u00f6tige: ist ung\u00fcltig\" aria-invalid=\"false\"   \/> Parkplatz mit Stromanschluss<\/label><\/div>\n\t\t<div class=\"frm_checkbox\" id=\"frm_checkbox_29-1\"><label for=\"field_2jdv3-1\"><input type=\"checkbox\" name=\"item_meta[29][]\" id=\"field_2jdv3-1\" value=\"Parkplatz ohne Stromanschluss\"  data-reqmsg=\"This field cannot be blank.\" aria-required=\"true\" data-invmsg=\"Ich ben\u00f6tige: ist ung\u00fcltig\" aria-invalid=\"false\"   \/> Parkplatz ohne Stromanschluss<\/label><\/div>\n\t\t<div class=\"frm_checkbox\" id=\"frm_checkbox_29-2\"><label for=\"field_2jdv3-2\"><input type=\"checkbox\" name=\"item_meta[29][]\" id=\"field_2jdv3-2\" value=\"Camping H\u00fctte\"  data-reqmsg=\"This field cannot be blank.\" aria-required=\"true\" data-invmsg=\"Ich ben\u00f6tige: ist ung\u00fcltig\" aria-invalid=\"false\"   \/> Camping H\u00fctte<\/label><\/div>\n\t\t<div class=\"frm_checkbox\" id=\"frm_checkbox_29-3\"><label for=\"field_2jdv3-3\"><input type=\"checkbox\" name=\"item_meta[29][]\" id=\"field_2jdv3-3\" value=\"Ferien Wohnung\"  data-reqmsg=\"This field cannot be blank.\" aria-required=\"true\" data-invmsg=\"Ich ben\u00f6tige: ist ung\u00fcltig\" aria-invalid=\"false\"   \/> Ferien Wohnung<\/label><\/div>\n<\/div>\r\n    \r\n    \r\n<\/div>\n<div id=\"frm_field_43_container\" class=\"frm_form_field form-field  frm_required_field frm_top_container frm_half\">\r\n    <label for=\"field_v0yr9\" id=\"field_v0yr9_label\" class=\"frm_primary_label\">Automodell\/-marke\r\n        <span class=\"frm_required\" aria-hidden=\"true\">*<\/span>\r\n    <\/label>\r\n    <input type=\"text\" id=\"field_v0yr9\" name=\"item_meta[43]\" value=\"\"  data-reqmsg=\"This field cannot be blank.\" aria-required=\"true\" data-invmsg=\"Text is invalid\" aria-invalid=\"false\"  \/>\r\n    \r\n    \r\n<\/div>\n<div id=\"frm_field_44_container\" class=\"frm_form_field form-field  frm_required_field frm_top_container frm6 frm6 frm_half frm_half\">\r\n    <label for=\"field_wq955\" id=\"field_wq955_label\" class=\"frm_primary_label\">Fahrzeugl\u00e4nge\r\n        <span class=\"frm_required\" aria-hidden=\"true\">*<\/span>\r\n    <\/label>\r\n    <input type=\"text\" id=\"field_wq955\" name=\"item_meta[44]\" value=\"\"  data-reqmsg=\"This field cannot be blank.\" aria-required=\"true\" data-invmsg=\"Text is invalid\" aria-invalid=\"false\"  \/>\r\n    \r\n    \r\n<\/div>\n<div id=\"frm_field_45_container\" class=\"frm_form_field form-field  frm_required_field frm_top_container frm12  frm6 frm_first\">\r\n    <label for=\"field_2i7ej\" id=\"field_2i7ej_label\" class=\"frm_primary_label\">Gesamtgewicht\r\n        <span class=\"frm_required\" aria-hidden=\"true\">*<\/span>\r\n    <\/label>\r\n    <input type=\"text\" id=\"field_2i7ej\" name=\"item_meta[45]\" value=\"\"  data-reqmsg=\"This field cannot be blank.\" aria-required=\"true\" data-invmsg=\"Text is invalid\" aria-invalid=\"false\"  \/>\r\n    \r\n    \r\n<\/div>\n<div id=\"frm_field_33_container\" class=\"frm_form_field form-field  frm_required_field frm_top_container frm6\">\r\n    <label for=\"field_jlch3\" id=\"field_jlch3_label\" class=\"frm_primary_label\">Kfz-Kennzeichen\r\n        <span class=\"frm_required\" aria-hidden=\"true\">*<\/span>\r\n    <\/label>\r\n    <input type=\"text\" id=\"field_jlch3\" name=\"item_meta[33]\" value=\"\"  data-reqmsg=\"This field cannot be blank.\" aria-required=\"true\" data-invmsg=\"Text is invalid\" aria-invalid=\"false\"  \/>\r\n    \r\n    \r\n<\/div>\n<div id=\"frm_field_30_container\" class=\"frm_form_field form-field  frm_required_field frm_top_container frm6 frm_first\">\r\n    <label for=\"field_qh4icy3\" id=\"field_qh4icy3_label\" class=\"frm_primary_label\">Ihr Name\r\n        <span class=\"frm_required\" aria-hidden=\"true\">*<\/span>\r\n    <\/label>\r\n    <input type=\"text\" id=\"field_qh4icy3\" name=\"item_meta[30]\" value=\"\"  data-reqmsg=\"This field cannot be blank.\" aria-required=\"true\" data-invmsg=\"Name is invalid\" aria-invalid=\"false\"  \/>\r\n    \r\n    \r\n<\/div>\n<div id=\"frm_field_31_container\" class=\"frm_form_field form-field  frm_required_field frm_top_container frm6\">\r\n    <label for=\"field_jxej53\" id=\"field_jxej53_label\" class=\"frm_primary_label\">Telefon (auch internationale Vorwahl!)\r\n        <span class=\"frm_required\" aria-hidden=\"true\">*<\/span>\r\n    <\/label>\r\n    <input type=\"text\" id=\"field_jxej53\" name=\"item_meta[31]\" value=\"\"  placeholder=\"+420\" data-reqmsg=\"This field cannot be blank.\" aria-required=\"true\" data-invmsg=\"Text is invalid\" aria-invalid=\"false\"  \/>\r\n    \r\n    \r\n<\/div>\n<div id=\"frm_field_32_container\" class=\"frm_form_field form-field  frm_required_field frm_top_container frm6 frm_first\">\r\n    <label for=\"field_29yf4d3\" id=\"field_29yf4d3_label\" class=\"frm_primary_label\">Email\r\n        <span class=\"frm_required\" aria-hidden=\"true\">*<\/span>\r\n    <\/label>\r\n    <input type=\"email\" id=\"field_29yf4d3\" name=\"item_meta[32]\" value=\"\"  data-reqmsg=\"This field cannot be blank.\" aria-required=\"true\" data-invmsg=\"Please enter a valid email address\" aria-invalid=\"false\"  \/>\r\n    \r\n    \r\n<\/div>\n<div id=\"frm_field_46_container\" class=\"frm_form_field form-field  frm_required_field frm_top_container frm6\">\r\n    <label for=\"field_8jla4\" id=\"field_8jla4_label\" class=\"frm_primary_label\">Nationalit\u00e4t\r\n        <span class=\"frm_required\" aria-hidden=\"true\">*<\/span>\r\n    <\/label>\r\n    <input type=\"text\" id=\"field_8jla4\" name=\"item_meta[46]\" value=\"\"  data-reqmsg=\"This field cannot be blank.\" aria-required=\"true\" data-invmsg=\"Text is invalid\" aria-invalid=\"false\"  \/>\r\n    \r\n    \r\n<\/div>\n<div id=\"frm_field_54_container\" class=\"frm_form_field form-field  frm_top_container frm6 frm_first\">\r\n    <label for=\"field_s2rma\" id=\"field_s2rma_label\" class=\"frm_primary_label\">Begleitende Personen\r\n        <span class=\"frm_required\" aria-hidden=\"true\"><\/span>\r\n    <\/label>\r\n    <textarea name=\"item_meta[54]\" id=\"field_s2rma\" rows=\"3\"  placeholder=\"Erwachsene, Kinder...\" data-invmsg=\"Begleitende Personen ist ung\u00fcltig\" aria-invalid=\"false\"  ><\/textarea>\r\n    \r\n    \r\n<\/div>\n<div id=\"frm_field_55_container\" class=\"frm_form_field form-field  frm_top_container frm6\">\r\n    <label for=\"field_s8hhs\" id=\"field_s8hhs_label\" class=\"frm_primary_label\">Mitreisende Haustiere\r\n        <span class=\"frm_required\" aria-hidden=\"true\"><\/span>\r\n    <\/label>\r\n    <textarea name=\"item_meta[55]\" id=\"field_s8hhs\" rows=\"3\"  placeholder=\"Hund, Katze...\" data-invmsg=\"Mitreisende Haustiere ist ung\u00fcltig\" aria-invalid=\"false\"  ><\/textarea>\r\n    \r\n    \r\n<\/div>\n<div id=\"frm_field_37_container\" class=\"frm_form_field form-field  frm_top_container frm6 frm_first\">\r\n    <label for=\"field_8mapt\" id=\"field_8mapt_label\" class=\"frm_primary_label\">K\u00f6nnen Sie uns bitte sagen, wie Sie auf uns aufmerksam geworden sind?\r\n        <span class=\"frm_required\" aria-hidden=\"true\"><\/span>\r\n    <\/label>\r\n    <textarea name=\"item_meta[37]\" id=\"field_8mapt\" rows=\"3\"  data-invmsg=\"K\u00f6nnen Sie uns bitte sagen, wie Sie auf uns aufmerksam geworden sind? ist ung\u00fcltig\" aria-invalid=\"false\"  ><\/textarea>\r\n    \r\n    \r\n<\/div>\n<div id=\"frm_field_34_container\" class=\"frm_form_field form-field  frm_top_container frm6\">\r\n    <label for=\"field_9jv0r13\" id=\"field_9jv0r13_label\" class=\"frm_primary_label\">Hinweis \/ Nachricht\r\n        <span class=\"frm_required\" aria-hidden=\"true\"><\/span>\r\n    <\/label>\r\n    <textarea name=\"item_meta[34]\" id=\"field_9jv0r13\" rows=\"3\"  data-invmsg=\"Hinweis \/ Nachricht ist ung\u00fcltig\" aria-invalid=\"false\"  ><\/textarea>\r\n    \r\n    \r\n<\/div>\n<div id=\"frm_field_35_container\" class=\"frm_form_field form-field  frm_required_field frm_top_container vertical_radio\">\r\n    <div  id=\"field_xs1kr3_label\" class=\"frm_primary_label\">Schutz personenbezogener Daten\r\n        <span class=\"frm_required\" aria-hidden=\"true\">*<\/span>\r\n    <\/div>\r\n    <div class=\"frm_opt_container\" aria-labelledby=\"field_xs1kr3_label\" role=\"group\">\t\t<div class=\"frm_checkbox\" id=\"frm_checkbox_35-0\"><label for=\"field_xs1kr3-0\"><input type=\"checkbox\" name=\"item_meta[35][]\" id=\"field_xs1kr3-0\" value=\"&lt;p&gt;&lt;span style=&quot;font-size: 13pt;&quot;&gt;&lt;a href=&quot;\/wp-content\/uploads\/2022\/12\/gdpr_en.pdf&quot; target=&quot;_blank&quot; rel=&quot;noopener&quot;&gt;Ich stimme der Verarbeitung personenbezogener Daten zu.&lt;\/a&gt;&lt;\/span&gt;&lt;\/p&gt;\"  data-reqmsg=\"This field cannot be blank.\" aria-required=\"true\" data-invmsg=\"Schutz personenbezogener Daten ist ung\u00fcltig\" aria-invalid=\"false\"   \/> <p><span style=\"font-size: 13pt\"><a href=\"\/wp-content\/uploads\/2022\/12\/gdpr_en.pdf\" target=\"_blank\" rel=\"noopener\">Ich stimme der Verarbeitung personenbezogener Daten zu.<\/a><\/span><\/p><\/label><\/div>\n<\/div>\r\n    \r\n    \r\n<\/div>\n\t<input type=\"hidden\" name=\"item_key\" value=\"\" \/>\n\t\t\t\t<div class=\"frm_verify\" aria-hidden=\"true\">\n\t\t\t\t<label for=\"frm_email_3\">\n\t\t\t\t\tFalls Du menschlich bist, lasse dieses Feld leer.\t\t\t\t<\/label>\n\t\t\t\t<input type=\"text\" class=\"frm_verify\" id=\"frm_email_3\" name=\"frm_verify\" value=\"\"  \/>\n\t\t\t<\/div>\n\t\t<div class=\"frm_submit\">\r\n\r\n<button class=\"frm_button_submit\" type=\"submit\"  >Senden<\/button>\r\n\r\n<\/div><\/div>\n<\/fieldset>\n<\/div>\n<\/form>\n<\/div>\n\n","protected":false},"excerpt":{"rendered":"<p>Reservierung Information: Melden Sie sich an die Rezeption: +420\u00a0602\u00a0396\u00a0398 Anreise 14 &#8211; 19 Uhr (auf Anfrage bis 22.00 Uhr) Abreise 8 &#8211; 11.30 Uhr M\u00f6chten Sie Morgens anreisen, oder Abends abreisen? Kein Problem, wenden Sie sich an die Rezeption! Komplette &hellip; <a href=\"https:\/\/stellplatzinprag.com\/de\/\">Continue reading <span class=\"meta-nav\">&rarr;<\/span><\/a><\/p>\n","protected":false},"author":2,"featured_media":0,"parent":0,"menu_order":0,"comment_status":"closed","ping_status":"closed","template":"","meta":{"footnotes":""},"class_list":["post-818","page","type-page","status-publish","hentry"],"yoast_head":"<!-- This site is optimized with the Yoast SEO plugin v27.4 - https:\/\/yoast.com\/product\/yoast-seo-wordpress\/ -->\n<title>Reservierungsformular - Bulliro Stellplatz Praha 6<\/title>\n<meta name=\"robots\" content=\"index, follow, max-snippet:-1, max-image-preview:large, max-video-preview:-1\" \/>\n<link rel=\"canonical\" href=\"https:\/\/stellplatzinprag.com\/de\/reservierung\/\" \/>\n<meta property=\"og:locale\" content=\"de_DE\" \/>\n<meta property=\"og:type\" content=\"article\" \/>\n<meta property=\"og:title\" content=\"Reservierungsformular - Bulliro Stellplatz Praha 6\" \/>\n<meta property=\"og:description\" content=\"Reservierung Information: Melden Sie sich an die Rezeption: +420\u00a0602\u00a0396\u00a0398 Anreise 14 &#8211; 19 Uhr (auf Anfrage bis 22.00 Uhr) Abreise 8 &#8211; 11.30 Uhr M\u00f6chten Sie Morgens anreisen, oder Abends abreisen? Kein Problem, wenden Sie sich an die Rezeption! Komplette &hellip; Continue reading &rarr;\" \/>\n<meta property=\"og:url\" content=\"https:\/\/stellplatzinprag.com\/de\/reservierung\/\" \/>\n<meta property=\"og:site_name\" content=\"Bulliro Stellplatz Praha 6\" \/>\n<meta property=\"article:modified_time\" content=\"2025-04-02T21:06:32+00:00\" \/>\n<meta property=\"og:image\" content=\"https:\/\/stellplatzinprag.com\/wp-content\/uploads\/2024\/03\/cz.jpg\" \/>\n<meta name=\"twitter:card\" content=\"summary_large_image\" \/>\n<meta name=\"twitter:label1\" content=\"Gesch\u00e4tzte Lesezeit\" \/>\n\t<meta name=\"twitter:data1\" content=\"3\u00a0Minuten\" \/>\n<script type=\"application\/ld+json\" class=\"yoast-schema-graph\">{\"@context\":\"https:\\\/\\\/schema.org\",\"@graph\":[{\"@type\":\"WebPage\",\"@id\":\"https:\\\/\\\/stellplatzinprag.com\\\/de\\\/reservierung\\\/\",\"url\":\"https:\\\/\\\/stellplatzinprag.com\\\/de\\\/reservierung\\\/\",\"name\":\"Reservierungsformular - Bulliro Stellplatz Praha 6\",\"isPartOf\":{\"@id\":\"https:\\\/\\\/stellplatzinprag.com\\\/#website\"},\"primaryImageOfPage\":{\"@id\":\"https:\\\/\\\/stellplatzinprag.com\\\/de\\\/reservierung\\\/#primaryimage\"},\"image\":{\"@id\":\"https:\\\/\\\/stellplatzinprag.com\\\/de\\\/reservierung\\\/#primaryimage\"},\"thumbnailUrl\":\"https:\\\/\\\/stellplatzinprag.com\\\/wp-content\\\/uploads\\\/2024\\\/03\\\/cz.jpg\",\"datePublished\":\"2022-12-07T17:04:27+00:00\",\"dateModified\":\"2025-04-02T21:06:32+00:00\",\"breadcrumb\":{\"@id\":\"https:\\\/\\\/stellplatzinprag.com\\\/de\\\/reservierung\\\/#breadcrumb\"},\"inLanguage\":\"de\",\"potentialAction\":[{\"@type\":\"ReadAction\",\"target\":[\"https:\\\/\\\/stellplatzinprag.com\\\/de\\\/reservierung\\\/\"]}]},{\"@type\":\"ImageObject\",\"inLanguage\":\"de\",\"@id\":\"https:\\\/\\\/stellplatzinprag.com\\\/de\\\/reservierung\\\/#primaryimage\",\"url\":\"https:\\\/\\\/stellplatzinprag.com\\\/wp-content\\\/uploads\\\/2024\\\/03\\\/cz.jpg\",\"contentUrl\":\"https:\\\/\\\/stellplatzinprag.com\\\/wp-content\\\/uploads\\\/2024\\\/03\\\/cz.jpg\"},{\"@type\":\"BreadcrumbList\",\"@id\":\"https:\\\/\\\/stellplatzinprag.com\\\/de\\\/reservierung\\\/#breadcrumb\",\"itemListElement\":[{\"@type\":\"ListItem\",\"position\":1,\"name\":\"Dom\u016f\",\"item\":\"https:\\\/\\\/stellplatzinprag.com\\\/de\\\/reservierung\\\/\"},{\"@type\":\"ListItem\",\"position\":2,\"name\":\"Reservierungsformular\"}]},{\"@type\":\"WebSite\",\"@id\":\"https:\\\/\\\/stellplatzinprag.com\\\/#website\",\"url\":\"https:\\\/\\\/stellplatzinprag.com\\\/\",\"name\":\"Bulliro Stellplatz Praha 6\",\"description\":\"Parkov\u00e1n\u00ed obytn\u00fdch automobil\u016f p\u0159i z\u00e1padn\u00edm okraji Prahy\",\"potentialAction\":[{\"@type\":\"SearchAction\",\"target\":{\"@type\":\"EntryPoint\",\"urlTemplate\":\"https:\\\/\\\/stellplatzinprag.com\\\/?s={search_term_string}\"},\"query-input\":{\"@type\":\"PropertyValueSpecification\",\"valueRequired\":true,\"valueName\":\"search_term_string\"}}],\"inLanguage\":\"de\"}]}<\/script>\n<!-- \/ Yoast SEO plugin. -->","yoast_head_json":{"title":"Reservierungsformular - Bulliro Stellplatz Praha 6","robots":{"index":"index","follow":"follow","max-snippet":"max-snippet:-1","max-image-preview":"max-image-preview:large","max-video-preview":"max-video-preview:-1"},"canonical":"https:\/\/stellplatzinprag.com\/de\/reservierung\/","og_locale":"de_DE","og_type":"article","og_title":"Reservierungsformular - Bulliro Stellplatz Praha 6","og_description":"Reservierung Information: Melden Sie sich an die Rezeption: +420\u00a0602\u00a0396\u00a0398 Anreise 14 &#8211; 19 Uhr (auf Anfrage bis 22.00 Uhr) Abreise 8 &#8211; 11.30 Uhr M\u00f6chten Sie Morgens anreisen, oder Abends abreisen? Kein Problem, wenden Sie sich an die Rezeption! Komplette &hellip; Continue reading &rarr;","og_url":"https:\/\/stellplatzinprag.com\/de\/reservierung\/","og_site_name":"Bulliro Stellplatz Praha 6","article_modified_time":"2025-04-02T21:06:32+00:00","og_image":[{"url":"https:\/\/stellplatzinprag.com\/wp-content\/uploads\/2024\/03\/cz.jpg","type":"","width":"","height":""}],"twitter_card":"summary_large_image","twitter_misc":{"Gesch\u00e4tzte Lesezeit":"3\u00a0Minuten"},"schema":{"@context":"https:\/\/schema.org","@graph":[{"@type":"WebPage","@id":"https:\/\/stellplatzinprag.com\/de\/reservierung\/","url":"https:\/\/stellplatzinprag.com\/de\/reservierung\/","name":"Reservierungsformular - Bulliro Stellplatz Praha 6","isPartOf":{"@id":"https:\/\/stellplatzinprag.com\/#website"},"primaryImageOfPage":{"@id":"https:\/\/stellplatzinprag.com\/de\/reservierung\/#primaryimage"},"image":{"@id":"https:\/\/stellplatzinprag.com\/de\/reservierung\/#primaryimage"},"thumbnailUrl":"https:\/\/stellplatzinprag.com\/wp-content\/uploads\/2024\/03\/cz.jpg","datePublished":"2022-12-07T17:04:27+00:00","dateModified":"2025-04-02T21:06:32+00:00","breadcrumb":{"@id":"https:\/\/stellplatzinprag.com\/de\/reservierung\/#breadcrumb"},"inLanguage":"de","potentialAction":[{"@type":"ReadAction","target":["https:\/\/stellplatzinprag.com\/de\/reservierung\/"]}]},{"@type":"ImageObject","inLanguage":"de","@id":"https:\/\/stellplatzinprag.com\/de\/reservierung\/#primaryimage","url":"https:\/\/stellplatzinprag.com\/wp-content\/uploads\/2024\/03\/cz.jpg","contentUrl":"https:\/\/stellplatzinprag.com\/wp-content\/uploads\/2024\/03\/cz.jpg"},{"@type":"BreadcrumbList","@id":"https:\/\/stellplatzinprag.com\/de\/reservierung\/#breadcrumb","itemListElement":[{"@type":"ListItem","position":1,"name":"Dom\u016f","item":"https:\/\/stellplatzinprag.com\/de\/reservierung\/"},{"@type":"ListItem","position":2,"name":"Reservierungsformular"}]},{"@type":"WebSite","@id":"https:\/\/stellplatzinprag.com\/#website","url":"https:\/\/stellplatzinprag.com\/","name":"Bulliro Stellplatz Praha 6","description":"Parkov\u00e1n\u00ed obytn\u00fdch automobil\u016f p\u0159i z\u00e1padn\u00edm okraji Prahy","potentialAction":[{"@type":"SearchAction","target":{"@type":"EntryPoint","urlTemplate":"https:\/\/stellplatzinprag.com\/?s={search_term_string}"},"query-input":{"@type":"PropertyValueSpecification","valueRequired":true,"valueName":"search_term_string"}}],"inLanguage":"de"}]}},"_links":{"self":[{"href":"https:\/\/stellplatzinprag.com\/de\/wp-json\/wp\/v2\/pages\/818","targetHints":{"allow":["GET"]}}],"collection":[{"href":"https:\/\/stellplatzinprag.com\/de\/wp-json\/wp\/v2\/pages"}],"about":[{"href":"https:\/\/stellplatzinprag.com\/de\/wp-json\/wp\/v2\/types\/page"}],"author":[{"embeddable":true,"href":"https:\/\/stellplatzinprag.com\/de\/wp-json\/wp\/v2\/users\/2"}],"replies":[{"embeddable":true,"href":"https:\/\/stellplatzinprag.com\/de\/wp-json\/wp\/v2\/comments?post=818"}],"version-history":[{"count":12,"href":"https:\/\/stellplatzinprag.com\/de\/wp-json\/wp\/v2\/pages\/818\/revisions"}],"predecessor-version":[{"id":1182,"href":"https:\/\/stellplatzinprag.com\/de\/wp-json\/wp\/v2\/pages\/818\/revisions\/1182"}],"wp:attachment":[{"href":"https:\/\/stellplatzinprag.com\/de\/wp-json\/wp\/v2\/media?parent=818"}],"curies":[{"name":"wp","href":"https:\/\/api.w.org\/{rel}","templated":true}]}}