{"id":779,"date":"2022-02-21T21:10:51","date_gmt":"2022-02-21T20:10:51","guid":{"rendered":"https:\/\/stellplatzinprag.com\/rezervace\/"},"modified":"2022-12-11T16:42:18","modified_gmt":"2022-12-11T15:42:18","slug":"rezervace","status":"publish","type":"page","link":"https:\/\/stellplatzinprag.com\/de\/rezervace\/","title":{"rendered":"Reservierung"},"content":{"rendered":"<h1 style=\"text-align: left;\">Reservierung Stellplatz Prag 6<\/h1>\n<p>&nbsp;<\/p>\n<p style=\"text-align: center;\">F\u00fcr Daten und Parkm\u00f6glichkeiten f\u00fcr Wohnmobile kontaktieren Sie uns bitte \u00fcber das <strong><a href=\"\/de\/reservierung\/\">Reservierungsformular<\/a><\/strong> oder die folgenden Kontakte:<\/p>\n<p style=\"text-align: center;\">email: <a href=\"mailto:stellplatzinprag@gmail.com\">stellplatzinprag@gmail.com<\/a><\/p>\n<p style=\"text-align: center;\">oder<\/p>\n<p style=\"text-align: center;\">tel: <a href=\"tel:+420602396395\">+420 602 396 395<\/a><\/p>\n<p style=\"text-align: center;\">Wir werden Sie in K\u00fcrze kontaktieren.<\/p>\n<p>&nbsp;<\/p>\n<p style=\"text-align: center;\">Danke f\u00fcr Ihre Interesse.<\/p>\n","protected":false},"excerpt":{"rendered":"<p>Reservierung Stellplatz Prag 6 &nbsp; F\u00fcr Daten und Parkm\u00f6glichkeiten f\u00fcr Wohnmobile kontaktieren Sie uns bitte \u00fcber das Reservierungsformular oder die folgenden Kontakte: email: stellplatzinprag@gmail.com oder tel: +420 602 396 395 Wir werden Sie in K\u00fcrze kontaktieren. &nbsp; Danke f\u00fcr Ihre &hellip; <a href=\"https:\/\/stellplatzinprag.com\/de\/rezervace\/\">Continue reading <span class=\"meta-nav\">&rarr;<\/span><\/a><\/p>\n","protected":false},"author":2,"featured_media":0,"parent":0,"menu_order":0,"comment_status":"closed","ping_status":"closed","template":"","meta":{"footnotes":""},"class_list":["post-779","page","type-page","status-publish","hentry"],"yoast_head":"<!-- This site is optimized with the Yoast SEO plugin v27.3 - https:\/\/yoast.com\/product\/yoast-seo-wordpress\/ -->\n<title>Reservierung - Bulliro Stellplatz Praha 6<\/title>\n<meta name=\"robots\" content=\"index, follow, max-snippet:-1, max-image-preview:large, max-video-preview:-1\" \/>\n<link rel=\"canonical\" href=\"https:\/\/stellplatzinprag.com\/rezervace\/\" \/>\n<meta property=\"og:locale\" content=\"de_DE\" \/>\n<meta property=\"og:type\" content=\"article\" \/>\n<meta property=\"og:title\" content=\"Reservierung - Bulliro Stellplatz Praha 6\" \/>\n<meta property=\"og:description\" content=\"Reservierung Stellplatz Prag 6 &nbsp; F\u00fcr Daten und Parkm\u00f6glichkeiten f\u00fcr Wohnmobile kontaktieren Sie uns bitte \u00fcber das Reservierungsformular oder die folgenden Kontakte: email: stellplatzinprag@gmail.com oder tel: +420 602 396 395 Wir werden Sie in K\u00fcrze kontaktieren. &nbsp; Danke f\u00fcr Ihre &hellip; Continue reading &rarr;\" \/>\n<meta property=\"og:url\" content=\"https:\/\/stellplatzinprag.com\/rezervace\/\" \/>\n<meta property=\"og:site_name\" content=\"Bulliro Stellplatz Praha 6\" \/>\n<meta property=\"article:modified_time\" content=\"2022-12-11T15:42:18+00:00\" \/>\n<meta name=\"twitter:card\" content=\"summary_large_image\" \/>\n<meta name=\"twitter:label1\" content=\"Gesch\u00e4tzte Lesezeit\" \/>\n\t<meta name=\"twitter:data1\" content=\"1\u00a0Minute\" \/>\n<script type=\"application\/ld+json\" class=\"yoast-schema-graph\">{\"@context\":\"https:\\\/\\\/schema.org\",\"@graph\":[{\"@type\":\"WebPage\",\"@id\":\"https:\\\/\\\/stellplatzinprag.com\\\/rezervace\\\/\",\"url\":\"https:\\\/\\\/stellplatzinprag.com\\\/rezervace\\\/\",\"name\":\"Reservierung - Bulliro Stellplatz Praha 6\",\"isPartOf\":{\"@id\":\"https:\\\/\\\/stellplatzinprag.com\\\/#website\"},\"datePublished\":\"2022-02-21T20:10:51+00:00\",\"dateModified\":\"2022-12-11T15:42:18+00:00\",\"breadcrumb\":{\"@id\":\"https:\\\/\\\/stellplatzinprag.com\\\/rezervace\\\/#breadcrumb\"},\"inLanguage\":\"de\",\"potentialAction\":[{\"@type\":\"ReadAction\",\"target\":[\"https:\\\/\\\/stellplatzinprag.com\\\/rezervace\\\/\"]}]},{\"@type\":\"BreadcrumbList\",\"@id\":\"https:\\\/\\\/stellplatzinprag.com\\\/rezervace\\\/#breadcrumb\",\"itemListElement\":[{\"@type\":\"ListItem\",\"position\":1,\"name\":\"Dom\u016f\",\"item\":\"https:\\\/\\\/stellplatzinprag.com\\\/de\\\/reservierung\\\/\"},{\"@type\":\"ListItem\",\"position\":2,\"name\":\"Reservierung\"}]},{\"@type\":\"WebSite\",\"@id\":\"https:\\\/\\\/stellplatzinprag.com\\\/#website\",\"url\":\"https:\\\/\\\/stellplatzinprag.com\\\/\",\"name\":\"Bulliro Stellplatz Praha 6\",\"description\":\"Parkov\u00e1n\u00ed obytn\u00fdch automobil\u016f p\u0159i z\u00e1padn\u00edm okraji Prahy\",\"potentialAction\":[{\"@type\":\"SearchAction\",\"target\":{\"@type\":\"EntryPoint\",\"urlTemplate\":\"https:\\\/\\\/stellplatzinprag.com\\\/?s={search_term_string}\"},\"query-input\":{\"@type\":\"PropertyValueSpecification\",\"valueRequired\":true,\"valueName\":\"search_term_string\"}}],\"inLanguage\":\"de\"}]}<\/script>\n<!-- \/ Yoast SEO plugin. -->","yoast_head_json":{"title":"Reservierung - Bulliro Stellplatz Praha 6","robots":{"index":"index","follow":"follow","max-snippet":"max-snippet:-1","max-image-preview":"max-image-preview:large","max-video-preview":"max-video-preview:-1"},"canonical":"https:\/\/stellplatzinprag.com\/rezervace\/","og_locale":"de_DE","og_type":"article","og_title":"Reservierung - Bulliro Stellplatz Praha 6","og_description":"Reservierung Stellplatz Prag 6 &nbsp; F\u00fcr Daten und Parkm\u00f6glichkeiten f\u00fcr Wohnmobile kontaktieren Sie uns bitte \u00fcber das Reservierungsformular oder die folgenden Kontakte: email: stellplatzinprag@gmail.com oder tel: +420 602 396 395 Wir werden Sie in K\u00fcrze kontaktieren. &nbsp; Danke f\u00fcr Ihre &hellip; Continue reading &rarr;","og_url":"https:\/\/stellplatzinprag.com\/rezervace\/","og_site_name":"Bulliro Stellplatz Praha 6","article_modified_time":"2022-12-11T15:42:18+00:00","twitter_card":"summary_large_image","twitter_misc":{"Gesch\u00e4tzte Lesezeit":"1\u00a0Minute"},"schema":{"@context":"https:\/\/schema.org","@graph":[{"@type":"WebPage","@id":"https:\/\/stellplatzinprag.com\/rezervace\/","url":"https:\/\/stellplatzinprag.com\/rezervace\/","name":"Reservierung - Bulliro Stellplatz Praha 6","isPartOf":{"@id":"https:\/\/stellplatzinprag.com\/#website"},"datePublished":"2022-02-21T20:10:51+00:00","dateModified":"2022-12-11T15:42:18+00:00","breadcrumb":{"@id":"https:\/\/stellplatzinprag.com\/rezervace\/#breadcrumb"},"inLanguage":"de","potentialAction":[{"@type":"ReadAction","target":["https:\/\/stellplatzinprag.com\/rezervace\/"]}]},{"@type":"BreadcrumbList","@id":"https:\/\/stellplatzinprag.com\/rezervace\/#breadcrumb","itemListElement":[{"@type":"ListItem","position":1,"name":"Dom\u016f","item":"https:\/\/stellplatzinprag.com\/de\/reservierung\/"},{"@type":"ListItem","position":2,"name":"Reservierung"}]},{"@type":"WebSite","@id":"https:\/\/stellplatzinprag.com\/#website","url":"https:\/\/stellplatzinprag.com\/","name":"Bulliro Stellplatz Praha 6","description":"Parkov\u00e1n\u00ed obytn\u00fdch automobil\u016f p\u0159i z\u00e1padn\u00edm okraji Prahy","potentialAction":[{"@type":"SearchAction","target":{"@type":"EntryPoint","urlTemplate":"https:\/\/stellplatzinprag.com\/?s={search_term_string}"},"query-input":{"@type":"PropertyValueSpecification","valueRequired":true,"valueName":"search_term_string"}}],"inLanguage":"de"}]}},"_links":{"self":[{"href":"https:\/\/stellplatzinprag.com\/de\/wp-json\/wp\/v2\/pages\/779","targetHints":{"allow":["GET"]}}],"collection":[{"href":"https:\/\/stellplatzinprag.com\/de\/wp-json\/wp\/v2\/pages"}],"about":[{"href":"https:\/\/stellplatzinprag.com\/de\/wp-json\/wp\/v2\/types\/page"}],"author":[{"embeddable":true,"href":"https:\/\/stellplatzinprag.com\/de\/wp-json\/wp\/v2\/users\/2"}],"replies":[{"embeddable":true,"href":"https:\/\/stellplatzinprag.com\/de\/wp-json\/wp\/v2\/comments?post=779"}],"version-history":[{"count":4,"href":"https:\/\/stellplatzinprag.com\/de\/wp-json\/wp\/v2\/pages\/779\/revisions"}],"predecessor-version":[{"id":862,"href":"https:\/\/stellplatzinprag.com\/de\/wp-json\/wp\/v2\/pages\/779\/revisions\/862"}],"wp:attachment":[{"href":"https:\/\/stellplatzinprag.com\/de\/wp-json\/wp\/v2\/media?parent=779"}],"curies":[{"name":"wp","href":"https:\/\/api.w.org\/{rel}","templated":true}]}}