{"id":537,"date":"2021-02-22T15:50:48","date_gmt":"2021-02-22T14:50:48","guid":{"rendered":"https:\/\/stellplatzinprag.com\/?page_id=537"},"modified":"2021-04-18T19:45:25","modified_gmt":"2021-04-18T17:45:25","slug":"ausfluege","status":"publish","type":"page","link":"https:\/\/stellplatzinprag.com\/de\/ausfluege\/","title":{"rendered":"Ausfl\u00fcge"},"content":{"rendered":"<h1>Ausfl\u00fcge<\/h1>\n<p>Die Besichtigung der Hauptstadt Prag ist von uns sehr gut erreichbar, ins Zentrum kommt man in nur 30 Minuten mit der Stra\u00dfenbahn.<\/p>\n<div class=\"row\">\n<div class=\"col-sm-3\">\n<p style=\"text-align: left;\"><strong>Ausfl\u00fcge in die n\u00e4here Umgebung:<\/strong><br \/>\n&#8211; Waldpark \u0158epy &#8211; Motol<br \/>\n&#8211; Monument der Schlacht auf dem Wei\u00dfen Berg + Wildgehege Hv\u011bzda mit Sommerschloss<br \/>\n&#8211; Park Ladronka<br \/>\n&#8211; Zentralpark + Tal Prokopsk\u00e9 \u00fadol\u00ed<br \/>\n&#8211; Naturpark \u0160\u00e1rka Lysolaje<br \/>\n&#8211; Seen von Hostivice<\/p>\n<\/div>\n<div class=\"col-sm-3\">\n<p style=\"text-align: left;\"><strong>Ausfl\u00fcge in der weiteren Umgebung:<\/strong><br \/>\n&#8211; Burg Karlstein<br \/>\n&#8211; Steinbr\u00fcche Kleines und Gro\u00dfes Amerika<br \/>\n&#8211; Ort Svat\u00fd Jan pod Skalou<br \/>\n&#8211; Waldgebiet von K\u0159ivokl\u00e1tsko<br \/>\n&#8211; H\u00f6hlen Kon\u011bprusk\u00e9 jeskyn\u011b<br \/>\n&#8211; W\u00e4lder Brdy<br \/>\n&#8211; Schloss Konopi\u0161t\u011b<\/p>\n<\/div>\n<\/div>\n<p>&nbsp;<\/p>\n","protected":false},"excerpt":{"rendered":"<p>Ausfl\u00fcge Die Besichtigung der Hauptstadt Prag ist von uns sehr gut erreichbar, ins Zentrum kommt man in nur 30 Minuten mit der Stra\u00dfenbahn. Ausfl\u00fcge in die n\u00e4here Umgebung: &#8211; Waldpark \u0158epy &#8211; Motol &#8211; Monument der Schlacht auf dem Wei\u00dfen &hellip; <a href=\"https:\/\/stellplatzinprag.com\/de\/ausfluege\/\">Continue reading <span class=\"meta-nav\">&rarr;<\/span><\/a><\/p>\n","protected":false},"author":2,"featured_media":0,"parent":0,"menu_order":30,"comment_status":"closed","ping_status":"closed","template":"","meta":{"footnotes":""},"class_list":["post-537","page","type-page","status-publish","hentry"],"yoast_head":"<!-- This site is optimized with the Yoast SEO plugin v27.4 - https:\/\/yoast.com\/product\/yoast-seo-wordpress\/ -->\n<title>Ausfl\u00fcge - Bulliro Stellplatz Praha 6<\/title>\n<meta name=\"robots\" content=\"index, follow, max-snippet:-1, max-image-preview:large, max-video-preview:-1\" \/>\n<link rel=\"canonical\" href=\"https:\/\/stellplatzinprag.com\/vylety\/\" \/>\n<meta property=\"og:locale\" content=\"de_DE\" \/>\n<meta property=\"og:type\" content=\"article\" \/>\n<meta property=\"og:title\" content=\"Ausfl\u00fcge - Bulliro Stellplatz Praha 6\" \/>\n<meta property=\"og:description\" content=\"Ausfl\u00fcge Die Besichtigung der Hauptstadt Prag ist von uns sehr gut erreichbar, ins Zentrum kommt man in nur 30 Minuten mit der Stra\u00dfenbahn. Ausfl\u00fcge in die n\u00e4here Umgebung: &#8211; Waldpark \u0158epy &#8211; Motol &#8211; Monument der Schlacht auf dem Wei\u00dfen &hellip; Continue reading &rarr;\" \/>\n<meta property=\"og:url\" content=\"https:\/\/stellplatzinprag.com\/vylety\/\" \/>\n<meta property=\"og:site_name\" content=\"Bulliro Stellplatz Praha 6\" \/>\n<meta property=\"article:modified_time\" content=\"2021-04-18T17:45:25+00:00\" \/>\n<meta name=\"twitter:card\" content=\"summary_large_image\" \/>\n<meta name=\"twitter:label1\" content=\"Gesch\u00e4tzte Lesezeit\" \/>\n\t<meta name=\"twitter:data1\" content=\"1\u00a0Minute\" \/>\n<script type=\"application\/ld+json\" class=\"yoast-schema-graph\">{\"@context\":\"https:\\\/\\\/schema.org\",\"@graph\":[{\"@type\":\"WebPage\",\"@id\":\"https:\\\/\\\/stellplatzinprag.com\\\/vylety\\\/\",\"url\":\"https:\\\/\\\/stellplatzinprag.com\\\/vylety\\\/\",\"name\":\"Ausfl\u00fcge - Bulliro Stellplatz Praha 6\",\"isPartOf\":{\"@id\":\"https:\\\/\\\/stellplatzinprag.com\\\/#website\"},\"datePublished\":\"2021-02-22T14:50:48+00:00\",\"dateModified\":\"2021-04-18T17:45:25+00:00\",\"breadcrumb\":{\"@id\":\"https:\\\/\\\/stellplatzinprag.com\\\/vylety\\\/#breadcrumb\"},\"inLanguage\":\"de\",\"potentialAction\":[{\"@type\":\"ReadAction\",\"target\":[\"https:\\\/\\\/stellplatzinprag.com\\\/vylety\\\/\"]}]},{\"@type\":\"BreadcrumbList\",\"@id\":\"https:\\\/\\\/stellplatzinprag.com\\\/vylety\\\/#breadcrumb\",\"itemListElement\":[{\"@type\":\"ListItem\",\"position\":1,\"name\":\"Dom\u016f\",\"item\":\"https:\\\/\\\/stellplatzinprag.com\\\/de\\\/reservierung\\\/\"},{\"@type\":\"ListItem\",\"position\":2,\"name\":\"Ausfl\u00fcge\"}]},{\"@type\":\"WebSite\",\"@id\":\"https:\\\/\\\/stellplatzinprag.com\\\/#website\",\"url\":\"https:\\\/\\\/stellplatzinprag.com\\\/\",\"name\":\"Bulliro Stellplatz Praha 6\",\"description\":\"Parkov\u00e1n\u00ed obytn\u00fdch automobil\u016f p\u0159i z\u00e1padn\u00edm okraji Prahy\",\"potentialAction\":[{\"@type\":\"SearchAction\",\"target\":{\"@type\":\"EntryPoint\",\"urlTemplate\":\"https:\\\/\\\/stellplatzinprag.com\\\/?s={search_term_string}\"},\"query-input\":{\"@type\":\"PropertyValueSpecification\",\"valueRequired\":true,\"valueName\":\"search_term_string\"}}],\"inLanguage\":\"de\"}]}<\/script>\n<!-- \/ Yoast SEO plugin. -->","yoast_head_json":{"title":"Ausfl\u00fcge - Bulliro Stellplatz Praha 6","robots":{"index":"index","follow":"follow","max-snippet":"max-snippet:-1","max-image-preview":"max-image-preview:large","max-video-preview":"max-video-preview:-1"},"canonical":"https:\/\/stellplatzinprag.com\/vylety\/","og_locale":"de_DE","og_type":"article","og_title":"Ausfl\u00fcge - Bulliro Stellplatz Praha 6","og_description":"Ausfl\u00fcge Die Besichtigung der Hauptstadt Prag ist von uns sehr gut erreichbar, ins Zentrum kommt man in nur 30 Minuten mit der Stra\u00dfenbahn. Ausfl\u00fcge in die n\u00e4here Umgebung: &#8211; Waldpark \u0158epy &#8211; Motol &#8211; Monument der Schlacht auf dem Wei\u00dfen &hellip; Continue reading &rarr;","og_url":"https:\/\/stellplatzinprag.com\/vylety\/","og_site_name":"Bulliro Stellplatz Praha 6","article_modified_time":"2021-04-18T17:45:25+00:00","twitter_card":"summary_large_image","twitter_misc":{"Gesch\u00e4tzte Lesezeit":"1\u00a0Minute"},"schema":{"@context":"https:\/\/schema.org","@graph":[{"@type":"WebPage","@id":"https:\/\/stellplatzinprag.com\/vylety\/","url":"https:\/\/stellplatzinprag.com\/vylety\/","name":"Ausfl\u00fcge - Bulliro Stellplatz Praha 6","isPartOf":{"@id":"https:\/\/stellplatzinprag.com\/#website"},"datePublished":"2021-02-22T14:50:48+00:00","dateModified":"2021-04-18T17:45:25+00:00","breadcrumb":{"@id":"https:\/\/stellplatzinprag.com\/vylety\/#breadcrumb"},"inLanguage":"de","potentialAction":[{"@type":"ReadAction","target":["https:\/\/stellplatzinprag.com\/vylety\/"]}]},{"@type":"BreadcrumbList","@id":"https:\/\/stellplatzinprag.com\/vylety\/#breadcrumb","itemListElement":[{"@type":"ListItem","position":1,"name":"Dom\u016f","item":"https:\/\/stellplatzinprag.com\/de\/reservierung\/"},{"@type":"ListItem","position":2,"name":"Ausfl\u00fcge"}]},{"@type":"WebSite","@id":"https:\/\/stellplatzinprag.com\/#website","url":"https:\/\/stellplatzinprag.com\/","name":"Bulliro Stellplatz Praha 6","description":"Parkov\u00e1n\u00ed obytn\u00fdch automobil\u016f p\u0159i z\u00e1padn\u00edm okraji Prahy","potentialAction":[{"@type":"SearchAction","target":{"@type":"EntryPoint","urlTemplate":"https:\/\/stellplatzinprag.com\/?s={search_term_string}"},"query-input":{"@type":"PropertyValueSpecification","valueRequired":true,"valueName":"search_term_string"}}],"inLanguage":"de"}]}},"_links":{"self":[{"href":"https:\/\/stellplatzinprag.com\/de\/wp-json\/wp\/v2\/pages\/537","targetHints":{"allow":["GET"]}}],"collection":[{"href":"https:\/\/stellplatzinprag.com\/de\/wp-json\/wp\/v2\/pages"}],"about":[{"href":"https:\/\/stellplatzinprag.com\/de\/wp-json\/wp\/v2\/types\/page"}],"author":[{"embeddable":true,"href":"https:\/\/stellplatzinprag.com\/de\/wp-json\/wp\/v2\/users\/2"}],"replies":[{"embeddable":true,"href":"https:\/\/stellplatzinprag.com\/de\/wp-json\/wp\/v2\/comments?post=537"}],"version-history":[{"count":8,"href":"https:\/\/stellplatzinprag.com\/de\/wp-json\/wp\/v2\/pages\/537\/revisions"}],"predecessor-version":[{"id":669,"href":"https:\/\/stellplatzinprag.com\/de\/wp-json\/wp\/v2\/pages\/537\/revisions\/669"}],"wp:attachment":[{"href":"https:\/\/stellplatzinprag.com\/de\/wp-json\/wp\/v2\/media?parent=537"}],"curies":[{"name":"wp","href":"https:\/\/api.w.org\/{rel}","templated":true}]}}