{"id":535,"date":"2021-02-22T15:50:30","date_gmt":"2021-02-22T14:50:30","guid":{"rendered":"https:\/\/stellplatzinprag.com\/?page_id=535"},"modified":"2024-10-29T18:45:05","modified_gmt":"2024-10-29T17:45:05","slug":"dienstleistungen-und-preise","status":"publish","type":"page","link":"https:\/\/stellplatzinprag.com\/de\/dienstleistungen-und-preise\/","title":{"rendered":"Dienstleistungen und Preise"},"content":{"rendered":"<h1 style=\"text-align: left;\">Sie k\u00f6nnen bei uns unter anderem benutzen:<\/h1>\n<ul style=\"text-align: left;\">\n<li>Rezeption des Areals: Erledigung von W\u00fcnschen und Beschwerden, Informationen \u00fcber die Verkehrsanbindung, Kopierger\u00e4t<\/li>\n<li>\u00d6ffentliches Hunde-Wellness \u2013 angepasst f\u00fcr den eigentlichen Umgang mit gro\u00dfen und kleinen Hunden &#8211; Preis ab 250 CZK (individuelle Absprache)<\/li>\n<li>Tierarztklinik OK VET<\/li>\n<li>Versanddienstleitungen &#8211; Zustellung und auch Absenden von Sendungen<\/li>\n<\/ul>\n<h2 style=\"text-align: left;\">Wie viel kosten 24 Stunden und wo bezahlt man?<\/h2>\n<h3><span style=\"color: #ff0000;\" data-wp-editing=\"1\"><img loading=\"lazy\" decoding=\"async\" class=\"size-full wp-image-755 alignnone\" src=\"https:\/\/stellplatzinprag.com\/wp-content\/uploads\/2022\/07\/pdf.png\" alt=\"\" width=\"32\" height=\"29\" \/>\u00a0Laden Sie die vollst\u00e4ndige Preisliste herunter, indem Sie auf die Flagge klicken:<\/span><\/h3>\n<p style=\"text-align: left;\"><a href=\"\/wp-content\/uploads\/2024\/03\/pdf\/CZ.pdf\" target=\"_blank\" rel=\"noopener\"><img loading=\"lazy\" decoding=\"async\" class=\"alignnone size-full wp-image-1096\" src=\"https:\/\/stellplatzinprag.com\/wp-content\/uploads\/2024\/03\/cz.jpg\" alt=\"\" width=\"76\" height=\"44\" \/><\/a> \u00a0\u00a0<a href=\"\/wp-content\/uploads\/2024\/03\/pdf\/EN.pdf\" target=\"_blank\" rel=\"noopener\"><img loading=\"lazy\" decoding=\"async\" class=\"alignnone size-full wp-image-1096\" src=\"https:\/\/stellplatzinprag.com\/wp-content\/uploads\/2024\/03\/en.jpg\" alt=\"\" width=\"76\" height=\"44\" \/><\/a> \u00a0\u00a0<a href=\"\/wp-content\/uploads\/2024\/03\/pdf\/DE.pdf\" target=\"_blank\" rel=\"noopener\"><img loading=\"lazy\" decoding=\"async\" class=\"alignnone size-full wp-image-1096\" src=\"https:\/\/stellplatzinprag.com\/wp-content\/uploads\/2024\/03\/de.jpg\" alt=\"\" width=\"76\" height=\"44\" \/><\/a> \u00a0\u00a0<a href=\"\/wp-content\/uploads\/2024\/03\/pdf\/FR.pdf\" target=\"_blank\" rel=\"noopener\"><img loading=\"lazy\" decoding=\"async\" class=\"alignnone size-full wp-image-1096\" src=\"https:\/\/stellplatzinprag.com\/wp-content\/uploads\/2024\/03\/fr.jpg\" alt=\"\" width=\"76\" height=\"44\" \/><\/a> \u00a0\u00a0<a href=\"\/wp-content\/uploads\/2024\/03\/pdf\/IT.pdf\" target=\"_blank\" rel=\"noopener\"><img loading=\"lazy\" decoding=\"async\" class=\"alignnone size-full wp-image-1096\" src=\"https:\/\/stellplatzinprag.com\/wp-content\/uploads\/2024\/03\/it.jpg\" alt=\"\" width=\"76\" height=\"44\" \/><\/a> \u00a0\u00a0<a href=\"\/wp-content\/uploads\/2024\/03\/pdf\/ESP.pdf\" target=\"_blank\" rel=\"noopener\"><img loading=\"lazy\" decoding=\"async\" class=\"alignnone size-full wp-image-1096\" src=\"https:\/\/stellplatzinprag.com\/wp-content\/uploads\/2024\/03\/esp.jpg\" alt=\"\" width=\"76\" height=\"44\" \/><\/a> \u00a0\u00a0<a href=\"\/wp-content\/uploads\/2024\/03\/pdf\/NL.pdf\" target=\"_blank\" rel=\"noopener\"><img loading=\"lazy\" decoding=\"async\" class=\"alignnone size-full wp-image-1096\" src=\"https:\/\/stellplatzinprag.com\/wp-content\/uploads\/2024\/03\/nl.jpg\" alt=\"\" width=\"76\" height=\"44\" \/><\/a> \u00a0\u00a0<a href=\"\/wp-content\/uploads\/2024\/03\/pdf\/RU.pdf\" target=\"_blank\" rel=\"noopener\"><img loading=\"lazy\" decoding=\"async\" class=\"alignnone size-full wp-image-1096\" src=\"https:\/\/stellplatzinprag.com\/wp-content\/uploads\/2024\/03\/rus.jpg\" alt=\"\" width=\"76\" height=\"44\" \/><\/a><\/p>\n<p><!--\n\n\n<p style=\"text-align: left;\">Parken: <strong>500,-<\/strong> CZK ohne Anschluss von Strom, aber selbstverst\u00e4ndlich mit Service und Nutzung der maximalen Gem\u00fctlichkeit bei uns.<\/p>\n\n\n\n\n<p style=\"text-align: left;\">Strom: <strong>150,-<\/strong> CZK (begrenzte Anzahl der Anschl\u00fcsse, kl\u00e4ren wir auf Anfrage).<\/p>\n\n\n--><\/p>\n<p style=\"text-align: left;\">Es wird mit Zahlkarte bezahlt, alles wird in der Rezeption gekl\u00e4rt und eine Selbstverst\u00e4ndlichkeit ist ein Steuerbeleg (wir sind MwSt.-Zahler).<\/p>\n<p style=\"text-align: left;\">Der Preis kann nur nach vorhergehender Vereinbarung auf der Grundlage weiterer Erg\u00e4nzungsdienstleistungen erh\u00f6ht werden.<\/p>\n<p>&nbsp;<\/p>\n","protected":false},"excerpt":{"rendered":"<p>Sie k\u00f6nnen bei uns unter anderem benutzen: Rezeption des Areals: Erledigung von W\u00fcnschen und Beschwerden, Informationen \u00fcber die Verkehrsanbindung, Kopierger\u00e4t \u00d6ffentliches Hunde-Wellness \u2013 angepasst f\u00fcr den eigentlichen Umgang mit gro\u00dfen und kleinen Hunden &#8211; Preis ab 250 CZK (individuelle Absprache) &hellip; <a href=\"https:\/\/stellplatzinprag.com\/de\/dienstleistungen-und-preise\/\">Continue reading <span class=\"meta-nav\">&rarr;<\/span><\/a><\/p>\n","protected":false},"author":2,"featured_media":0,"parent":0,"menu_order":5,"comment_status":"closed","ping_status":"closed","template":"","meta":{"footnotes":""},"class_list":["post-535","page","type-page","status-publish","hentry"],"yoast_head":"<!-- This site is optimized with the Yoast SEO plugin v27.3 - https:\/\/yoast.com\/product\/yoast-seo-wordpress\/ -->\n<title>Dienstleistungen und Preise - Bulliro Stellplatz Praha 6<\/title>\n<meta name=\"robots\" content=\"index, follow, max-snippet:-1, max-image-preview:large, max-video-preview:-1\" \/>\n<link rel=\"canonical\" href=\"https:\/\/stellplatzinprag.com\/de\/dienstleistungen-und-preise\/\" \/>\n<meta property=\"og:locale\" content=\"de_DE\" \/>\n<meta property=\"og:type\" content=\"article\" \/>\n<meta property=\"og:title\" content=\"Dienstleistungen und Preise - Bulliro Stellplatz Praha 6\" \/>\n<meta property=\"og:description\" content=\"Sie k\u00f6nnen bei uns unter anderem benutzen: Rezeption des Areals: Erledigung von W\u00fcnschen und Beschwerden, Informationen \u00fcber die Verkehrsanbindung, Kopierger\u00e4t \u00d6ffentliches Hunde-Wellness \u2013 angepasst f\u00fcr den eigentlichen Umgang mit gro\u00dfen und kleinen Hunden &#8211; Preis ab 250 CZK (individuelle Absprache) &hellip; Continue reading &rarr;\" \/>\n<meta property=\"og:url\" content=\"https:\/\/stellplatzinprag.com\/de\/dienstleistungen-und-preise\/\" \/>\n<meta property=\"og:site_name\" content=\"Bulliro Stellplatz Praha 6\" \/>\n<meta property=\"article:modified_time\" content=\"2024-10-29T17:45:05+00:00\" \/>\n<meta property=\"og:image\" content=\"https:\/\/stellplatzinprag.com\/wp-content\/uploads\/2022\/07\/pdf.png\" \/>\n<meta name=\"twitter:card\" content=\"summary_large_image\" \/>\n<meta name=\"twitter:label1\" content=\"Gesch\u00e4tzte Lesezeit\" \/>\n\t<meta name=\"twitter:data1\" content=\"3\u00a0Minuten\" \/>\n<script type=\"application\/ld+json\" class=\"yoast-schema-graph\">{\"@context\":\"https:\\\/\\\/schema.org\",\"@graph\":[{\"@type\":\"WebPage\",\"@id\":\"https:\\\/\\\/stellplatzinprag.com\\\/de\\\/dienstleistungen-und-preise\\\/\",\"url\":\"https:\\\/\\\/stellplatzinprag.com\\\/de\\\/dienstleistungen-und-preise\\\/\",\"name\":\"Dienstleistungen und Preise - Bulliro Stellplatz Praha 6\",\"isPartOf\":{\"@id\":\"https:\\\/\\\/stellplatzinprag.com\\\/#website\"},\"primaryImageOfPage\":{\"@id\":\"https:\\\/\\\/stellplatzinprag.com\\\/de\\\/dienstleistungen-und-preise\\\/#primaryimage\"},\"image\":{\"@id\":\"https:\\\/\\\/stellplatzinprag.com\\\/de\\\/dienstleistungen-und-preise\\\/#primaryimage\"},\"thumbnailUrl\":\"https:\\\/\\\/stellplatzinprag.com\\\/wp-content\\\/uploads\\\/2022\\\/07\\\/pdf.png\",\"datePublished\":\"2021-02-22T14:50:30+00:00\",\"dateModified\":\"2024-10-29T17:45:05+00:00\",\"breadcrumb\":{\"@id\":\"https:\\\/\\\/stellplatzinprag.com\\\/de\\\/dienstleistungen-und-preise\\\/#breadcrumb\"},\"inLanguage\":\"de\",\"potentialAction\":[{\"@type\":\"ReadAction\",\"target\":[\"https:\\\/\\\/stellplatzinprag.com\\\/de\\\/dienstleistungen-und-preise\\\/\"]}]},{\"@type\":\"ImageObject\",\"inLanguage\":\"de\",\"@id\":\"https:\\\/\\\/stellplatzinprag.com\\\/de\\\/dienstleistungen-und-preise\\\/#primaryimage\",\"url\":\"https:\\\/\\\/stellplatzinprag.com\\\/wp-content\\\/uploads\\\/2022\\\/07\\\/pdf.png\",\"contentUrl\":\"https:\\\/\\\/stellplatzinprag.com\\\/wp-content\\\/uploads\\\/2022\\\/07\\\/pdf.png\"},{\"@type\":\"BreadcrumbList\",\"@id\":\"https:\\\/\\\/stellplatzinprag.com\\\/de\\\/dienstleistungen-und-preise\\\/#breadcrumb\",\"itemListElement\":[{\"@type\":\"ListItem\",\"position\":1,\"name\":\"Dom\u016f\",\"item\":\"https:\\\/\\\/stellplatzinprag.com\\\/de\\\/reservierung\\\/\"},{\"@type\":\"ListItem\",\"position\":2,\"name\":\"Dienstleistungen und Preise\"}]},{\"@type\":\"WebSite\",\"@id\":\"https:\\\/\\\/stellplatzinprag.com\\\/#website\",\"url\":\"https:\\\/\\\/stellplatzinprag.com\\\/\",\"name\":\"Bulliro Stellplatz Praha 6\",\"description\":\"Parkov\u00e1n\u00ed obytn\u00fdch automobil\u016f p\u0159i z\u00e1padn\u00edm okraji Prahy\",\"potentialAction\":[{\"@type\":\"SearchAction\",\"target\":{\"@type\":\"EntryPoint\",\"urlTemplate\":\"https:\\\/\\\/stellplatzinprag.com\\\/?s={search_term_string}\"},\"query-input\":{\"@type\":\"PropertyValueSpecification\",\"valueRequired\":true,\"valueName\":\"search_term_string\"}}],\"inLanguage\":\"de\"}]}<\/script>\n<!-- \/ Yoast SEO plugin. -->","yoast_head_json":{"title":"Dienstleistungen und Preise - Bulliro Stellplatz Praha 6","robots":{"index":"index","follow":"follow","max-snippet":"max-snippet:-1","max-image-preview":"max-image-preview:large","max-video-preview":"max-video-preview:-1"},"canonical":"https:\/\/stellplatzinprag.com\/de\/dienstleistungen-und-preise\/","og_locale":"de_DE","og_type":"article","og_title":"Dienstleistungen und Preise - Bulliro Stellplatz Praha 6","og_description":"Sie k\u00f6nnen bei uns unter anderem benutzen: Rezeption des Areals: Erledigung von W\u00fcnschen und Beschwerden, Informationen \u00fcber die Verkehrsanbindung, Kopierger\u00e4t \u00d6ffentliches Hunde-Wellness \u2013 angepasst f\u00fcr den eigentlichen Umgang mit gro\u00dfen und kleinen Hunden &#8211; Preis ab 250 CZK (individuelle Absprache) &hellip; Continue reading &rarr;","og_url":"https:\/\/stellplatzinprag.com\/de\/dienstleistungen-und-preise\/","og_site_name":"Bulliro Stellplatz Praha 6","article_modified_time":"2024-10-29T17:45:05+00:00","og_image":[{"url":"https:\/\/stellplatzinprag.com\/wp-content\/uploads\/2022\/07\/pdf.png","type":"","width":"","height":""}],"twitter_card":"summary_large_image","twitter_misc":{"Gesch\u00e4tzte Lesezeit":"3\u00a0Minuten"},"schema":{"@context":"https:\/\/schema.org","@graph":[{"@type":"WebPage","@id":"https:\/\/stellplatzinprag.com\/de\/dienstleistungen-und-preise\/","url":"https:\/\/stellplatzinprag.com\/de\/dienstleistungen-und-preise\/","name":"Dienstleistungen und Preise - Bulliro Stellplatz Praha 6","isPartOf":{"@id":"https:\/\/stellplatzinprag.com\/#website"},"primaryImageOfPage":{"@id":"https:\/\/stellplatzinprag.com\/de\/dienstleistungen-und-preise\/#primaryimage"},"image":{"@id":"https:\/\/stellplatzinprag.com\/de\/dienstleistungen-und-preise\/#primaryimage"},"thumbnailUrl":"https:\/\/stellplatzinprag.com\/wp-content\/uploads\/2022\/07\/pdf.png","datePublished":"2021-02-22T14:50:30+00:00","dateModified":"2024-10-29T17:45:05+00:00","breadcrumb":{"@id":"https:\/\/stellplatzinprag.com\/de\/dienstleistungen-und-preise\/#breadcrumb"},"inLanguage":"de","potentialAction":[{"@type":"ReadAction","target":["https:\/\/stellplatzinprag.com\/de\/dienstleistungen-und-preise\/"]}]},{"@type":"ImageObject","inLanguage":"de","@id":"https:\/\/stellplatzinprag.com\/de\/dienstleistungen-und-preise\/#primaryimage","url":"https:\/\/stellplatzinprag.com\/wp-content\/uploads\/2022\/07\/pdf.png","contentUrl":"https:\/\/stellplatzinprag.com\/wp-content\/uploads\/2022\/07\/pdf.png"},{"@type":"BreadcrumbList","@id":"https:\/\/stellplatzinprag.com\/de\/dienstleistungen-und-preise\/#breadcrumb","itemListElement":[{"@type":"ListItem","position":1,"name":"Dom\u016f","item":"https:\/\/stellplatzinprag.com\/de\/reservierung\/"},{"@type":"ListItem","position":2,"name":"Dienstleistungen und Preise"}]},{"@type":"WebSite","@id":"https:\/\/stellplatzinprag.com\/#website","url":"https:\/\/stellplatzinprag.com\/","name":"Bulliro Stellplatz Praha 6","description":"Parkov\u00e1n\u00ed obytn\u00fdch automobil\u016f p\u0159i z\u00e1padn\u00edm okraji Prahy","potentialAction":[{"@type":"SearchAction","target":{"@type":"EntryPoint","urlTemplate":"https:\/\/stellplatzinprag.com\/?s={search_term_string}"},"query-input":{"@type":"PropertyValueSpecification","valueRequired":true,"valueName":"search_term_string"}}],"inLanguage":"de"}]}},"_links":{"self":[{"href":"https:\/\/stellplatzinprag.com\/de\/wp-json\/wp\/v2\/pages\/535","targetHints":{"allow":["GET"]}}],"collection":[{"href":"https:\/\/stellplatzinprag.com\/de\/wp-json\/wp\/v2\/pages"}],"about":[{"href":"https:\/\/stellplatzinprag.com\/de\/wp-json\/wp\/v2\/types\/page"}],"author":[{"embeddable":true,"href":"https:\/\/stellplatzinprag.com\/de\/wp-json\/wp\/v2\/users\/2"}],"replies":[{"embeddable":true,"href":"https:\/\/stellplatzinprag.com\/de\/wp-json\/wp\/v2\/comments?post=535"}],"version-history":[{"count":15,"href":"https:\/\/stellplatzinprag.com\/de\/wp-json\/wp\/v2\/pages\/535\/revisions"}],"predecessor-version":[{"id":1172,"href":"https:\/\/stellplatzinprag.com\/de\/wp-json\/wp\/v2\/pages\/535\/revisions\/1172"}],"wp:attachment":[{"href":"https:\/\/stellplatzinprag.com\/de\/wp-json\/wp\/v2\/media?parent=535"}],"curies":[{"name":"wp","href":"https:\/\/api.w.org\/{rel}","templated":true}]}}