{"id":533,"date":"2021-02-22T15:49:45","date_gmt":"2021-02-22T14:49:45","guid":{"rendered":"https:\/\/stellplatzinprag.com\/?page_id=533"},"modified":"2021-04-18T19:41:12","modified_gmt":"2021-04-18T17:41:12","slug":"sie-finden-in-der-umgebung","status":"publish","type":"page","link":"https:\/\/stellplatzinprag.com\/de\/sie-finden-in-der-umgebung\/","title":{"rendered":"Sie finden in der Umgebung"},"content":{"rendered":"<h1 style=\"text-align: left;\">Sie finden in der Umgebung:<\/h1>\n<div class=\"row\" style=\"text-align: left;\">\n<div class=\"col-sm-3\">\n<h3>Sport:<\/h3>\n<p style=\"text-align: left;\">&#8211; Sportzentrum \u0158epy (Schwimmbecken,<br \/>\nWellness, Sauna, Tennispl\u00e4tze)<br \/>\n&#8211; Skatepark \u0158epy<br \/>\n&#8211; Bikrosclub \u0158epy<br \/>\n&#8211; Aktiverholung im Waldpark \u0158epy<br \/>\n&#8211; Cyklocross Motol<br \/>\n&#8211; CM Karting (Zli\u010d\u00edn)<br \/>\n&#8211; Golf Club Praha (Motol)<\/p>\n<\/div>\n<div class=\"col-sm-3\">\n<h3 style=\"text-align: left;\">Verpflegung in der unmittelbaren N\u00e4he:<\/h3>\n<p>&#8211; Twin Lids<br \/>\n&#8211; Kozel na rybn\u00ed\u010dku<br \/>\n&#8211; Sokolovna \u0158epy<br \/>\n&#8211; Klub u Skl\u00ed\u010dka<br \/>\n&#8211; Origin\u00e1l \u0160enkovna<br \/>\n&#8211; \u0160alanda u Pr\u016fhonu<br \/>\n&#8211; Bowling Restaurant Manta<br \/>\n&#8211; Maso a kou\u0159<br \/>\n&#8211; Mc Donald<br \/>\n&#8211; KFC<\/p>\n<\/div>\n<\/div>\n<div class=\"row\" style=\"text-align: left;\">\n<div class=\"col-sm-3\">\n<h3>Gesch\u00e4fte in der unmittelbaren N\u00e4he:<\/h3>\n<p>&#8211; Hornbach \u0158epy<br \/>\n&#8211; Lidl \u0158epy<br \/>\n&#8211; Penny Market<\/p>\n<\/div>\n<div class=\"col-sm-3\">\n<h3>Gesch\u00e4ftszentren in der Reichweite:<\/h3>\n<p>&#8211; Einkaufszentrum \u0160estka<br \/>\n&#8211; Metropole Zli\u010d\u00edn<br \/>\n&#8211; Homepark Zli\u010d\u00edn<br \/>\n&#8211; IKEA Zli\u010d\u00edn<br \/>\n&#8211; Globus Zli\u010d\u00edn<\/p>\n<\/div>\n<\/div>\n<p>&nbsp;<\/p>\n<p>In unmittelbarer N\u00e4he befinden sich auch das Gemeindeamt, die Feuerwehr \u0158epy, die Apotheke Makovsk\u00e9ho, die Hl.-Martinskirche und das Kloster des hl. Karel Boromejsk\u00fd.<\/p>\n<p>&nbsp;<\/p>\n","protected":false},"excerpt":{"rendered":"<p>Sie finden in der Umgebung: Sport: &#8211; Sportzentrum \u0158epy (Schwimmbecken, Wellness, Sauna, Tennispl\u00e4tze) &#8211; Skatepark \u0158epy &#8211; Bikrosclub \u0158epy &#8211; Aktiverholung im Waldpark \u0158epy &#8211; Cyklocross Motol &#8211; CM Karting (Zli\u010d\u00edn) &#8211; Golf Club Praha (Motol) Verpflegung in der unmittelbaren &hellip; <a href=\"https:\/\/stellplatzinprag.com\/de\/sie-finden-in-der-umgebung\/\">Continue reading <span class=\"meta-nav\">&rarr;<\/span><\/a><\/p>\n","protected":false},"author":2,"featured_media":0,"parent":0,"menu_order":20,"comment_status":"closed","ping_status":"closed","template":"","meta":{"footnotes":""},"class_list":["post-533","page","type-page","status-publish","hentry"],"yoast_head":"<!-- This site is optimized with the Yoast SEO plugin v27.4 - https:\/\/yoast.com\/product\/yoast-seo-wordpress\/ -->\n<title>Sie finden in der Umgebung - Bulliro Stellplatz Praha 6<\/title>\n<meta name=\"robots\" content=\"index, follow, max-snippet:-1, max-image-preview:large, max-video-preview:-1\" \/>\n<link rel=\"canonical\" href=\"https:\/\/stellplatzinprag.com\/de\/sie-finden-in-der-umgebung\/\" \/>\n<meta property=\"og:locale\" content=\"de_DE\" \/>\n<meta property=\"og:type\" content=\"article\" \/>\n<meta property=\"og:title\" content=\"Sie finden in der Umgebung - Bulliro Stellplatz Praha 6\" \/>\n<meta property=\"og:description\" content=\"Sie finden in der Umgebung: Sport: &#8211; Sportzentrum \u0158epy (Schwimmbecken, Wellness, Sauna, Tennispl\u00e4tze) &#8211; Skatepark \u0158epy &#8211; Bikrosclub \u0158epy &#8211; Aktiverholung im Waldpark \u0158epy &#8211; Cyklocross Motol &#8211; CM Karting (Zli\u010d\u00edn) &#8211; Golf Club Praha (Motol) Verpflegung in der unmittelbaren &hellip; Continue reading &rarr;\" \/>\n<meta property=\"og:url\" content=\"https:\/\/stellplatzinprag.com\/de\/sie-finden-in-der-umgebung\/\" \/>\n<meta property=\"og:site_name\" content=\"Bulliro Stellplatz Praha 6\" \/>\n<meta property=\"article:modified_time\" content=\"2021-04-18T17:41:12+00:00\" \/>\n<meta name=\"twitter:card\" content=\"summary_large_image\" \/>\n<meta name=\"twitter:label1\" content=\"Gesch\u00e4tzte Lesezeit\" \/>\n\t<meta name=\"twitter:data1\" content=\"1\u00a0Minute\" \/>\n<script type=\"application\/ld+json\" class=\"yoast-schema-graph\">{\"@context\":\"https:\\\/\\\/schema.org\",\"@graph\":[{\"@type\":\"WebPage\",\"@id\":\"https:\\\/\\\/stellplatzinprag.com\\\/de\\\/sie-finden-in-der-umgebung\\\/\",\"url\":\"https:\\\/\\\/stellplatzinprag.com\\\/de\\\/sie-finden-in-der-umgebung\\\/\",\"name\":\"Sie finden in der Umgebung - Bulliro Stellplatz Praha 6\",\"isPartOf\":{\"@id\":\"https:\\\/\\\/stellplatzinprag.com\\\/#website\"},\"datePublished\":\"2021-02-22T14:49:45+00:00\",\"dateModified\":\"2021-04-18T17:41:12+00:00\",\"breadcrumb\":{\"@id\":\"https:\\\/\\\/stellplatzinprag.com\\\/de\\\/sie-finden-in-der-umgebung\\\/#breadcrumb\"},\"inLanguage\":\"de\",\"potentialAction\":[{\"@type\":\"ReadAction\",\"target\":[\"https:\\\/\\\/stellplatzinprag.com\\\/de\\\/sie-finden-in-der-umgebung\\\/\"]}]},{\"@type\":\"BreadcrumbList\",\"@id\":\"https:\\\/\\\/stellplatzinprag.com\\\/de\\\/sie-finden-in-der-umgebung\\\/#breadcrumb\",\"itemListElement\":[{\"@type\":\"ListItem\",\"position\":1,\"name\":\"Dom\u016f\",\"item\":\"https:\\\/\\\/stellplatzinprag.com\\\/de\\\/reservierung\\\/\"},{\"@type\":\"ListItem\",\"position\":2,\"name\":\"Sie finden in der Umgebung\"}]},{\"@type\":\"WebSite\",\"@id\":\"https:\\\/\\\/stellplatzinprag.com\\\/#website\",\"url\":\"https:\\\/\\\/stellplatzinprag.com\\\/\",\"name\":\"Bulliro Stellplatz Praha 6\",\"description\":\"Parkov\u00e1n\u00ed obytn\u00fdch automobil\u016f p\u0159i z\u00e1padn\u00edm okraji Prahy\",\"potentialAction\":[{\"@type\":\"SearchAction\",\"target\":{\"@type\":\"EntryPoint\",\"urlTemplate\":\"https:\\\/\\\/stellplatzinprag.com\\\/?s={search_term_string}\"},\"query-input\":{\"@type\":\"PropertyValueSpecification\",\"valueRequired\":true,\"valueName\":\"search_term_string\"}}],\"inLanguage\":\"de\"}]}<\/script>\n<!-- \/ Yoast SEO plugin. -->","yoast_head_json":{"title":"Sie finden in der Umgebung - Bulliro Stellplatz Praha 6","robots":{"index":"index","follow":"follow","max-snippet":"max-snippet:-1","max-image-preview":"max-image-preview:large","max-video-preview":"max-video-preview:-1"},"canonical":"https:\/\/stellplatzinprag.com\/de\/sie-finden-in-der-umgebung\/","og_locale":"de_DE","og_type":"article","og_title":"Sie finden in der Umgebung - Bulliro Stellplatz Praha 6","og_description":"Sie finden in der Umgebung: Sport: &#8211; Sportzentrum \u0158epy (Schwimmbecken, Wellness, Sauna, Tennispl\u00e4tze) &#8211; Skatepark \u0158epy &#8211; Bikrosclub \u0158epy &#8211; Aktiverholung im Waldpark \u0158epy &#8211; Cyklocross Motol &#8211; CM Karting (Zli\u010d\u00edn) &#8211; Golf Club Praha (Motol) Verpflegung in der unmittelbaren &hellip; Continue reading &rarr;","og_url":"https:\/\/stellplatzinprag.com\/de\/sie-finden-in-der-umgebung\/","og_site_name":"Bulliro Stellplatz Praha 6","article_modified_time":"2021-04-18T17:41:12+00:00","twitter_card":"summary_large_image","twitter_misc":{"Gesch\u00e4tzte Lesezeit":"1\u00a0Minute"},"schema":{"@context":"https:\/\/schema.org","@graph":[{"@type":"WebPage","@id":"https:\/\/stellplatzinprag.com\/de\/sie-finden-in-der-umgebung\/","url":"https:\/\/stellplatzinprag.com\/de\/sie-finden-in-der-umgebung\/","name":"Sie finden in der Umgebung - Bulliro Stellplatz Praha 6","isPartOf":{"@id":"https:\/\/stellplatzinprag.com\/#website"},"datePublished":"2021-02-22T14:49:45+00:00","dateModified":"2021-04-18T17:41:12+00:00","breadcrumb":{"@id":"https:\/\/stellplatzinprag.com\/de\/sie-finden-in-der-umgebung\/#breadcrumb"},"inLanguage":"de","potentialAction":[{"@type":"ReadAction","target":["https:\/\/stellplatzinprag.com\/de\/sie-finden-in-der-umgebung\/"]}]},{"@type":"BreadcrumbList","@id":"https:\/\/stellplatzinprag.com\/de\/sie-finden-in-der-umgebung\/#breadcrumb","itemListElement":[{"@type":"ListItem","position":1,"name":"Dom\u016f","item":"https:\/\/stellplatzinprag.com\/de\/reservierung\/"},{"@type":"ListItem","position":2,"name":"Sie finden in der Umgebung"}]},{"@type":"WebSite","@id":"https:\/\/stellplatzinprag.com\/#website","url":"https:\/\/stellplatzinprag.com\/","name":"Bulliro Stellplatz Praha 6","description":"Parkov\u00e1n\u00ed obytn\u00fdch automobil\u016f p\u0159i z\u00e1padn\u00edm okraji Prahy","potentialAction":[{"@type":"SearchAction","target":{"@type":"EntryPoint","urlTemplate":"https:\/\/stellplatzinprag.com\/?s={search_term_string}"},"query-input":{"@type":"PropertyValueSpecification","valueRequired":true,"valueName":"search_term_string"}}],"inLanguage":"de"}]}},"_links":{"self":[{"href":"https:\/\/stellplatzinprag.com\/de\/wp-json\/wp\/v2\/pages\/533","targetHints":{"allow":["GET"]}}],"collection":[{"href":"https:\/\/stellplatzinprag.com\/de\/wp-json\/wp\/v2\/pages"}],"about":[{"href":"https:\/\/stellplatzinprag.com\/de\/wp-json\/wp\/v2\/types\/page"}],"author":[{"embeddable":true,"href":"https:\/\/stellplatzinprag.com\/de\/wp-json\/wp\/v2\/users\/2"}],"replies":[{"embeddable":true,"href":"https:\/\/stellplatzinprag.com\/de\/wp-json\/wp\/v2\/comments?post=533"}],"version-history":[{"count":11,"href":"https:\/\/stellplatzinprag.com\/de\/wp-json\/wp\/v2\/pages\/533\/revisions"}],"predecessor-version":[{"id":667,"href":"https:\/\/stellplatzinprag.com\/de\/wp-json\/wp\/v2\/pages\/533\/revisions\/667"}],"wp:attachment":[{"href":"https:\/\/stellplatzinprag.com\/de\/wp-json\/wp\/v2\/media?parent=533"}],"curies":[{"name":"wp","href":"https:\/\/api.w.org\/{rel}","templated":true}]}}