{"id":531,"date":"2021-04-12T21:12:25","date_gmt":"2021-04-12T19:12:25","guid":{"rendered":"https:\/\/stellplatzinprag.com\/?page_id=531"},"modified":"2021-04-18T19:55:07","modified_gmt":"2021-04-18T17:55:07","slug":"es-schrieben-ueber-uns","status":"publish","type":"page","link":"https:\/\/stellplatzinprag.com\/de\/es-schrieben-ueber-uns\/","title":{"rendered":"Es schrieben \u00fcber uns \/ Rezessionen"},"content":{"rendered":"<h1 style=\"text-align: left;\">Es schrieben \u00fcber uns \/ Rezessionen<\/h1>\n<p>&nbsp;<\/p>\n<p style=\"text-align: center;\"><a href=\"https:\/\/www.vanisti.cz\/tipy-na-cesty\/stellplatz-v-praze-tip-nejen-na-lockdown\/\" target=\"_blank\" rel=\"noopener\"><img loading=\"lazy\" decoding=\"async\" class=\"aligncenter size-full wp-image-147\" src=\"https:\/\/stellplatzinprag.com\/wp-content\/uploads\/2021\/04\/vanisti.png\" alt=\"\" width=\"272\" height=\"63\" \/><\/a><\/p>\n<p style=\"text-align: center;\"><a href=\"https:\/\/www.caravan24.cz\/stellplatz-kemp.php?mstpl_id=890\" target=\"_blank\" rel=\"noopener\"><img loading=\"lazy\" decoding=\"async\" class=\"aligncenter size-full wp-image-150\" src=\"https:\/\/stellplatzinprag.com\/wp-content\/uploads\/2021\/04\/Logo_C24_nove.png\" alt=\"\" width=\"257\" height=\"53\" \/><\/a><\/p>\n<p>&nbsp;<\/p>\n","protected":false},"excerpt":{"rendered":"<p>Es schrieben \u00fcber uns \/ Rezessionen &nbsp; &nbsp;<\/p>\n","protected":false},"author":2,"featured_media":0,"parent":0,"menu_order":60,"comment_status":"closed","ping_status":"closed","template":"","meta":{"footnotes":""},"class_list":["post-531","page","type-page","status-publish","hentry"],"yoast_head":"<!-- This site is optimized with the Yoast SEO plugin v27.4 - https:\/\/yoast.com\/product\/yoast-seo-wordpress\/ -->\n<title>Es schrieben \u00fcber uns \/ Rezessionen - Bulliro Stellplatz Praha 6<\/title>\n<meta name=\"robots\" content=\"index, follow, max-snippet:-1, max-image-preview:large, max-video-preview:-1\" \/>\n<link rel=\"canonical\" href=\"https:\/\/stellplatzinprag.com\/napsali-o-nas-recenze\/\" \/>\n<meta property=\"og:locale\" content=\"de_DE\" \/>\n<meta property=\"og:type\" content=\"article\" \/>\n<meta property=\"og:title\" content=\"Es schrieben \u00fcber uns \/ Rezessionen - Bulliro Stellplatz Praha 6\" \/>\n<meta property=\"og:description\" content=\"Es schrieben \u00fcber uns \/ Rezessionen &nbsp; &nbsp;\" \/>\n<meta property=\"og:url\" content=\"https:\/\/stellplatzinprag.com\/napsali-o-nas-recenze\/\" \/>\n<meta property=\"og:site_name\" content=\"Bulliro Stellplatz Praha 6\" \/>\n<meta property=\"article:modified_time\" content=\"2021-04-18T17:55:07+00:00\" \/>\n<meta property=\"og:image\" content=\"https:\/\/stellplatzinprag.com\/wp-content\/uploads\/2021\/04\/vanisti.png\" \/>\n<meta name=\"twitter:card\" content=\"summary_large_image\" \/>\n<meta name=\"twitter:label1\" content=\"Gesch\u00e4tzte Lesezeit\" \/>\n\t<meta name=\"twitter:data1\" content=\"1\u00a0Minute\" \/>\n<script type=\"application\/ld+json\" class=\"yoast-schema-graph\">{\"@context\":\"https:\\\/\\\/schema.org\",\"@graph\":[{\"@type\":\"WebPage\",\"@id\":\"https:\\\/\\\/stellplatzinprag.com\\\/napsali-o-nas-recenze\\\/\",\"url\":\"https:\\\/\\\/stellplatzinprag.com\\\/napsali-o-nas-recenze\\\/\",\"name\":\"Es schrieben \u00fcber uns \\\/ Rezessionen - Bulliro Stellplatz Praha 6\",\"isPartOf\":{\"@id\":\"https:\\\/\\\/stellplatzinprag.com\\\/#website\"},\"primaryImageOfPage\":{\"@id\":\"https:\\\/\\\/stellplatzinprag.com\\\/napsali-o-nas-recenze\\\/#primaryimage\"},\"image\":{\"@id\":\"https:\\\/\\\/stellplatzinprag.com\\\/napsali-o-nas-recenze\\\/#primaryimage\"},\"thumbnailUrl\":\"https:\\\/\\\/stellplatzinprag.com\\\/wp-content\\\/uploads\\\/2021\\\/04\\\/vanisti.png\",\"datePublished\":\"2021-04-12T19:12:25+00:00\",\"dateModified\":\"2021-04-18T17:55:07+00:00\",\"breadcrumb\":{\"@id\":\"https:\\\/\\\/stellplatzinprag.com\\\/napsali-o-nas-recenze\\\/#breadcrumb\"},\"inLanguage\":\"de\",\"potentialAction\":[{\"@type\":\"ReadAction\",\"target\":[\"https:\\\/\\\/stellplatzinprag.com\\\/napsali-o-nas-recenze\\\/\"]}]},{\"@type\":\"ImageObject\",\"inLanguage\":\"de\",\"@id\":\"https:\\\/\\\/stellplatzinprag.com\\\/napsali-o-nas-recenze\\\/#primaryimage\",\"url\":\"https:\\\/\\\/stellplatzinprag.com\\\/wp-content\\\/uploads\\\/2021\\\/04\\\/vanisti.png\",\"contentUrl\":\"https:\\\/\\\/stellplatzinprag.com\\\/wp-content\\\/uploads\\\/2021\\\/04\\\/vanisti.png\"},{\"@type\":\"BreadcrumbList\",\"@id\":\"https:\\\/\\\/stellplatzinprag.com\\\/napsali-o-nas-recenze\\\/#breadcrumb\",\"itemListElement\":[{\"@type\":\"ListItem\",\"position\":1,\"name\":\"Dom\u016f\",\"item\":\"https:\\\/\\\/stellplatzinprag.com\\\/de\\\/reservierung\\\/\"},{\"@type\":\"ListItem\",\"position\":2,\"name\":\"Es schrieben \u00fcber uns \\\/ Rezessionen\"}]},{\"@type\":\"WebSite\",\"@id\":\"https:\\\/\\\/stellplatzinprag.com\\\/#website\",\"url\":\"https:\\\/\\\/stellplatzinprag.com\\\/\",\"name\":\"Bulliro Stellplatz Praha 6\",\"description\":\"Parkov\u00e1n\u00ed obytn\u00fdch automobil\u016f p\u0159i z\u00e1padn\u00edm okraji Prahy\",\"potentialAction\":[{\"@type\":\"SearchAction\",\"target\":{\"@type\":\"EntryPoint\",\"urlTemplate\":\"https:\\\/\\\/stellplatzinprag.com\\\/?s={search_term_string}\"},\"query-input\":{\"@type\":\"PropertyValueSpecification\",\"valueRequired\":true,\"valueName\":\"search_term_string\"}}],\"inLanguage\":\"de\"}]}<\/script>\n<!-- \/ Yoast SEO plugin. -->","yoast_head_json":{"title":"Es schrieben \u00fcber uns \/ Rezessionen - Bulliro Stellplatz Praha 6","robots":{"index":"index","follow":"follow","max-snippet":"max-snippet:-1","max-image-preview":"max-image-preview:large","max-video-preview":"max-video-preview:-1"},"canonical":"https:\/\/stellplatzinprag.com\/napsali-o-nas-recenze\/","og_locale":"de_DE","og_type":"article","og_title":"Es schrieben \u00fcber uns \/ Rezessionen - Bulliro Stellplatz Praha 6","og_description":"Es schrieben \u00fcber uns \/ Rezessionen &nbsp; &nbsp;","og_url":"https:\/\/stellplatzinprag.com\/napsali-o-nas-recenze\/","og_site_name":"Bulliro Stellplatz Praha 6","article_modified_time":"2021-04-18T17:55:07+00:00","og_image":[{"url":"https:\/\/stellplatzinprag.com\/wp-content\/uploads\/2021\/04\/vanisti.png","type":"","width":"","height":""}],"twitter_card":"summary_large_image","twitter_misc":{"Gesch\u00e4tzte Lesezeit":"1\u00a0Minute"},"schema":{"@context":"https:\/\/schema.org","@graph":[{"@type":"WebPage","@id":"https:\/\/stellplatzinprag.com\/napsali-o-nas-recenze\/","url":"https:\/\/stellplatzinprag.com\/napsali-o-nas-recenze\/","name":"Es schrieben \u00fcber uns \/ Rezessionen - Bulliro Stellplatz Praha 6","isPartOf":{"@id":"https:\/\/stellplatzinprag.com\/#website"},"primaryImageOfPage":{"@id":"https:\/\/stellplatzinprag.com\/napsali-o-nas-recenze\/#primaryimage"},"image":{"@id":"https:\/\/stellplatzinprag.com\/napsali-o-nas-recenze\/#primaryimage"},"thumbnailUrl":"https:\/\/stellplatzinprag.com\/wp-content\/uploads\/2021\/04\/vanisti.png","datePublished":"2021-04-12T19:12:25+00:00","dateModified":"2021-04-18T17:55:07+00:00","breadcrumb":{"@id":"https:\/\/stellplatzinprag.com\/napsali-o-nas-recenze\/#breadcrumb"},"inLanguage":"de","potentialAction":[{"@type":"ReadAction","target":["https:\/\/stellplatzinprag.com\/napsali-o-nas-recenze\/"]}]},{"@type":"ImageObject","inLanguage":"de","@id":"https:\/\/stellplatzinprag.com\/napsali-o-nas-recenze\/#primaryimage","url":"https:\/\/stellplatzinprag.com\/wp-content\/uploads\/2021\/04\/vanisti.png","contentUrl":"https:\/\/stellplatzinprag.com\/wp-content\/uploads\/2021\/04\/vanisti.png"},{"@type":"BreadcrumbList","@id":"https:\/\/stellplatzinprag.com\/napsali-o-nas-recenze\/#breadcrumb","itemListElement":[{"@type":"ListItem","position":1,"name":"Dom\u016f","item":"https:\/\/stellplatzinprag.com\/de\/reservierung\/"},{"@type":"ListItem","position":2,"name":"Es schrieben \u00fcber uns \/ Rezessionen"}]},{"@type":"WebSite","@id":"https:\/\/stellplatzinprag.com\/#website","url":"https:\/\/stellplatzinprag.com\/","name":"Bulliro Stellplatz Praha 6","description":"Parkov\u00e1n\u00ed obytn\u00fdch automobil\u016f p\u0159i z\u00e1padn\u00edm okraji Prahy","potentialAction":[{"@type":"SearchAction","target":{"@type":"EntryPoint","urlTemplate":"https:\/\/stellplatzinprag.com\/?s={search_term_string}"},"query-input":{"@type":"PropertyValueSpecification","valueRequired":true,"valueName":"search_term_string"}}],"inLanguage":"de"}]}},"_links":{"self":[{"href":"https:\/\/stellplatzinprag.com\/de\/wp-json\/wp\/v2\/pages\/531","targetHints":{"allow":["GET"]}}],"collection":[{"href":"https:\/\/stellplatzinprag.com\/de\/wp-json\/wp\/v2\/pages"}],"about":[{"href":"https:\/\/stellplatzinprag.com\/de\/wp-json\/wp\/v2\/types\/page"}],"author":[{"embeddable":true,"href":"https:\/\/stellplatzinprag.com\/de\/wp-json\/wp\/v2\/users\/2"}],"replies":[{"embeddable":true,"href":"https:\/\/stellplatzinprag.com\/de\/wp-json\/wp\/v2\/comments?post=531"}],"version-history":[{"count":4,"href":"https:\/\/stellplatzinprag.com\/de\/wp-json\/wp\/v2\/pages\/531\/revisions"}],"predecessor-version":[{"id":677,"href":"https:\/\/stellplatzinprag.com\/de\/wp-json\/wp\/v2\/pages\/531\/revisions\/677"}],"wp:attachment":[{"href":"https:\/\/stellplatzinprag.com\/de\/wp-json\/wp\/v2\/media?parent=531"}],"curies":[{"name":"wp","href":"https:\/\/api.w.org\/{rel}","templated":true}]}}