{"id":529,"date":"2021-02-22T15:49:19","date_gmt":"2021-02-22T14:49:19","guid":{"rendered":"https:\/\/stellplatzinprag.com\/?page_id=529"},"modified":"2021-04-18T19:33:09","modified_gmt":"2021-04-18T17:33:09","slug":"parken-im-park","status":"publish","type":"page","link":"https:\/\/stellplatzinprag.com\/de\/parken-im-park\/","title":{"rendered":"Parken im Park"},"content":{"rendered":"<h1>Parken im Park<\/h1>\n<p style=\"text-align: left;\"><a href=\"https:\/\/all4camper.com\/cs\/v-arealu-byvale-hospodarske-usedlosti-v-praze-vzniklo-malebne-karavanove-stani\/?fbclid=IwAR21wh-dzWyoNO9Gnx5bxRn0b6vl1uN2zg-1z-n8LZSXOaufY6SYt1bEU8g\" target=\"_blank\" rel=\"noopener\"><em>(Ausz\u00fcge vom Server all4camper.com, wo \u00fcber uns schrieben&#8230;)<\/em><\/a><\/p>\n<p>Wir k\u00f6nnen nicht \u00fcber die Gr\u00f6\u00dfe des Stellplatzes sprechen, sondern \u00fcber die Gr\u00f6\u00dfe des Grundst\u00fccks. Unser gesamtes Projekt wird sich auf ca. 20.000 m2 ausdehnen. Das ist ein Rest von ehemaligen L\u00e4ndereien, die zum Gl\u00fcck im letzten Regime nicht vom Gut abgetrennt wurden. Wenn die Revolution nicht gekommen w\u00e4re, w\u00fcrden auch hier H\u00e4user wie woanders in \u0158epy stehen. Wir sind n\u00e4mlich ein Areal eines ehemaligen wirtschaftlichen Anwesens, und ich muss sagen, dass wir hier die sch\u00f6nste Lage haben, da wir direkt am ehemaligen Dorfplatz sofort neben der Hl.-Martinskirche sind. Alles, was die Besucher bei uns sehen, ist in den letzten 23 Jahren stufenweise rekonstruiert worden, da alles fr\u00fcher eingezogen, in die Benutzung des Staats und eigentlich beinahe zerst\u00f6rt wurde.<\/p>\n<p>Die gesamte Realisierung denke ich mit meinem Mann aus und wir beaufsichtigen sie. Es handelt sich also nicht um Ideen von Architekten, sondern um unsere gemeinsamen Erw\u00e4gungen, wie man einf\u00fchlsam unser ganzes Anwesen das Leben zur\u00fcckgeben kann. Im Garten, wie wir \u00fcblich sagen, entsteht ein Multifunktionspark f\u00fcr Freizeit- und Sportaktivit\u00e4ten, und in dieses Konzept von mir passen auch Stellpl\u00e4tze f\u00fcr Wohnmobilbetreiber hinein. Das wird ein sog. PARKEN IM PARK.<\/p>\n<p style=\"text-align: center;\"><a href=\"https:\/\/all4camper.com\/cs\/v-arealu-byvale-hospodarske-usedlosti-v-praze-vzniklo-malebne-karavanove-stani\/?fbclid=IwAR21wh-dzWyoNO9Gnx5bxRn0b6vl1uN2zg-1z-n8LZSXOaufY6SYt1bEU8g\" target=\"_blank\" rel=\"noopener\"><img loading=\"lazy\" decoding=\"async\" class=\"size-full wp-image-118 aligncenter\" src=\"https:\/\/stellplatzinprag.com\/wp-content\/uploads\/2021\/03\/all4camper.jpg\" alt=\"\" width=\"336\" height=\"112\" srcset=\"https:\/\/stellplatzinprag.com\/wp-content\/uploads\/2021\/03\/all4camper.jpg 336w, https:\/\/stellplatzinprag.com\/wp-content\/uploads\/2021\/03\/all4camper-300x100.jpg 300w\" sizes=\"auto, (max-width: 336px) 100vw, 336px\" \/><\/a><\/p>\n<p>Auf dem Grundst\u00fcck entstehen einige Erholungszonen. Jede wird eine andere Bedeutung haben und wird an die Umgebung ankn\u00fcpfen. Zum Beispiel wird die obere Terrasse zum Treffen mit Freunden dienen. Die untere Terrasse dagegen zum Beisammensitzen von Familien mit Kindern oder zum Gruppentraining, zum Kindersport, um den sich die Tochter Ani\u010dka k\u00fcmmern wird. Bei der Birke ist auch ein Sitzplatz f\u00fcr die Beobachtung von Flugzeugen, da wir nur ein kleines St\u00fcck vom Flughafen entfernt sind \u2013 nebenbei, diese Bank platzierte ich hier nach einer Idee von einem unserer G\u00e4ste. Weiterhin entstehen Sitzm\u00f6glichkeiten beim Bach, beim Sportplatz, bei den Bienenst\u00f6cken, beim Teich \u2013 das ist zwar alles noch Zukunft und in Realisierung, aber ich wei\u00df, dass das hier sein wird.<\/p>\n<p>Das Parken plane ich nur auf einem kleinen Teil des Grundst\u00fccks. Der gr\u00f6\u00dfte Teil wird eine Gr\u00fcnanlage sein, die f\u00fcr Ruhe und Erholung so wichtig ist. Aktuell haben wir 15 Pl\u00e4tze vorbereitet (die man bereits benutzen kann), die ganzj\u00e4hrig in Betrieb sein werden (davon 3 gepflasterte f\u00fcr die M\u00f6glichkeit des Campens von Behinderten). An jeden Platz kann man auf einem sch\u00f6nen befestigten Weg kommen, der im Fall von viel Schnee ger\u00e4umt wird. F\u00fcr den Sommerbetrieb haben wir eine Gr\u00fcnfl\u00e4che vorbereitet, wo man ca. 25 Autos parken kann. Es w\u00fcrden mehrere hineinpassen, aber das w\u00fcrde bereits nicht mehr die richtige Funktion erf\u00fcllen. Ich will nicht, dass sich ein Wohnmobil neben dem anderen hinquetscht.<\/p>\n<p>&nbsp;<\/p>\n","protected":false},"excerpt":{"rendered":"<p>Parken im Park (Ausz\u00fcge vom Server all4camper.com, wo \u00fcber uns schrieben&#8230;) Wir k\u00f6nnen nicht \u00fcber die Gr\u00f6\u00dfe des Stellplatzes sprechen, sondern \u00fcber die Gr\u00f6\u00dfe des Grundst\u00fccks. Unser gesamtes Projekt wird sich auf ca. 20.000 m2 ausdehnen. Das ist ein Rest &hellip; <a href=\"https:\/\/stellplatzinprag.com\/de\/parken-im-park\/\">Continue reading <span class=\"meta-nav\">&rarr;<\/span><\/a><\/p>\n","protected":false},"author":2,"featured_media":0,"parent":0,"menu_order":10,"comment_status":"closed","ping_status":"closed","template":"","meta":{"footnotes":""},"class_list":["post-529","page","type-page","status-publish","hentry"],"yoast_head":"<!-- This site is optimized with the Yoast SEO plugin v27.3 - https:\/\/yoast.com\/product\/yoast-seo-wordpress\/ -->\n<title>Parken im Park - Bulliro Stellplatz Praha 6<\/title>\n<meta name=\"robots\" content=\"index, follow, max-snippet:-1, max-image-preview:large, max-video-preview:-1\" \/>\n<link rel=\"canonical\" href=\"https:\/\/stellplatzinprag.com\/parkovani-v-parku\/\" \/>\n<meta property=\"og:locale\" content=\"de_DE\" \/>\n<meta property=\"og:type\" content=\"article\" \/>\n<meta property=\"og:title\" content=\"Parken im Park - Bulliro Stellplatz Praha 6\" \/>\n<meta property=\"og:description\" content=\"Parken im Park (Ausz\u00fcge vom Server all4camper.com, wo \u00fcber uns schrieben&#8230;) Wir k\u00f6nnen nicht \u00fcber die Gr\u00f6\u00dfe des Stellplatzes sprechen, sondern \u00fcber die Gr\u00f6\u00dfe des Grundst\u00fccks. Unser gesamtes Projekt wird sich auf ca. 20.000 m2 ausdehnen. Das ist ein Rest &hellip; Continue reading &rarr;\" \/>\n<meta property=\"og:url\" content=\"https:\/\/stellplatzinprag.com\/parkovani-v-parku\/\" \/>\n<meta property=\"og:site_name\" content=\"Bulliro Stellplatz Praha 6\" \/>\n<meta property=\"article:modified_time\" content=\"2021-04-18T17:33:09+00:00\" \/>\n<meta property=\"og:image\" content=\"https:\/\/stellplatzinprag.com\/wp-content\/uploads\/2021\/03\/all4camper.jpg\" \/>\n<meta name=\"twitter:card\" content=\"summary_large_image\" \/>\n<meta name=\"twitter:label1\" content=\"Gesch\u00e4tzte Lesezeit\" \/>\n\t<meta name=\"twitter:data1\" content=\"3\u00a0Minuten\" \/>\n<script type=\"application\/ld+json\" class=\"yoast-schema-graph\">{\"@context\":\"https:\\\/\\\/schema.org\",\"@graph\":[{\"@type\":\"WebPage\",\"@id\":\"https:\\\/\\\/stellplatzinprag.com\\\/parkovani-v-parku\\\/\",\"url\":\"https:\\\/\\\/stellplatzinprag.com\\\/parkovani-v-parku\\\/\",\"name\":\"Parken im Park - Bulliro Stellplatz Praha 6\",\"isPartOf\":{\"@id\":\"https:\\\/\\\/stellplatzinprag.com\\\/#website\"},\"primaryImageOfPage\":{\"@id\":\"https:\\\/\\\/stellplatzinprag.com\\\/parkovani-v-parku\\\/#primaryimage\"},\"image\":{\"@id\":\"https:\\\/\\\/stellplatzinprag.com\\\/parkovani-v-parku\\\/#primaryimage\"},\"thumbnailUrl\":\"https:\\\/\\\/stellplatzinprag.com\\\/wp-content\\\/uploads\\\/2021\\\/03\\\/all4camper.jpg\",\"datePublished\":\"2021-02-22T14:49:19+00:00\",\"dateModified\":\"2021-04-18T17:33:09+00:00\",\"breadcrumb\":{\"@id\":\"https:\\\/\\\/stellplatzinprag.com\\\/parkovani-v-parku\\\/#breadcrumb\"},\"inLanguage\":\"de\",\"potentialAction\":[{\"@type\":\"ReadAction\",\"target\":[\"https:\\\/\\\/stellplatzinprag.com\\\/parkovani-v-parku\\\/\"]}]},{\"@type\":\"ImageObject\",\"inLanguage\":\"de\",\"@id\":\"https:\\\/\\\/stellplatzinprag.com\\\/parkovani-v-parku\\\/#primaryimage\",\"url\":\"https:\\\/\\\/stellplatzinprag.com\\\/wp-content\\\/uploads\\\/2021\\\/03\\\/all4camper.jpg\",\"contentUrl\":\"https:\\\/\\\/stellplatzinprag.com\\\/wp-content\\\/uploads\\\/2021\\\/03\\\/all4camper.jpg\"},{\"@type\":\"BreadcrumbList\",\"@id\":\"https:\\\/\\\/stellplatzinprag.com\\\/parkovani-v-parku\\\/#breadcrumb\",\"itemListElement\":[{\"@type\":\"ListItem\",\"position\":1,\"name\":\"Dom\u016f\",\"item\":\"https:\\\/\\\/stellplatzinprag.com\\\/de\\\/reservierung\\\/\"},{\"@type\":\"ListItem\",\"position\":2,\"name\":\"Parken im Park\"}]},{\"@type\":\"WebSite\",\"@id\":\"https:\\\/\\\/stellplatzinprag.com\\\/#website\",\"url\":\"https:\\\/\\\/stellplatzinprag.com\\\/\",\"name\":\"Bulliro Stellplatz Praha 6\",\"description\":\"Parkov\u00e1n\u00ed obytn\u00fdch automobil\u016f p\u0159i z\u00e1padn\u00edm okraji Prahy\",\"potentialAction\":[{\"@type\":\"SearchAction\",\"target\":{\"@type\":\"EntryPoint\",\"urlTemplate\":\"https:\\\/\\\/stellplatzinprag.com\\\/?s={search_term_string}\"},\"query-input\":{\"@type\":\"PropertyValueSpecification\",\"valueRequired\":true,\"valueName\":\"search_term_string\"}}],\"inLanguage\":\"de\"}]}<\/script>\n<!-- \/ Yoast SEO plugin. -->","yoast_head_json":{"title":"Parken im Park - Bulliro Stellplatz Praha 6","robots":{"index":"index","follow":"follow","max-snippet":"max-snippet:-1","max-image-preview":"max-image-preview:large","max-video-preview":"max-video-preview:-1"},"canonical":"https:\/\/stellplatzinprag.com\/parkovani-v-parku\/","og_locale":"de_DE","og_type":"article","og_title":"Parken im Park - Bulliro Stellplatz Praha 6","og_description":"Parken im Park (Ausz\u00fcge vom Server all4camper.com, wo \u00fcber uns schrieben&#8230;) Wir k\u00f6nnen nicht \u00fcber die Gr\u00f6\u00dfe des Stellplatzes sprechen, sondern \u00fcber die Gr\u00f6\u00dfe des Grundst\u00fccks. Unser gesamtes Projekt wird sich auf ca. 20.000 m2 ausdehnen. Das ist ein Rest &hellip; Continue reading &rarr;","og_url":"https:\/\/stellplatzinprag.com\/parkovani-v-parku\/","og_site_name":"Bulliro Stellplatz Praha 6","article_modified_time":"2021-04-18T17:33:09+00:00","og_image":[{"url":"https:\/\/stellplatzinprag.com\/wp-content\/uploads\/2021\/03\/all4camper.jpg","type":"","width":"","height":""}],"twitter_card":"summary_large_image","twitter_misc":{"Gesch\u00e4tzte Lesezeit":"3\u00a0Minuten"},"schema":{"@context":"https:\/\/schema.org","@graph":[{"@type":"WebPage","@id":"https:\/\/stellplatzinprag.com\/parkovani-v-parku\/","url":"https:\/\/stellplatzinprag.com\/parkovani-v-parku\/","name":"Parken im Park - Bulliro Stellplatz Praha 6","isPartOf":{"@id":"https:\/\/stellplatzinprag.com\/#website"},"primaryImageOfPage":{"@id":"https:\/\/stellplatzinprag.com\/parkovani-v-parku\/#primaryimage"},"image":{"@id":"https:\/\/stellplatzinprag.com\/parkovani-v-parku\/#primaryimage"},"thumbnailUrl":"https:\/\/stellplatzinprag.com\/wp-content\/uploads\/2021\/03\/all4camper.jpg","datePublished":"2021-02-22T14:49:19+00:00","dateModified":"2021-04-18T17:33:09+00:00","breadcrumb":{"@id":"https:\/\/stellplatzinprag.com\/parkovani-v-parku\/#breadcrumb"},"inLanguage":"de","potentialAction":[{"@type":"ReadAction","target":["https:\/\/stellplatzinprag.com\/parkovani-v-parku\/"]}]},{"@type":"ImageObject","inLanguage":"de","@id":"https:\/\/stellplatzinprag.com\/parkovani-v-parku\/#primaryimage","url":"https:\/\/stellplatzinprag.com\/wp-content\/uploads\/2021\/03\/all4camper.jpg","contentUrl":"https:\/\/stellplatzinprag.com\/wp-content\/uploads\/2021\/03\/all4camper.jpg"},{"@type":"BreadcrumbList","@id":"https:\/\/stellplatzinprag.com\/parkovani-v-parku\/#breadcrumb","itemListElement":[{"@type":"ListItem","position":1,"name":"Dom\u016f","item":"https:\/\/stellplatzinprag.com\/de\/reservierung\/"},{"@type":"ListItem","position":2,"name":"Parken im Park"}]},{"@type":"WebSite","@id":"https:\/\/stellplatzinprag.com\/#website","url":"https:\/\/stellplatzinprag.com\/","name":"Bulliro Stellplatz Praha 6","description":"Parkov\u00e1n\u00ed obytn\u00fdch automobil\u016f p\u0159i z\u00e1padn\u00edm okraji Prahy","potentialAction":[{"@type":"SearchAction","target":{"@type":"EntryPoint","urlTemplate":"https:\/\/stellplatzinprag.com\/?s={search_term_string}"},"query-input":{"@type":"PropertyValueSpecification","valueRequired":true,"valueName":"search_term_string"}}],"inLanguage":"de"}]}},"_links":{"self":[{"href":"https:\/\/stellplatzinprag.com\/de\/wp-json\/wp\/v2\/pages\/529","targetHints":{"allow":["GET"]}}],"collection":[{"href":"https:\/\/stellplatzinprag.com\/de\/wp-json\/wp\/v2\/pages"}],"about":[{"href":"https:\/\/stellplatzinprag.com\/de\/wp-json\/wp\/v2\/types\/page"}],"author":[{"embeddable":true,"href":"https:\/\/stellplatzinprag.com\/de\/wp-json\/wp\/v2\/users\/2"}],"replies":[{"embeddable":true,"href":"https:\/\/stellplatzinprag.com\/de\/wp-json\/wp\/v2\/comments?post=529"}],"version-history":[{"count":6,"href":"https:\/\/stellplatzinprag.com\/de\/wp-json\/wp\/v2\/pages\/529\/revisions"}],"predecessor-version":[{"id":659,"href":"https:\/\/stellplatzinprag.com\/de\/wp-json\/wp\/v2\/pages\/529\/revisions\/659"}],"wp:attachment":[{"href":"https:\/\/stellplatzinprag.com\/de\/wp-json\/wp\/v2\/media?parent=529"}],"curies":[{"name":"wp","href":"https:\/\/api.w.org\/{rel}","templated":true}]}}