{"id":525,"date":"2021-02-17T20:50:29","date_gmt":"2021-02-17T19:50:29","guid":{"rendered":"https:\/\/stellplatzinprag.com\/?page_id=525"},"modified":"2025-04-02T23:12:58","modified_gmt":"2025-04-02T21:12:58","slug":"stellplatz-prag-6","status":"publish","type":"page","link":"https:\/\/stellplatzinprag.com\/de\/stellplatz-prag-6\/","title":{"rendered":"Stellplatz Prag 6"},"content":{"rendered":"<h1 style=\"text-align: center;\">RV PARK BULIRO<\/h1>\n<p><!-- \n\n<h1><span style=\"color: #ff0000;\">Leider sind wir vom 9.5. bis 11.5. ausgebucht. Reservierungen sind in diesem Zeitraum nicht m\u00f6glich.<\/span><\/h1>\n\n\n\n\n<hr \/>\n\n --><br \/>\n<center><img loading=\"lazy\" decoding=\"async\" class=\"aligncenter wp-image-989 size-full\" src=\"https:\/\/stellplatzinprag.com\/wp-content\/uploads\/2023\/03\/stellplatz_praha_buliro_11.jpg\" alt=\"\" width=\"554\" height=\"293\" srcset=\"https:\/\/stellplatzinprag.com\/wp-content\/uploads\/2023\/03\/stellplatz_praha_buliro_11.jpg 554w, https:\/\/stellplatzinprag.com\/wp-content\/uploads\/2023\/03\/stellplatz_praha_buliro_11-300x159.jpg 300w\" sizes=\"auto, (max-width: 554px) 100vw, 554px\" \/><\/center><\/p>\n<h3 style=\"text-align: center;\">Bei uns finden Sie alles, was Reisende brauchen, kommen Sie bei uns vorbei, in bester Lage in Prag, nur 20 Minuten mit der Stra\u00dfenbahn ins Zentrum.<\/h3>\n<ul>\n<li><a href=\"https:\/\/stellplatzinprag.com\/de\/\">Einfache Reservierung<\/a><\/li>\n<li><a href=\"tel:+420602396398\">Rezeption des Areals <strong>+420 602 396 398<\/strong><\/a><\/li>\n<li><a href=\"https:\/\/stellplatzinprag.com\/de\/dienstleistungen-und-preise\/\">Wie viel kosten 24 Stunden und wo bezahlt man?<\/a><\/li>\n<li><a href=\"https:\/\/stellplatzinprag.com\/de\/fotogalerie\/\">So sieht es hier aus<\/a><\/li>\n<li><a href=\"https:\/\/stellplatzinprag.com\/de\/parken-im-park\/\">Sie parken in einem Park<\/a><\/li>\n<li><a href=\"https:\/\/stellplatzinprag.com\/de\/sie-finden-in-der-umgebung\/\">Sport, Gesch\u00e4fte und Gastronomie in der N\u00e4he<\/a><\/li>\n<li><a href=\"https:\/\/stellplatzinprag.com\/de\/ausfluege\/\">Ausfl\u00fcge<\/a><\/li>\n<li><a href=\"https:\/\/stellplatzinprag.com\/wp-content\/uploads\/2023\/03\/Buliro_A5_wellness.pdf\" target=\"_blank\" rel=\"noopener\">\u00d6ffentliches Hunde-Wellness<\/a><\/li>\n<li><a href=\"https:\/\/okvet.cz\/\" target=\"_blank\" rel=\"noopener\">Tierarztklinik OK VET<\/a><\/li>\n<li><a href=\"https:\/\/stellplatzinprag.com\/de\/kontakt\/\">Kontakt, Karte, Transportverbindung\u2026<\/a><\/li>\n<\/ul>\n<div id='gallery-1' class='gallery galleryid-525 gallery-columns-3 gallery-size-thumbnail'><dl class='gallery-item'>\n\t\t\t<dt class='gallery-icon landscape'>\n\t\t\t\t<a href='https:\/\/stellplatzinprag.com\/wp-content\/uploads\/2023\/03\/stellplatz_buliro_10.jpg'><img loading=\"lazy\" decoding=\"async\" width=\"200\" height=\"200\" src=\"https:\/\/stellplatzinprag.com\/wp-content\/uploads\/2023\/03\/stellplatz_buliro_10-200x200.jpg\" class=\"attachment-thumbnail size-thumbnail\" alt=\"\" \/><\/a>\n\t\t\t<\/dt><\/dl><dl class='gallery-item'>\n\t\t\t<dt class='gallery-icon landscape'>\n\t\t\t\t<a href='https:\/\/stellplatzinprag.com\/wp-content\/uploads\/2023\/03\/stellplatz_buliro_9.jpg'><img loading=\"lazy\" decoding=\"async\" width=\"200\" height=\"200\" src=\"https:\/\/stellplatzinprag.com\/wp-content\/uploads\/2023\/03\/stellplatz_buliro_9-200x200.jpg\" class=\"attachment-thumbnail size-thumbnail\" alt=\"\" \/><\/a>\n\t\t\t<\/dt><\/dl><dl class='gallery-item'>\n\t\t\t<dt class='gallery-icon landscape'>\n\t\t\t\t<a href='https:\/\/stellplatzinprag.com\/wp-content\/uploads\/2023\/03\/stellplatz_praha_buliro_1.jpg'><img loading=\"lazy\" decoding=\"async\" width=\"200\" height=\"200\" src=\"https:\/\/stellplatzinprag.com\/wp-content\/uploads\/2023\/03\/stellplatz_praha_buliro_1-200x200.jpg\" class=\"attachment-thumbnail size-thumbnail\" alt=\"\" \/><\/a>\n\t\t\t<\/dt><\/dl><br style=\"clear: both\" \/><dl class='gallery-item'>\n\t\t\t<dt class='gallery-icon landscape'>\n\t\t\t\t<a href='https:\/\/stellplatzinprag.com\/wp-content\/uploads\/2023\/03\/stellplatz_praha_buliro_4.jpg'><img loading=\"lazy\" decoding=\"async\" width=\"200\" height=\"200\" src=\"https:\/\/stellplatzinprag.com\/wp-content\/uploads\/2023\/03\/stellplatz_praha_buliro_4-200x200.jpg\" class=\"attachment-thumbnail size-thumbnail\" alt=\"\" \/><\/a>\n\t\t\t<\/dt><\/dl><dl class='gallery-item'>\n\t\t\t<dt class='gallery-icon landscape'>\n\t\t\t\t<a href='https:\/\/stellplatzinprag.com\/wp-content\/uploads\/2023\/03\/stellplatz_buliro_7.jpg'><img loading=\"lazy\" decoding=\"async\" width=\"200\" height=\"200\" src=\"https:\/\/stellplatzinprag.com\/wp-content\/uploads\/2023\/03\/stellplatz_buliro_7-200x200.jpg\" class=\"attachment-thumbnail size-thumbnail\" alt=\"\" \/><\/a>\n\t\t\t<\/dt><\/dl><dl class='gallery-item'>\n\t\t\t<dt class='gallery-icon landscape'>\n\t\t\t\t<a href='https:\/\/stellplatzinprag.com\/wp-content\/uploads\/2023\/03\/stellplatz_buliro_11.jpg'><img loading=\"lazy\" decoding=\"async\" width=\"200\" height=\"200\" src=\"https:\/\/stellplatzinprag.com\/wp-content\/uploads\/2023\/03\/stellplatz_buliro_11-200x200.jpg\" class=\"attachment-thumbnail size-thumbnail\" alt=\"\" \/><\/a>\n\t\t\t<\/dt><\/dl><br style=\"clear: both\" \/><dl class='gallery-item'>\n\t\t\t<dt class='gallery-icon landscape'>\n\t\t\t\t<a href='https:\/\/stellplatzinprag.com\/wp-content\/uploads\/2023\/03\/stellplatz_praha_buliro_5.jpg'><img loading=\"lazy\" decoding=\"async\" width=\"200\" height=\"200\" src=\"https:\/\/stellplatzinprag.com\/wp-content\/uploads\/2023\/03\/stellplatz_praha_buliro_5-200x200.jpg\" class=\"attachment-thumbnail size-thumbnail\" alt=\"\" \/><\/a>\n\t\t\t<\/dt><\/dl><dl class='gallery-item'>\n\t\t\t<dt class='gallery-icon portrait'>\n\t\t\t\t<a href='https:\/\/stellplatzinprag.com\/wp-content\/uploads\/2023\/03\/stellplatz_praha_buliro_8.jpg'><img loading=\"lazy\" decoding=\"async\" width=\"200\" height=\"200\" src=\"https:\/\/stellplatzinprag.com\/wp-content\/uploads\/2023\/03\/stellplatz_praha_buliro_8-200x200.jpg\" class=\"attachment-thumbnail size-thumbnail\" alt=\"\" \/><\/a>\n\t\t\t<\/dt><\/dl><dl class='gallery-item'>\n\t\t\t<dt class='gallery-icon portrait'>\n\t\t\t\t<a href='https:\/\/stellplatzinprag.com\/wp-content\/uploads\/2023\/03\/stellplatz_praha_buliro_6.jpg'><img loading=\"lazy\" decoding=\"async\" width=\"200\" height=\"200\" src=\"https:\/\/stellplatzinprag.com\/wp-content\/uploads\/2023\/03\/stellplatz_praha_buliro_6-200x200.jpg\" class=\"attachment-thumbnail size-thumbnail\" alt=\"\" \/><\/a>\n\t\t\t<\/dt><\/dl><br style=\"clear: both\" \/>\n\t\t<\/div>\n\n<p style=\"text-align: center;\"><a href=\"https:\/\/stellplatzinprag.com\/de\/fotogalerie\/\"><em>Mehr Fotos&#8230;<\/em><\/a><\/p>\n<p>&nbsp;<\/p>\n","protected":false},"excerpt":{"rendered":"<p>RV PARK BULIRO Bei uns finden Sie alles, was Reisende brauchen, kommen Sie bei uns vorbei, in bester Lage in Prag, nur 20 Minuten mit der Stra\u00dfenbahn ins Zentrum. Einfache Reservierung Rezeption des Areals +420 602 396 398 Wie viel &hellip; <a href=\"https:\/\/stellplatzinprag.com\/de\/stellplatz-prag-6\/\">Continue reading <span class=\"meta-nav\">&rarr;<\/span><\/a><\/p>\n","protected":false},"author":2,"featured_media":0,"parent":0,"menu_order":0,"comment_status":"closed","ping_status":"closed","template":"","meta":{"footnotes":""},"class_list":["post-525","page","type-page","status-publish","hentry"],"yoast_head":"<!-- This site is optimized with the Yoast SEO plugin v27.4 - https:\/\/yoast.com\/product\/yoast-seo-wordpress\/ -->\n<title>Stellplatz Prag 6 - Bulliro Stellplatz Praha 6<\/title>\n<meta name=\"robots\" content=\"index, follow, max-snippet:-1, max-image-preview:large, max-video-preview:-1\" \/>\n<link rel=\"canonical\" href=\"https:\/\/stellplatzinprag.com\/de\/stellplatz-prag-6\/\" \/>\n<meta property=\"og:locale\" content=\"de_DE\" \/>\n<meta property=\"og:type\" content=\"article\" \/>\n<meta property=\"og:title\" content=\"Stellplatz Prag 6 - Bulliro Stellplatz Praha 6\" \/>\n<meta property=\"og:description\" content=\"RV PARK BULIRO Bei uns finden Sie alles, was Reisende brauchen, kommen Sie bei uns vorbei, in bester Lage in Prag, nur 20 Minuten mit der Stra\u00dfenbahn ins Zentrum. Einfache Reservierung Rezeption des Areals +420 602 396 398 Wie viel &hellip; Continue reading &rarr;\" \/>\n<meta property=\"og:url\" content=\"https:\/\/stellplatzinprag.com\/de\/stellplatz-prag-6\/\" \/>\n<meta property=\"og:site_name\" content=\"Bulliro Stellplatz Praha 6\" \/>\n<meta property=\"article:modified_time\" content=\"2025-04-02T21:12:58+00:00\" \/>\n<meta property=\"og:image\" content=\"https:\/\/stellplatzinprag.com\/wp-content\/uploads\/2023\/03\/stellplatz_buliro_10-200x200.jpg\" \/>\n<meta name=\"twitter:card\" content=\"summary_large_image\" \/>\n<meta name=\"twitter:label1\" content=\"Gesch\u00e4tzte Lesezeit\" \/>\n\t<meta name=\"twitter:data1\" content=\"1\u00a0Minute\" \/>\n<script type=\"application\/ld+json\" class=\"yoast-schema-graph\">{\"@context\":\"https:\\\/\\\/schema.org\",\"@graph\":[{\"@type\":\"WebPage\",\"@id\":\"https:\\\/\\\/stellplatzinprag.com\\\/de\\\/stellplatz-prag-6\\\/\",\"url\":\"https:\\\/\\\/stellplatzinprag.com\\\/de\\\/stellplatz-prag-6\\\/\",\"name\":\"Stellplatz Prag 6 - Bulliro Stellplatz Praha 6\",\"isPartOf\":{\"@id\":\"https:\\\/\\\/stellplatzinprag.com\\\/#website\"},\"primaryImageOfPage\":{\"@id\":\"https:\\\/\\\/stellplatzinprag.com\\\/de\\\/stellplatz-prag-6\\\/#primaryimage\"},\"image\":{\"@id\":\"https:\\\/\\\/stellplatzinprag.com\\\/de\\\/stellplatz-prag-6\\\/#primaryimage\"},\"thumbnailUrl\":\"https:\\\/\\\/stellplatzinprag.com\\\/wp-content\\\/uploads\\\/2023\\\/03\\\/stellplatz_praha_buliro_11.jpg\",\"datePublished\":\"2021-02-17T19:50:29+00:00\",\"dateModified\":\"2025-04-02T21:12:58+00:00\",\"breadcrumb\":{\"@id\":\"https:\\\/\\\/stellplatzinprag.com\\\/de\\\/stellplatz-prag-6\\\/#breadcrumb\"},\"inLanguage\":\"de\",\"potentialAction\":[{\"@type\":\"ReadAction\",\"target\":[\"https:\\\/\\\/stellplatzinprag.com\\\/de\\\/stellplatz-prag-6\\\/\"]}]},{\"@type\":\"ImageObject\",\"inLanguage\":\"de\",\"@id\":\"https:\\\/\\\/stellplatzinprag.com\\\/de\\\/stellplatz-prag-6\\\/#primaryimage\",\"url\":\"https:\\\/\\\/stellplatzinprag.com\\\/wp-content\\\/uploads\\\/2023\\\/03\\\/stellplatz_praha_buliro_11.jpg\",\"contentUrl\":\"https:\\\/\\\/stellplatzinprag.com\\\/wp-content\\\/uploads\\\/2023\\\/03\\\/stellplatz_praha_buliro_11.jpg\"},{\"@type\":\"BreadcrumbList\",\"@id\":\"https:\\\/\\\/stellplatzinprag.com\\\/de\\\/stellplatz-prag-6\\\/#breadcrumb\",\"itemListElement\":[{\"@type\":\"ListItem\",\"position\":1,\"name\":\"Dom\u016f\",\"item\":\"https:\\\/\\\/stellplatzinprag.com\\\/de\\\/reservierung\\\/\"},{\"@type\":\"ListItem\",\"position\":2,\"name\":\"Stellplatz Prag 6\"}]},{\"@type\":\"WebSite\",\"@id\":\"https:\\\/\\\/stellplatzinprag.com\\\/#website\",\"url\":\"https:\\\/\\\/stellplatzinprag.com\\\/\",\"name\":\"Bulliro Stellplatz Praha 6\",\"description\":\"Parkov\u00e1n\u00ed obytn\u00fdch automobil\u016f p\u0159i z\u00e1padn\u00edm okraji Prahy\",\"potentialAction\":[{\"@type\":\"SearchAction\",\"target\":{\"@type\":\"EntryPoint\",\"urlTemplate\":\"https:\\\/\\\/stellplatzinprag.com\\\/?s={search_term_string}\"},\"query-input\":{\"@type\":\"PropertyValueSpecification\",\"valueRequired\":true,\"valueName\":\"search_term_string\"}}],\"inLanguage\":\"de\"}]}<\/script>\n<!-- \/ Yoast SEO plugin. -->","yoast_head_json":{"title":"Stellplatz Prag 6 - Bulliro Stellplatz Praha 6","robots":{"index":"index","follow":"follow","max-snippet":"max-snippet:-1","max-image-preview":"max-image-preview:large","max-video-preview":"max-video-preview:-1"},"canonical":"https:\/\/stellplatzinprag.com\/de\/stellplatz-prag-6\/","og_locale":"de_DE","og_type":"article","og_title":"Stellplatz Prag 6 - Bulliro Stellplatz Praha 6","og_description":"RV PARK BULIRO Bei uns finden Sie alles, was Reisende brauchen, kommen Sie bei uns vorbei, in bester Lage in Prag, nur 20 Minuten mit der Stra\u00dfenbahn ins Zentrum. Einfache Reservierung Rezeption des Areals +420 602 396 398 Wie viel &hellip; Continue reading &rarr;","og_url":"https:\/\/stellplatzinprag.com\/de\/stellplatz-prag-6\/","og_site_name":"Bulliro Stellplatz Praha 6","article_modified_time":"2025-04-02T21:12:58+00:00","og_image":[{"url":"https:\/\/stellplatzinprag.com\/wp-content\/uploads\/2023\/03\/stellplatz_buliro_10-200x200.jpg","type":"","width":"","height":""}],"twitter_card":"summary_large_image","twitter_misc":{"Gesch\u00e4tzte Lesezeit":"1\u00a0Minute"},"schema":{"@context":"https:\/\/schema.org","@graph":[{"@type":"WebPage","@id":"https:\/\/stellplatzinprag.com\/de\/stellplatz-prag-6\/","url":"https:\/\/stellplatzinprag.com\/de\/stellplatz-prag-6\/","name":"Stellplatz Prag 6 - Bulliro Stellplatz Praha 6","isPartOf":{"@id":"https:\/\/stellplatzinprag.com\/#website"},"primaryImageOfPage":{"@id":"https:\/\/stellplatzinprag.com\/de\/stellplatz-prag-6\/#primaryimage"},"image":{"@id":"https:\/\/stellplatzinprag.com\/de\/stellplatz-prag-6\/#primaryimage"},"thumbnailUrl":"https:\/\/stellplatzinprag.com\/wp-content\/uploads\/2023\/03\/stellplatz_praha_buliro_11.jpg","datePublished":"2021-02-17T19:50:29+00:00","dateModified":"2025-04-02T21:12:58+00:00","breadcrumb":{"@id":"https:\/\/stellplatzinprag.com\/de\/stellplatz-prag-6\/#breadcrumb"},"inLanguage":"de","potentialAction":[{"@type":"ReadAction","target":["https:\/\/stellplatzinprag.com\/de\/stellplatz-prag-6\/"]}]},{"@type":"ImageObject","inLanguage":"de","@id":"https:\/\/stellplatzinprag.com\/de\/stellplatz-prag-6\/#primaryimage","url":"https:\/\/stellplatzinprag.com\/wp-content\/uploads\/2023\/03\/stellplatz_praha_buliro_11.jpg","contentUrl":"https:\/\/stellplatzinprag.com\/wp-content\/uploads\/2023\/03\/stellplatz_praha_buliro_11.jpg"},{"@type":"BreadcrumbList","@id":"https:\/\/stellplatzinprag.com\/de\/stellplatz-prag-6\/#breadcrumb","itemListElement":[{"@type":"ListItem","position":1,"name":"Dom\u016f","item":"https:\/\/stellplatzinprag.com\/de\/reservierung\/"},{"@type":"ListItem","position":2,"name":"Stellplatz Prag 6"}]},{"@type":"WebSite","@id":"https:\/\/stellplatzinprag.com\/#website","url":"https:\/\/stellplatzinprag.com\/","name":"Bulliro Stellplatz Praha 6","description":"Parkov\u00e1n\u00ed obytn\u00fdch automobil\u016f p\u0159i z\u00e1padn\u00edm okraji Prahy","potentialAction":[{"@type":"SearchAction","target":{"@type":"EntryPoint","urlTemplate":"https:\/\/stellplatzinprag.com\/?s={search_term_string}"},"query-input":{"@type":"PropertyValueSpecification","valueRequired":true,"valueName":"search_term_string"}}],"inLanguage":"de"}]}},"_links":{"self":[{"href":"https:\/\/stellplatzinprag.com\/de\/wp-json\/wp\/v2\/pages\/525","targetHints":{"allow":["GET"]}}],"collection":[{"href":"https:\/\/stellplatzinprag.com\/de\/wp-json\/wp\/v2\/pages"}],"about":[{"href":"https:\/\/stellplatzinprag.com\/de\/wp-json\/wp\/v2\/types\/page"}],"author":[{"embeddable":true,"href":"https:\/\/stellplatzinprag.com\/de\/wp-json\/wp\/v2\/users\/2"}],"replies":[{"embeddable":true,"href":"https:\/\/stellplatzinprag.com\/de\/wp-json\/wp\/v2\/comments?post=525"}],"version-history":[{"count":15,"href":"https:\/\/stellplatzinprag.com\/de\/wp-json\/wp\/v2\/pages\/525\/revisions"}],"predecessor-version":[{"id":1142,"href":"https:\/\/stellplatzinprag.com\/de\/wp-json\/wp\/v2\/pages\/525\/revisions\/1142"}],"wp:attachment":[{"href":"https:\/\/stellplatzinprag.com\/de\/wp-json\/wp\/v2\/media?parent=525"}],"curies":[{"name":"wp","href":"https:\/\/api.w.org\/{rel}","templated":true}]}}