{"id":132,"date":"2021-04-11T19:17:23","date_gmt":"2021-04-11T17:17:23","guid":{"rendered":"https:\/\/stellplatzinprag.com\/?page_id=132"},"modified":"2023-06-11T21:46:33","modified_gmt":"2023-06-11T19:46:33","slug":"kontakt","status":"publish","type":"page","link":"https:\/\/stellplatzinprag.com\/de\/kontakt\/","title":{"rendered":"Kontakt"},"content":{"rendered":"<h1 style=\"text-align: left;\">Kontakt, Karte, Transportverbindung&#8230;<\/h1>\n<p>F\u00fcr Daten und Parkm\u00f6glichkeiten f\u00fcr Wohnmobile kontaktieren Sie uns bitte \u00fcber das <strong><a href=\"\/de\/reservierung\/\">Reservierungsformular<\/a><\/strong> oder die folgenden Kontakte:<\/p>\n<p>&nbsp;<\/p>\n<ul>\n<li><strong>Rufen Sie uns an: <\/strong><\/li>\n<li><strong> <a href=\"tel:+420608276376\">+420 608 276 376<\/a> (CZ, DE) &#8211; Blanka Ane\u017eka Litterov\u00e1, Exekutive<\/strong><\/li>\n<li><strong><a href=\"tel:+420602396398\">+420 602 396 398<\/a> (CZ, EN) &#8211; Rezeption<\/strong><\/li>\n<li><img loading=\"lazy\" decoding=\"async\" class=\"alignright size-full wp-image-637\" src=\"https:\/\/stellplatzinprag.com\/wp-content\/uploads\/2021\/04\/qr.jpg\" alt=\"\" width=\"111\" height=\"111\" \/><a href=\"https:\/\/www.facebook.com\/stellplatzbuliropraha\" target=\"_blank\" rel=\"noopener\"><strong>Facebook<\/strong><\/a><\/li>\n<li><strong><a href=\"mailto:info@stellplatzinprag.com\">info@stellplatzinprag.com<\/a> \/ <a href=\"mailto:blanka.litterova@gmail.com\">blanka.litterova@gmail.com<\/a><\/strong><\/li>\n<li><strong>\u017dalansk\u00e9ho 31\/34, 163 00 Prag 6 \u2013 \u0158epy<\/strong><\/li>\n<li><strong>GPS <a href=\"https:\/\/goo.gl\/maps\/xVhD41ditSXWJkhE9\" target=\"_blank\" rel=\"noopener\">50\u00b004&#8217;16.2&#8243;N 14\u00b017&#8217;59.8&#8243;E<\/a><\/strong><\/li>\n<\/ul>\n<p><iframe loading=\"lazy\" style=\"border: 0;\" src=\"https:\/\/www.google.com\/maps\/embed?pb=!1m18!1m12!1m3!1d2560.79847382693!2d14.298015715717744!3d50.071335679424905!2m3!1f0!2f0!3f0!3m2!1i1024!2i768!4f13.1!3m3!1m2!1s0x470bbe46c2e31af5%3A0x7ebefd12c0eb2b74!2sRezidence%20BULIRO!5e0!3m2!1scs!2scz!4v1614633797187!5m2!1scs!2scz\" width=\"670\" height=\"300\" allowfullscreen=\"allowfullscreen\"><\/iframe><\/p>\n<p><strong>Anreiseplan:<\/strong><\/p>\n<p><a href=\"https:\/\/stellplatzinprag.com\/wp-content\/uploads\/2023\/06\/mapa_v.jpg\" target=\"_blank\" rel=\"noopener\"><img loading=\"lazy\" decoding=\"async\" class=\"alignnone size-full wp-image-1030\" src=\"https:\/\/stellplatzinprag.com\/wp-content\/uploads\/2023\/06\/mapa_m.jpg\" alt=\"\" width=\"700\" height=\"426\" srcset=\"https:\/\/stellplatzinprag.com\/wp-content\/uploads\/2023\/06\/mapa_m.jpg 700w, https:\/\/stellplatzinprag.com\/wp-content\/uploads\/2023\/06\/mapa_m-300x183.jpg 300w\" sizes=\"auto, (max-width: 700px) 100vw, 700px\" \/><\/a><\/p>\n<p>\u00d6ffentliche Verkehrsanbindung:<\/p>\n<ul>\n<li>BUS 164, 225, 180<\/li>\n<li>Tram 9, 10, 16<\/li>\n<li>Metro A (Nemocnice Motol)<\/li>\n<li>Metro B (Zli\u010d\u00edn)<\/li>\n<li>\u010cD &#8211; Bahnhof Prag &#8211; Zli\u010d\u00edn\/ \u0158epy<\/li>\n<li>Eine angenehme Fahrt durch Prag mit unserem \u0158epsk\u00fd Zug mit dem Motorrad<\/li>\n<\/ul>\n<p>Operator:<br \/>\nBULIRO CLUB, s.r.o., ID: 25090119, USt &#8211; IdNr.: CZ25090119, Das Unternehmen ist beim Amtsgericht in Prag unter der Aktenzeichen eingetragen C 48807<\/p>\n<p>&nbsp;<\/p>\n","protected":false},"excerpt":{"rendered":"<p>Kontakt, Karte, Transportverbindung&#8230; F\u00fcr Daten und Parkm\u00f6glichkeiten f\u00fcr Wohnmobile kontaktieren Sie uns bitte \u00fcber das Reservierungsformular oder die folgenden Kontakte: &nbsp; Rufen Sie uns an: +420 608 276 376 (CZ, DE) &#8211; Blanka Ane\u017eka Litterov\u00e1, Exekutive +420 602 396 398 &hellip; <a href=\"https:\/\/stellplatzinprag.com\/de\/kontakt\/\">Continue reading <span class=\"meta-nav\">&rarr;<\/span><\/a><\/p>\n","protected":false},"author":2,"featured_media":0,"parent":0,"menu_order":100,"comment_status":"closed","ping_status":"closed","template":"","meta":{"footnotes":""},"class_list":["post-132","page","type-page","status-publish","hentry"],"yoast_head":"<!-- This site is optimized with the Yoast SEO plugin v27.3 - https:\/\/yoast.com\/product\/yoast-seo-wordpress\/ -->\n<title>Kontakt - Bulliro Stellplatz Praha 6<\/title>\n<meta name=\"robots\" content=\"index, follow, max-snippet:-1, max-image-preview:large, max-video-preview:-1\" \/>\n<link rel=\"canonical\" href=\"https:\/\/stellplatzinprag.com\/kontakt\/\" \/>\n<meta property=\"og:locale\" content=\"de_DE\" \/>\n<meta property=\"og:type\" content=\"article\" \/>\n<meta property=\"og:title\" content=\"Kontakt - Bulliro Stellplatz Praha 6\" \/>\n<meta property=\"og:description\" content=\"Kontakt, Karte, Transportverbindung&#8230; F\u00fcr Daten und Parkm\u00f6glichkeiten f\u00fcr Wohnmobile kontaktieren Sie uns bitte \u00fcber das Reservierungsformular oder die folgenden Kontakte: &nbsp; Rufen Sie uns an: +420 608 276 376 (CZ, DE) &#8211; Blanka Ane\u017eka Litterov\u00e1, Exekutive +420 602 396 398 &hellip; Continue reading &rarr;\" \/>\n<meta property=\"og:url\" content=\"https:\/\/stellplatzinprag.com\/kontakt\/\" \/>\n<meta property=\"og:site_name\" content=\"Bulliro Stellplatz Praha 6\" \/>\n<meta property=\"article:modified_time\" content=\"2023-06-11T19:46:33+00:00\" \/>\n<meta property=\"og:image\" content=\"https:\/\/stellplatzinprag.com\/wp-content\/uploads\/2021\/04\/qr.jpg\" \/>\n<meta name=\"twitter:card\" content=\"summary_large_image\" \/>\n<meta name=\"twitter:label1\" content=\"Gesch\u00e4tzte Lesezeit\" \/>\n\t<meta name=\"twitter:data1\" content=\"1\u00a0Minute\" \/>\n<script type=\"application\/ld+json\" class=\"yoast-schema-graph\">{\"@context\":\"https:\\\/\\\/schema.org\",\"@graph\":[{\"@type\":\"WebPage\",\"@id\":\"https:\\\/\\\/stellplatzinprag.com\\\/kontakt\\\/\",\"url\":\"https:\\\/\\\/stellplatzinprag.com\\\/kontakt\\\/\",\"name\":\"Kontakt - Bulliro Stellplatz Praha 6\",\"isPartOf\":{\"@id\":\"https:\\\/\\\/stellplatzinprag.com\\\/#website\"},\"primaryImageOfPage\":{\"@id\":\"https:\\\/\\\/stellplatzinprag.com\\\/kontakt\\\/#primaryimage\"},\"image\":{\"@id\":\"https:\\\/\\\/stellplatzinprag.com\\\/kontakt\\\/#primaryimage\"},\"thumbnailUrl\":\"https:\\\/\\\/stellplatzinprag.com\\\/wp-content\\\/uploads\\\/2021\\\/04\\\/qr.jpg\",\"datePublished\":\"2021-04-11T17:17:23+00:00\",\"dateModified\":\"2023-06-11T19:46:33+00:00\",\"breadcrumb\":{\"@id\":\"https:\\\/\\\/stellplatzinprag.com\\\/kontakt\\\/#breadcrumb\"},\"inLanguage\":\"de\",\"potentialAction\":[{\"@type\":\"ReadAction\",\"target\":[\"https:\\\/\\\/stellplatzinprag.com\\\/kontakt\\\/\"]}]},{\"@type\":\"ImageObject\",\"inLanguage\":\"de\",\"@id\":\"https:\\\/\\\/stellplatzinprag.com\\\/kontakt\\\/#primaryimage\",\"url\":\"https:\\\/\\\/stellplatzinprag.com\\\/wp-content\\\/uploads\\\/2021\\\/04\\\/qr.jpg\",\"contentUrl\":\"https:\\\/\\\/stellplatzinprag.com\\\/wp-content\\\/uploads\\\/2021\\\/04\\\/qr.jpg\"},{\"@type\":\"BreadcrumbList\",\"@id\":\"https:\\\/\\\/stellplatzinprag.com\\\/kontakt\\\/#breadcrumb\",\"itemListElement\":[{\"@type\":\"ListItem\",\"position\":1,\"name\":\"Dom\u016f\",\"item\":\"https:\\\/\\\/stellplatzinprag.com\\\/de\\\/reservierung\\\/\"},{\"@type\":\"ListItem\",\"position\":2,\"name\":\"Kontakt\"}]},{\"@type\":\"WebSite\",\"@id\":\"https:\\\/\\\/stellplatzinprag.com\\\/#website\",\"url\":\"https:\\\/\\\/stellplatzinprag.com\\\/\",\"name\":\"Bulliro Stellplatz Praha 6\",\"description\":\"Parkov\u00e1n\u00ed obytn\u00fdch automobil\u016f p\u0159i z\u00e1padn\u00edm okraji Prahy\",\"potentialAction\":[{\"@type\":\"SearchAction\",\"target\":{\"@type\":\"EntryPoint\",\"urlTemplate\":\"https:\\\/\\\/stellplatzinprag.com\\\/?s={search_term_string}\"},\"query-input\":{\"@type\":\"PropertyValueSpecification\",\"valueRequired\":true,\"valueName\":\"search_term_string\"}}],\"inLanguage\":\"de\"}]}<\/script>\n<!-- \/ Yoast SEO plugin. -->","yoast_head_json":{"title":"Kontakt - Bulliro Stellplatz Praha 6","robots":{"index":"index","follow":"follow","max-snippet":"max-snippet:-1","max-image-preview":"max-image-preview:large","max-video-preview":"max-video-preview:-1"},"canonical":"https:\/\/stellplatzinprag.com\/kontakt\/","og_locale":"de_DE","og_type":"article","og_title":"Kontakt - Bulliro Stellplatz Praha 6","og_description":"Kontakt, Karte, Transportverbindung&#8230; F\u00fcr Daten und Parkm\u00f6glichkeiten f\u00fcr Wohnmobile kontaktieren Sie uns bitte \u00fcber das Reservierungsformular oder die folgenden Kontakte: &nbsp; Rufen Sie uns an: +420 608 276 376 (CZ, DE) &#8211; Blanka Ane\u017eka Litterov\u00e1, Exekutive +420 602 396 398 &hellip; Continue reading &rarr;","og_url":"https:\/\/stellplatzinprag.com\/kontakt\/","og_site_name":"Bulliro Stellplatz Praha 6","article_modified_time":"2023-06-11T19:46:33+00:00","og_image":[{"url":"https:\/\/stellplatzinprag.com\/wp-content\/uploads\/2021\/04\/qr.jpg","type":"","width":"","height":""}],"twitter_card":"summary_large_image","twitter_misc":{"Gesch\u00e4tzte Lesezeit":"1\u00a0Minute"},"schema":{"@context":"https:\/\/schema.org","@graph":[{"@type":"WebPage","@id":"https:\/\/stellplatzinprag.com\/kontakt\/","url":"https:\/\/stellplatzinprag.com\/kontakt\/","name":"Kontakt - Bulliro Stellplatz Praha 6","isPartOf":{"@id":"https:\/\/stellplatzinprag.com\/#website"},"primaryImageOfPage":{"@id":"https:\/\/stellplatzinprag.com\/kontakt\/#primaryimage"},"image":{"@id":"https:\/\/stellplatzinprag.com\/kontakt\/#primaryimage"},"thumbnailUrl":"https:\/\/stellplatzinprag.com\/wp-content\/uploads\/2021\/04\/qr.jpg","datePublished":"2021-04-11T17:17:23+00:00","dateModified":"2023-06-11T19:46:33+00:00","breadcrumb":{"@id":"https:\/\/stellplatzinprag.com\/kontakt\/#breadcrumb"},"inLanguage":"de","potentialAction":[{"@type":"ReadAction","target":["https:\/\/stellplatzinprag.com\/kontakt\/"]}]},{"@type":"ImageObject","inLanguage":"de","@id":"https:\/\/stellplatzinprag.com\/kontakt\/#primaryimage","url":"https:\/\/stellplatzinprag.com\/wp-content\/uploads\/2021\/04\/qr.jpg","contentUrl":"https:\/\/stellplatzinprag.com\/wp-content\/uploads\/2021\/04\/qr.jpg"},{"@type":"BreadcrumbList","@id":"https:\/\/stellplatzinprag.com\/kontakt\/#breadcrumb","itemListElement":[{"@type":"ListItem","position":1,"name":"Dom\u016f","item":"https:\/\/stellplatzinprag.com\/de\/reservierung\/"},{"@type":"ListItem","position":2,"name":"Kontakt"}]},{"@type":"WebSite","@id":"https:\/\/stellplatzinprag.com\/#website","url":"https:\/\/stellplatzinprag.com\/","name":"Bulliro Stellplatz Praha 6","description":"Parkov\u00e1n\u00ed obytn\u00fdch automobil\u016f p\u0159i z\u00e1padn\u00edm okraji Prahy","potentialAction":[{"@type":"SearchAction","target":{"@type":"EntryPoint","urlTemplate":"https:\/\/stellplatzinprag.com\/?s={search_term_string}"},"query-input":{"@type":"PropertyValueSpecification","valueRequired":true,"valueName":"search_term_string"}}],"inLanguage":"de"}]}},"_links":{"self":[{"href":"https:\/\/stellplatzinprag.com\/de\/wp-json\/wp\/v2\/pages\/132","targetHints":{"allow":["GET"]}}],"collection":[{"href":"https:\/\/stellplatzinprag.com\/de\/wp-json\/wp\/v2\/pages"}],"about":[{"href":"https:\/\/stellplatzinprag.com\/de\/wp-json\/wp\/v2\/types\/page"}],"author":[{"embeddable":true,"href":"https:\/\/stellplatzinprag.com\/de\/wp-json\/wp\/v2\/users\/2"}],"replies":[{"embeddable":true,"href":"https:\/\/stellplatzinprag.com\/de\/wp-json\/wp\/v2\/comments?post=132"}],"version-history":[{"count":18,"href":"https:\/\/stellplatzinprag.com\/de\/wp-json\/wp\/v2\/pages\/132\/revisions"}],"predecessor-version":[{"id":1044,"href":"https:\/\/stellplatzinprag.com\/de\/wp-json\/wp\/v2\/pages\/132\/revisions\/1044"}],"wp:attachment":[{"href":"https:\/\/stellplatzinprag.com\/de\/wp-json\/wp\/v2\/media?parent=132"}],"curies":[{"name":"wp","href":"https:\/\/api.w.org\/{rel}","templated":true}]}}