{"id":1168,"date":"2024-07-30T13:01:22","date_gmt":"2024-07-30T11:01:22","guid":{"rendered":"https:\/\/stellplatzinprag.com\/pvp\/"},"modified":"2024-08-05T16:19:11","modified_gmt":"2024-08-05T14:19:11","slug":"pvp","status":"publish","type":"page","link":"https:\/\/stellplatzinprag.com\/de\/pvp\/","title":{"rendered":"Prague visitor pass"},"content":{"rendered":"<h1>Prague visitor pass<\/h1>\n<p style=\"text-align: justify;\">Begeben Sie sich auf eine abenteuerliche Reise durch \u00fcber 70 Erlebnisse und profitieren Sie von freien Eintritten oder g\u00fcnstigen Erm\u00e4\u00dfigungen. Der Prager Besucherpass ist die einzige offizielle Touristenkarte, mit der Sie einzigartige historische Denkm\u00e4ler, Museen und Galerien besuchen k\u00f6nnen. Sie k\u00f6nnen ihn aber auch f\u00fcr gef\u00fchrte Stadtrundfahrten, Segelfahrten auf der Moldau und unbegrenzte Fahrten durch ganz Prag, einschlie\u00dflich Transport von Prag, nutzen Flughafen und zur\u00fcck. Wir haben die ber\u00fchmtesten Prager Sehensw\u00fcrdigkeiten in die Liste der Attraktionen aufgenommen, die Sie mit der Karte besuchen k\u00f6nnen, und f\u00fcgen nach und nach weitere hinzu. Lassen Sie sich von unserer Auswahl inspirieren, denn Prag besteht nicht nur aus Karlsbr\u00fccke oder Prager Burg!<\/p>\n<p style=\"text-align: center;\">&nbsp;<\/p>\n<p style=\"text-align: center;\"><strong><span style=\"color: #ff0000;\">Scannen Sie den QR-Code, um 5 % Rabatt zu erhalten:<\/span><\/strong><\/p>\n<p><center><a href=\"https:\/\/stellplatzinprag.com\/wp-content\/uploads\/2024\/07\/6777_buliro_cs.png\"><img loading=\"lazy\" decoding=\"async\" class=\"aligncenter wp-image-1149 size-medium\" src=\"https:\/\/stellplatzinprag.com\/wp-content\/uploads\/2024\/07\/6777_buliro_cs-300x176.png\" alt=\"\" width=\"300\" height=\"176\" srcset=\"https:\/\/stellplatzinprag.com\/wp-content\/uploads\/2024\/07\/6777_buliro_cs-300x176.png 300w, https:\/\/stellplatzinprag.com\/wp-content\/uploads\/2024\/07\/6777_buliro_cs-1400x821.png 1400w, https:\/\/stellplatzinprag.com\/wp-content\/uploads\/2024\/07\/6777_buliro_cs-768x450.png 768w, https:\/\/stellplatzinprag.com\/wp-content\/uploads\/2024\/07\/6777_buliro_cs-1536x901.png 1536w, https:\/\/stellplatzinprag.com\/wp-content\/uploads\/2024\/07\/6777_buliro_cs-2048x1201.png 2048w\" sizes=\"auto, (max-width: 300px) 100vw, 300px\" \/><\/a><\/center><\/p>\n","protected":false},"excerpt":{"rendered":"<p>Prague visitor pass Begeben Sie sich auf eine abenteuerliche Reise durch \u00fcber 70 Erlebnisse und profitieren Sie von freien Eintritten oder g\u00fcnstigen Erm\u00e4\u00dfigungen. Der Prager Besucherpass ist die einzige offizielle Touristenkarte, mit der Sie einzigartige historische Denkm\u00e4ler, Museen und Galerien &hellip; <a href=\"https:\/\/stellplatzinprag.com\/de\/pvp\/\">Continue reading <span class=\"meta-nav\">&rarr;<\/span><\/a><\/p>\n","protected":false},"author":2,"featured_media":0,"parent":0,"menu_order":0,"comment_status":"closed","ping_status":"closed","template":"","meta":{"footnotes":""},"class_list":["post-1168","page","type-page","status-publish","hentry"],"yoast_head":"<!-- This site is optimized with the Yoast SEO plugin v27.4 - https:\/\/yoast.com\/product\/yoast-seo-wordpress\/ -->\n<title>Prague visitor pass - Bulliro Stellplatz Praha 6<\/title>\n<meta name=\"robots\" content=\"index, follow, max-snippet:-1, max-image-preview:large, max-video-preview:-1\" \/>\n<link rel=\"canonical\" href=\"https:\/\/stellplatzinprag.com\/de\/pvp\/\" \/>\n<meta property=\"og:locale\" content=\"de_DE\" \/>\n<meta property=\"og:type\" content=\"article\" \/>\n<meta property=\"og:title\" content=\"Prague visitor pass - Bulliro Stellplatz Praha 6\" \/>\n<meta property=\"og:description\" content=\"Prague visitor pass Begeben Sie sich auf eine abenteuerliche Reise durch \u00fcber 70 Erlebnisse und profitieren Sie von freien Eintritten oder g\u00fcnstigen Erm\u00e4\u00dfigungen. Der Prager Besucherpass ist die einzige offizielle Touristenkarte, mit der Sie einzigartige historische Denkm\u00e4ler, Museen und Galerien &hellip; Continue reading &rarr;\" \/>\n<meta property=\"og:url\" content=\"https:\/\/stellplatzinprag.com\/de\/pvp\/\" \/>\n<meta property=\"og:site_name\" content=\"Bulliro Stellplatz Praha 6\" \/>\n<meta property=\"article:modified_time\" content=\"2024-08-05T14:19:11+00:00\" \/>\n<meta property=\"og:image\" content=\"https:\/\/stellplatzinprag.com\/wp-content\/uploads\/2024\/07\/6777_buliro_cs-300x176.png\" \/>\n<meta name=\"twitter:card\" content=\"summary_large_image\" \/>\n<meta name=\"twitter:label1\" content=\"Gesch\u00e4tzte Lesezeit\" \/>\n\t<meta name=\"twitter:data1\" content=\"1\u00a0Minute\" \/>\n<script type=\"application\/ld+json\" class=\"yoast-schema-graph\">{\"@context\":\"https:\\\/\\\/schema.org\",\"@graph\":[{\"@type\":\"WebPage\",\"@id\":\"https:\\\/\\\/stellplatzinprag.com\\\/de\\\/pvp\\\/\",\"url\":\"https:\\\/\\\/stellplatzinprag.com\\\/de\\\/pvp\\\/\",\"name\":\"Prague visitor pass - Bulliro Stellplatz Praha 6\",\"isPartOf\":{\"@id\":\"https:\\\/\\\/stellplatzinprag.com\\\/#website\"},\"primaryImageOfPage\":{\"@id\":\"https:\\\/\\\/stellplatzinprag.com\\\/de\\\/pvp\\\/#primaryimage\"},\"image\":{\"@id\":\"https:\\\/\\\/stellplatzinprag.com\\\/de\\\/pvp\\\/#primaryimage\"},\"thumbnailUrl\":\"https:\\\/\\\/stellplatzinprag.com\\\/wp-content\\\/uploads\\\/2024\\\/07\\\/6777_buliro_cs-300x176.png\",\"datePublished\":\"2024-07-30T11:01:22+00:00\",\"dateModified\":\"2024-08-05T14:19:11+00:00\",\"breadcrumb\":{\"@id\":\"https:\\\/\\\/stellplatzinprag.com\\\/de\\\/pvp\\\/#breadcrumb\"},\"inLanguage\":\"de\",\"potentialAction\":[{\"@type\":\"ReadAction\",\"target\":[\"https:\\\/\\\/stellplatzinprag.com\\\/de\\\/pvp\\\/\"]}]},{\"@type\":\"ImageObject\",\"inLanguage\":\"de\",\"@id\":\"https:\\\/\\\/stellplatzinprag.com\\\/de\\\/pvp\\\/#primaryimage\",\"url\":\"https:\\\/\\\/stellplatzinprag.com\\\/wp-content\\\/uploads\\\/2024\\\/07\\\/6777_buliro_cs-300x176.png\",\"contentUrl\":\"https:\\\/\\\/stellplatzinprag.com\\\/wp-content\\\/uploads\\\/2024\\\/07\\\/6777_buliro_cs-300x176.png\"},{\"@type\":\"BreadcrumbList\",\"@id\":\"https:\\\/\\\/stellplatzinprag.com\\\/de\\\/pvp\\\/#breadcrumb\",\"itemListElement\":[{\"@type\":\"ListItem\",\"position\":1,\"name\":\"Dom\u016f\",\"item\":\"https:\\\/\\\/stellplatzinprag.com\\\/de\\\/reservierung\\\/\"},{\"@type\":\"ListItem\",\"position\":2,\"name\":\"Prague visitor pass\"}]},{\"@type\":\"WebSite\",\"@id\":\"https:\\\/\\\/stellplatzinprag.com\\\/#website\",\"url\":\"https:\\\/\\\/stellplatzinprag.com\\\/\",\"name\":\"Bulliro Stellplatz Praha 6\",\"description\":\"Parkov\u00e1n\u00ed obytn\u00fdch automobil\u016f p\u0159i z\u00e1padn\u00edm okraji Prahy\",\"potentialAction\":[{\"@type\":\"SearchAction\",\"target\":{\"@type\":\"EntryPoint\",\"urlTemplate\":\"https:\\\/\\\/stellplatzinprag.com\\\/?s={search_term_string}\"},\"query-input\":{\"@type\":\"PropertyValueSpecification\",\"valueRequired\":true,\"valueName\":\"search_term_string\"}}],\"inLanguage\":\"de\"}]}<\/script>\n<!-- \/ Yoast SEO plugin. -->","yoast_head_json":{"title":"Prague visitor pass - Bulliro Stellplatz Praha 6","robots":{"index":"index","follow":"follow","max-snippet":"max-snippet:-1","max-image-preview":"max-image-preview:large","max-video-preview":"max-video-preview:-1"},"canonical":"https:\/\/stellplatzinprag.com\/de\/pvp\/","og_locale":"de_DE","og_type":"article","og_title":"Prague visitor pass - Bulliro Stellplatz Praha 6","og_description":"Prague visitor pass Begeben Sie sich auf eine abenteuerliche Reise durch \u00fcber 70 Erlebnisse und profitieren Sie von freien Eintritten oder g\u00fcnstigen Erm\u00e4\u00dfigungen. Der Prager Besucherpass ist die einzige offizielle Touristenkarte, mit der Sie einzigartige historische Denkm\u00e4ler, Museen und Galerien &hellip; Continue reading &rarr;","og_url":"https:\/\/stellplatzinprag.com\/de\/pvp\/","og_site_name":"Bulliro Stellplatz Praha 6","article_modified_time":"2024-08-05T14:19:11+00:00","og_image":[{"url":"https:\/\/stellplatzinprag.com\/wp-content\/uploads\/2024\/07\/6777_buliro_cs-300x176.png","type":"","width":"","height":""}],"twitter_card":"summary_large_image","twitter_misc":{"Gesch\u00e4tzte Lesezeit":"1\u00a0Minute"},"schema":{"@context":"https:\/\/schema.org","@graph":[{"@type":"WebPage","@id":"https:\/\/stellplatzinprag.com\/de\/pvp\/","url":"https:\/\/stellplatzinprag.com\/de\/pvp\/","name":"Prague visitor pass - Bulliro Stellplatz Praha 6","isPartOf":{"@id":"https:\/\/stellplatzinprag.com\/#website"},"primaryImageOfPage":{"@id":"https:\/\/stellplatzinprag.com\/de\/pvp\/#primaryimage"},"image":{"@id":"https:\/\/stellplatzinprag.com\/de\/pvp\/#primaryimage"},"thumbnailUrl":"https:\/\/stellplatzinprag.com\/wp-content\/uploads\/2024\/07\/6777_buliro_cs-300x176.png","datePublished":"2024-07-30T11:01:22+00:00","dateModified":"2024-08-05T14:19:11+00:00","breadcrumb":{"@id":"https:\/\/stellplatzinprag.com\/de\/pvp\/#breadcrumb"},"inLanguage":"de","potentialAction":[{"@type":"ReadAction","target":["https:\/\/stellplatzinprag.com\/de\/pvp\/"]}]},{"@type":"ImageObject","inLanguage":"de","@id":"https:\/\/stellplatzinprag.com\/de\/pvp\/#primaryimage","url":"https:\/\/stellplatzinprag.com\/wp-content\/uploads\/2024\/07\/6777_buliro_cs-300x176.png","contentUrl":"https:\/\/stellplatzinprag.com\/wp-content\/uploads\/2024\/07\/6777_buliro_cs-300x176.png"},{"@type":"BreadcrumbList","@id":"https:\/\/stellplatzinprag.com\/de\/pvp\/#breadcrumb","itemListElement":[{"@type":"ListItem","position":1,"name":"Dom\u016f","item":"https:\/\/stellplatzinprag.com\/de\/reservierung\/"},{"@type":"ListItem","position":2,"name":"Prague visitor pass"}]},{"@type":"WebSite","@id":"https:\/\/stellplatzinprag.com\/#website","url":"https:\/\/stellplatzinprag.com\/","name":"Bulliro Stellplatz Praha 6","description":"Parkov\u00e1n\u00ed obytn\u00fdch automobil\u016f p\u0159i z\u00e1padn\u00edm okraji Prahy","potentialAction":[{"@type":"SearchAction","target":{"@type":"EntryPoint","urlTemplate":"https:\/\/stellplatzinprag.com\/?s={search_term_string}"},"query-input":{"@type":"PropertyValueSpecification","valueRequired":true,"valueName":"search_term_string"}}],"inLanguage":"de"}]}},"_links":{"self":[{"href":"https:\/\/stellplatzinprag.com\/de\/wp-json\/wp\/v2\/pages\/1168","targetHints":{"allow":["GET"]}}],"collection":[{"href":"https:\/\/stellplatzinprag.com\/de\/wp-json\/wp\/v2\/pages"}],"about":[{"href":"https:\/\/stellplatzinprag.com\/de\/wp-json\/wp\/v2\/types\/page"}],"author":[{"embeddable":true,"href":"https:\/\/stellplatzinprag.com\/de\/wp-json\/wp\/v2\/users\/2"}],"replies":[{"embeddable":true,"href":"https:\/\/stellplatzinprag.com\/de\/wp-json\/wp\/v2\/comments?post=1168"}],"version-history":[{"count":2,"href":"https:\/\/stellplatzinprag.com\/de\/wp-json\/wp\/v2\/pages\/1168\/revisions"}],"predecessor-version":[{"id":1170,"href":"https:\/\/stellplatzinprag.com\/de\/wp-json\/wp\/v2\/pages\/1168\/revisions\/1170"}],"wp:attachment":[{"href":"https:\/\/stellplatzinprag.com\/de\/wp-json\/wp\/v2\/media?parent=1168"}],"curies":[{"name":"wp","href":"https:\/\/api.w.org\/{rel}","templated":true}]}}