{"id":1004,"date":"2023-03-07T10:36:20","date_gmt":"2023-03-07T09:36:20","guid":{"rendered":"https:\/\/stellplatzinprag.com\/o-stellplatzu\/"},"modified":"2023-03-07T12:45:04","modified_gmt":"2023-03-07T11:45:04","slug":"o-stellplatzu","status":"publish","type":"page","link":"https:\/\/stellplatzinprag.com\/de\/o-stellplatzu\/","title":{"rendered":"\u00dcBER DEN STELLPLATZ"},"content":{"rendered":"<h1 style=\"text-align: left;\">Stellplatz in Prag 6 \u2013 Rezidence BULIRO<\/h1>\n<p>Unsere Familienfirma bietet Ihnen die M\u00f6glichkeit des Parkens von Wohnmobilen am westlichen Rand von Prag an. Wir setzten ein Jahr lang die Grundst\u00fccke ehemaliger Felder instand, die das kommunistische Regime bebauen wollte. Die Grundst\u00fccke wurden durch Abf\u00e4lle, Beton, Lager usw. zerst\u00f6rt.<\/p>\n<p>Was schufen wir? Urteilen Sie selber. Wir sind und werden kein Campingplatz, sondern ein sch\u00f6ner Stellplatz im Areal eines ehemaligen landwirtschaftlichen Anwesens, wo sich neben der M\u00f6glichkeit zu parken auch Gewerber\u00e4ume und Appartements befinden. Einfach gesagt, Parken im Park und Privatsph\u00e4re. Das gesamte Areal wurde nach und nach rekonstruiert und die Anlegung eines Parks war unser gro\u00dfer Wunsch. Wir sind keine Freunde des Bebauens von Gr\u00fcnfl\u00e4chen, sondern es geht uns um die Erhaltung von Gr\u00fcnanlagen und Wasser in der Landschaft mit der M\u00f6glichkeit der Nutzung f\u00fcr Sport und Erholung.<\/p>\n<p>Wir setzten im Jahr 2020 40 hochgewachsene B\u00e4ume und eine gro\u00dfe Menge von B\u00fcschen auf den Grundst\u00fccken, die zerst\u00f6rt waren. Nach einem deutschen Rezept erneuerten wir im gro\u00dfen Ma\u00df die Rasenfl\u00e4che. In K\u00fcrze werden Sie bei uns auch Sportger\u00e4te im Freien und sp\u00e4ter auch eine Sporttrainingsfl\u00e4che f\u00fcr Kinder, Jugendliche und Erwachsene finden.<\/p>\n<p>Bei Ihrem Besuch werden Sie beobachten k\u00f6nnen, wie es der Natur bei uns gut geht und es erfreut uns, wenn wir Sie wieder begr\u00fc\u00dfen k\u00f6nnen. Unser Vorzug ist die gute Erreichbarkeit nach Prag auf der Autobahn von Karlsbad oder Pilsen, auf dem Prager Ring, aber auch durch Prag durch den neuen Tunnel Blanka. Der V\u00e1clav-Havel-Flughafen in Ruzyn\u011b ist in unmittelbarer N\u00e4he.<\/p>\n<p>Da es sich um ein geschlossenes Privatareal handelt, muss man sich im Voraus anmelden, es gen\u00fcgt, eine Nachricht zu senden, wir melden uns zur\u00fcck.<\/p>\n<p style=\"text-align: right;\">Wir danken, Blanka Ane\u017eka Litterov\u00e1 a Anna Marie Litterov\u00e1<\/p>\n<p>&nbsp;<\/p>\n","protected":false},"excerpt":{"rendered":"<p>Stellplatz in Prag 6 \u2013 Rezidence BULIRO Unsere Familienfirma bietet Ihnen die M\u00f6glichkeit des Parkens von Wohnmobilen am westlichen Rand von Prag an. Wir setzten ein Jahr lang die Grundst\u00fccke ehemaliger Felder instand, die das kommunistische Regime bebauen wollte. Die &hellip; <a href=\"https:\/\/stellplatzinprag.com\/de\/o-stellplatzu\/\">Continue reading <span class=\"meta-nav\">&rarr;<\/span><\/a><\/p>\n","protected":false},"author":2,"featured_media":0,"parent":0,"menu_order":0,"comment_status":"closed","ping_status":"closed","template":"","meta":{"footnotes":""},"class_list":["post-1004","page","type-page","status-publish","hentry"],"yoast_head":"<!-- This site is optimized with the Yoast SEO plugin v27.4 - https:\/\/yoast.com\/product\/yoast-seo-wordpress\/ -->\n<title>\u00dcBER DEN STELLPLATZ - Bulliro Stellplatz Praha 6<\/title>\n<meta name=\"robots\" content=\"index, follow, max-snippet:-1, max-image-preview:large, max-video-preview:-1\" \/>\n<link rel=\"canonical\" href=\"https:\/\/stellplatzinprag.com\/o-stellplatzu\/\" \/>\n<meta property=\"og:locale\" content=\"de_DE\" \/>\n<meta property=\"og:type\" content=\"article\" \/>\n<meta property=\"og:title\" content=\"\u00dcBER DEN STELLPLATZ - Bulliro Stellplatz Praha 6\" \/>\n<meta property=\"og:description\" content=\"Stellplatz in Prag 6 \u2013 Rezidence BULIRO Unsere Familienfirma bietet Ihnen die M\u00f6glichkeit des Parkens von Wohnmobilen am westlichen Rand von Prag an. Wir setzten ein Jahr lang die Grundst\u00fccke ehemaliger Felder instand, die das kommunistische Regime bebauen wollte. Die &hellip; Continue reading &rarr;\" \/>\n<meta property=\"og:url\" content=\"https:\/\/stellplatzinprag.com\/o-stellplatzu\/\" \/>\n<meta property=\"og:site_name\" content=\"Bulliro Stellplatz Praha 6\" \/>\n<meta property=\"article:modified_time\" content=\"2023-03-07T11:45:04+00:00\" \/>\n<meta name=\"twitter:card\" content=\"summary_large_image\" \/>\n<meta name=\"twitter:label1\" content=\"Gesch\u00e4tzte Lesezeit\" \/>\n\t<meta name=\"twitter:data1\" content=\"2\u00a0Minuten\" \/>\n<script type=\"application\/ld+json\" class=\"yoast-schema-graph\">{\"@context\":\"https:\\\/\\\/schema.org\",\"@graph\":[{\"@type\":\"WebPage\",\"@id\":\"https:\\\/\\\/stellplatzinprag.com\\\/o-stellplatzu\\\/\",\"url\":\"https:\\\/\\\/stellplatzinprag.com\\\/o-stellplatzu\\\/\",\"name\":\"\u00dcBER DEN STELLPLATZ - Bulliro Stellplatz Praha 6\",\"isPartOf\":{\"@id\":\"https:\\\/\\\/stellplatzinprag.com\\\/#website\"},\"datePublished\":\"2023-03-07T09:36:20+00:00\",\"dateModified\":\"2023-03-07T11:45:04+00:00\",\"breadcrumb\":{\"@id\":\"https:\\\/\\\/stellplatzinprag.com\\\/o-stellplatzu\\\/#breadcrumb\"},\"inLanguage\":\"de\",\"potentialAction\":[{\"@type\":\"ReadAction\",\"target\":[\"https:\\\/\\\/stellplatzinprag.com\\\/o-stellplatzu\\\/\"]}]},{\"@type\":\"BreadcrumbList\",\"@id\":\"https:\\\/\\\/stellplatzinprag.com\\\/o-stellplatzu\\\/#breadcrumb\",\"itemListElement\":[{\"@type\":\"ListItem\",\"position\":1,\"name\":\"Dom\u016f\",\"item\":\"https:\\\/\\\/stellplatzinprag.com\\\/de\\\/reservierung\\\/\"},{\"@type\":\"ListItem\",\"position\":2,\"name\":\"\u00dcBER DEN STELLPLATZ\"}]},{\"@type\":\"WebSite\",\"@id\":\"https:\\\/\\\/stellplatzinprag.com\\\/#website\",\"url\":\"https:\\\/\\\/stellplatzinprag.com\\\/\",\"name\":\"Bulliro Stellplatz Praha 6\",\"description\":\"Parkov\u00e1n\u00ed obytn\u00fdch automobil\u016f p\u0159i z\u00e1padn\u00edm okraji Prahy\",\"potentialAction\":[{\"@type\":\"SearchAction\",\"target\":{\"@type\":\"EntryPoint\",\"urlTemplate\":\"https:\\\/\\\/stellplatzinprag.com\\\/?s={search_term_string}\"},\"query-input\":{\"@type\":\"PropertyValueSpecification\",\"valueRequired\":true,\"valueName\":\"search_term_string\"}}],\"inLanguage\":\"de\"}]}<\/script>\n<!-- \/ Yoast SEO plugin. -->","yoast_head_json":{"title":"\u00dcBER DEN STELLPLATZ - Bulliro Stellplatz Praha 6","robots":{"index":"index","follow":"follow","max-snippet":"max-snippet:-1","max-image-preview":"max-image-preview:large","max-video-preview":"max-video-preview:-1"},"canonical":"https:\/\/stellplatzinprag.com\/o-stellplatzu\/","og_locale":"de_DE","og_type":"article","og_title":"\u00dcBER DEN STELLPLATZ - Bulliro Stellplatz Praha 6","og_description":"Stellplatz in Prag 6 \u2013 Rezidence BULIRO Unsere Familienfirma bietet Ihnen die M\u00f6glichkeit des Parkens von Wohnmobilen am westlichen Rand von Prag an. Wir setzten ein Jahr lang die Grundst\u00fccke ehemaliger Felder instand, die das kommunistische Regime bebauen wollte. Die &hellip; Continue reading &rarr;","og_url":"https:\/\/stellplatzinprag.com\/o-stellplatzu\/","og_site_name":"Bulliro Stellplatz Praha 6","article_modified_time":"2023-03-07T11:45:04+00:00","twitter_card":"summary_large_image","twitter_misc":{"Gesch\u00e4tzte Lesezeit":"2\u00a0Minuten"},"schema":{"@context":"https:\/\/schema.org","@graph":[{"@type":"WebPage","@id":"https:\/\/stellplatzinprag.com\/o-stellplatzu\/","url":"https:\/\/stellplatzinprag.com\/o-stellplatzu\/","name":"\u00dcBER DEN STELLPLATZ - Bulliro Stellplatz Praha 6","isPartOf":{"@id":"https:\/\/stellplatzinprag.com\/#website"},"datePublished":"2023-03-07T09:36:20+00:00","dateModified":"2023-03-07T11:45:04+00:00","breadcrumb":{"@id":"https:\/\/stellplatzinprag.com\/o-stellplatzu\/#breadcrumb"},"inLanguage":"de","potentialAction":[{"@type":"ReadAction","target":["https:\/\/stellplatzinprag.com\/o-stellplatzu\/"]}]},{"@type":"BreadcrumbList","@id":"https:\/\/stellplatzinprag.com\/o-stellplatzu\/#breadcrumb","itemListElement":[{"@type":"ListItem","position":1,"name":"Dom\u016f","item":"https:\/\/stellplatzinprag.com\/de\/reservierung\/"},{"@type":"ListItem","position":2,"name":"\u00dcBER DEN STELLPLATZ"}]},{"@type":"WebSite","@id":"https:\/\/stellplatzinprag.com\/#website","url":"https:\/\/stellplatzinprag.com\/","name":"Bulliro Stellplatz Praha 6","description":"Parkov\u00e1n\u00ed obytn\u00fdch automobil\u016f p\u0159i z\u00e1padn\u00edm okraji Prahy","potentialAction":[{"@type":"SearchAction","target":{"@type":"EntryPoint","urlTemplate":"https:\/\/stellplatzinprag.com\/?s={search_term_string}"},"query-input":{"@type":"PropertyValueSpecification","valueRequired":true,"valueName":"search_term_string"}}],"inLanguage":"de"}]}},"_links":{"self":[{"href":"https:\/\/stellplatzinprag.com\/de\/wp-json\/wp\/v2\/pages\/1004","targetHints":{"allow":["GET"]}}],"collection":[{"href":"https:\/\/stellplatzinprag.com\/de\/wp-json\/wp\/v2\/pages"}],"about":[{"href":"https:\/\/stellplatzinprag.com\/de\/wp-json\/wp\/v2\/types\/page"}],"author":[{"embeddable":true,"href":"https:\/\/stellplatzinprag.com\/de\/wp-json\/wp\/v2\/users\/2"}],"replies":[{"embeddable":true,"href":"https:\/\/stellplatzinprag.com\/de\/wp-json\/wp\/v2\/comments?post=1004"}],"version-history":[{"count":2,"href":"https:\/\/stellplatzinprag.com\/de\/wp-json\/wp\/v2\/pages\/1004\/revisions"}],"predecessor-version":[{"id":1006,"href":"https:\/\/stellplatzinprag.com\/de\/wp-json\/wp\/v2\/pages\/1004\/revisions\/1006"}],"wp:attachment":[{"href":"https:\/\/stellplatzinprag.com\/de\/wp-json\/wp\/v2\/media?parent=1004"}],"curies":[{"name":"wp","href":"https:\/\/api.w.org\/{rel}","templated":true}]}}